{"id":489,"date":"2025-12-19T13:09:52","date_gmt":"2025-12-19T12:09:52","guid":{"rendered":"https:\/\/borgosgarabiarelais.it\/attractions\/"},"modified":"2026-03-19T10:59:24","modified_gmt":"2026-03-19T09:59:24","slug":"attractions","status":"publish","type":"page","link":"https:\/\/borgosgarabiarelais.it\/fr\/attractions\/","title":{"rendered":"Attractions"},"content":{"rendered":"<p>[et_pb_section fb_built=\u00a0\u00bb1&Prime; admin_label=\u00a0\u00bbFeatures\u00a0\u00bb _builder_version=\u00a0\u00bb4.27.5&Prime; _module_preset=\u00a0\u00bbdefault\u00a0\u00bb background_color=\u00a0\u00bb#FAF5EF\u00a0\u00bb custom_padding=\u00a0\u00bb24px|||||\u00a0\u00bb saved_tabs=\u00a0\u00bball\u00a0\u00bb locked=\u00a0\u00bboff\u00a0\u00bb collapsed=\u00a0\u00bboff\u00a0\u00bb global_colors_info=\u00a0\u00bb{}\u00a0\u00bb][et_pb_row _builder_version=\u00a0\u00bb4.27.4&Prime; _module_preset=\u00a0\u00bbdefault\u00a0\u00bb width=\u00a0\u00bb90%\u00a0\u00bb max_width=\u00a0\u00bb2560px\u00a0\u00bb global_colors_info=\u00a0\u00bb{}\u00a0\u00bb][et_pb_column type=\u00a0\u00bb4_4&Prime; _builder_version=\u00a0\u00bb4.17.6&Prime; _module_preset=\u00a0\u00bbdefault\u00a0\u00bb global_colors_info=\u00a0\u00bb{}\u00a0\u00bb][et_pb_text _builder_version=\u00a0\u00bb4.27.5&Prime; _module_preset=\u00a0\u00bbdefault\u00a0\u00bb text_font=\u00a0\u00bbNoto Serif||||||||\u00a0\u00bb text_text_color=\u00a0\u00bb#000000&Prime; text_font_size=\u00a0\u00bb30px\u00a0\u00bb text_line_height=\u00a0\u00bb1.3em\u00a0\u00bb custom_margin=\u00a0\u00bb0px||||false|false\u00a0\u00bb global_colors_info=\u00a0\u00bb{}\u00a0\u00bb]<\/p>\n<p class=\"p1\">Attractions aux alentours de Borgo Sgarab\u00eca<br \/><span style=\"font-size: x-large; color: #716259;\">Villages historiques, caves, fromageries, sentiers naturels et la l\u00e9gendaire Motor Valley : tout ce qui fait de l&rsquo;\u00c9milie une destination unique, facilement accessible depuis notre village.<\/span><\/p>\n<p>[\/et_pb_text][\/et_pb_column][\/et_pb_row][et_pb_row column_structure=\u00a0\u00bb1_2,1_2&Prime; _builder_version=\u00a0\u00bb4.27.4&Prime; _module_preset=\u00a0\u00bbdefault\u00a0\u00bb width=\u00a0\u00bb90%\u00a0\u00bb max_width=\u00a0\u00bb2560px\u00a0\u00bb custom_padding=\u00a0\u00bb||2px|||\u00a0\u00bb global_colors_info=\u00a0\u00bb{}\u00a0\u00bb][et_pb_column type=\u00a0\u00bb1_2&Prime; _builder_version=\u00a0\u00bb4.17.6&Prime; _module_preset=\u00a0\u00bbdefault\u00a0\u00bb global_colors_info=\u00a0\u00bb{}\u00a0\u00bb][et_pb_text _builder_version=\u00a0\u00bb4.24.2&Prime; _module_preset=\u00a0\u00bbdefault\u00a0\u00bb text_font=\u00a0\u00bbManrope||||||||\u00a0\u00bb text_text_color=\u00a0\u00bb#716259&Prime; text_font_size=\u00a0\u00bb15px\u00a0\u00bb header_font=\u00a0\u00bbNoto Serif||||||||\u00a0\u00bb header_4_font=\u00a0\u00bbNoto Serif|||on|||||\u00a0\u00bb header_4_text_color=\u00a0\u00bb#000000&Prime; global_colors_info=\u00a0\u00bb{}\u00a0\u00bb]<\/p>\n<h4 class=\"p1\">\ud83c\udf77 Gastronomie &amp; traditions locales<\/h4>\n<ul data-start=\"243\" data-end=\"729\">\n<li data-start=\"243\" data-end=\"295\">\n<p data-start=\"245\" data-end=\"295\">Visites guid\u00e9es des <strong data-start=\"265\" data-end=\"295\">vinaigriers historiques de Mod\u00e8ne<\/strong><\/p>\n<\/li>\n<li data-start=\"296\" data-end=\"344\">\n<p data-start=\"298\" data-end=\"344\">Visites des <strong data-start=\"308\" data-end=\"344\">fromageries de Parmigiano Reggiano<\/strong><\/p>\n<\/li>\n<li data-start=\"345\" data-end=\"398\">\n<p data-start=\"347\" data-end=\"398\">Visites des <strong data-start=\"355\" data-end=\"398\">ateliers de production de jambon et d&rsquo;artisanat<\/strong><\/p>\n<\/li>\n<li data-start=\"399\" data-end=\"470\">\n<p data-start=\"401\" data-end=\"470\">Visites et <strong data-start=\"410\" data-end=\"437\">d\u00e9gustations dans les caves<\/strong> des collines de Bologne et de Mod\u00e8ne<\/p>\n<\/li>\n<li data-start=\"471\" data-end=\"539\">\n<p data-start=\"473\" data-end=\"539\">D\u00e9gustations de produits typiques directement chez les producteurs locaux<\/p>\n<\/li>\n<li data-start=\"540\" data-end=\"621\">\n<p data-start=\"542\" data-end=\"621\"><strong data-start=\"542\" data-end=\"574\">Cours de cuisine traditionnelle<\/strong> (ex. p\u00e2tes faites \u00e0 la main avec une cuisini\u00e8re locale)<\/p>\n<\/li>\n<li data-start=\"622\" data-end=\"665\">\n<p data-start=\"624\" data-end=\"665\"><strong data-start=\"624\" data-end=\"642\">Pique-niques gourmets<\/strong> avec des produits locaux<\/p>\n<\/li>\n<li data-start=\"666\" data-end=\"692\">\n<p data-start=\"668\" data-end=\"692\"><strong data-start=\"668\" data-end=\"692\">Barbecues en plein air<\/strong><\/p>\n<\/li>\n<li data-start=\"693\" data-end=\"729\">\n<p data-start=\"695\" data-end=\"729\">D\u00eeners sp\u00e9ciaux avec <strong data-start=\"713\" data-end=\"729\">chef priv\u00e9<\/strong><\/p>\n<\/li>\n<\/ul>\n<h2 data-start=\"736\" data-end=\"771\"><\/h2>\n<h4 class=\"p1\">\ud83c\udfce\ufe0f Moteurs &amp; culture industrielle<\/h4>\n<ul>\n<li data-start=\"772\" data-end=\"807\">\n<p data-start=\"774\" data-end=\"807\">Exp\u00e9riences dans la <strong data-start=\"791\" data-end=\"807\">Motor Valley<\/strong><\/p>\n<\/li>\n<li data-start=\"808\" data-end=\"884\">\n<p data-start=\"810\" data-end=\"884\">Visites des <strong data-start=\"819\" data-end=\"843\">mus\u00e9es et usines<\/strong> de Ferrari, Lamborghini, Pagani et Ducati<\/p>\n<\/li>\n<\/ul>\n<h4 class=\"p1\"><\/h4>\n<h4 class=\"p1\">\ud83c\udfa8 Art, culture &amp; cr\u00e9ativit\u00e9<\/h4>\n<ul>\n<li data-start=\"1565\" data-end=\"1591\">\n<p data-start=\"1567\" data-end=\"1591\"><strong data-start=\"1567\" data-end=\"1591\">R\u00e9sidences artistiques<\/strong><\/p>\n<\/li>\n<li data-start=\"1592\" data-end=\"1617\">\n<p data-start=\"1594\" data-end=\"1617\"><strong data-start=\"1594\" data-end=\"1617\">S\u00e9jours litt\u00e9raires<\/strong><\/p>\n<\/li>\n<li data-start=\"1592\" data-end=\"1617\">\n<p data-start=\"1594\" data-end=\"1617\"><strong data-start=\"1594\" data-end=\"1617\"><\/strong><span style=\"font-size: 15px;\">Visites guid\u00e9es des <\/span><strong data-start=\"1716\" data-end=\"1744\" style=\"font-size: 15px;\">villages, ch\u00e2teaux et \u00e9glises<\/strong><\/p>\n<\/li>\n<li data-start=\"1745\" data-end=\"1786\">\n<p data-start=\"1747\" data-end=\"1786\">Visites culturelles \u00e0 <strong data-start=\"1766\" data-end=\"1786\">Mod\u00e8ne et Bologne<\/strong><\/p>\n<\/li>\n<\/ul>\n<p class=\"p1\">\n<p>[\/et_pb_text][\/et_pb_column][et_pb_column type=\u00a0\u00bb1_2&Prime; _builder_version=\u00a0\u00bb4.17.6&Prime; _module_preset=\u00a0\u00bbdefault\u00a0\u00bb global_colors_info=\u00a0\u00bb{}\u00a0\u00bb][et_pb_text _builder_version=\u00a0\u00bb4.24.2&Prime; _module_preset=\u00a0\u00bbdefault\u00a0\u00bb text_font=\u00a0\u00bbManrope||||||||\u00a0\u00bb text_text_color=\u00a0\u00bb#716259&Prime; text_font_size=\u00a0\u00bb15px\u00a0\u00bb header_4_font=\u00a0\u00bbManrope|700||on|||||\u00a0\u00bb header_4_text_color=\u00a0\u00bb#000000&Prime; custom_padding=\u00a0\u00bb||0px|||\u00a0\u00bb global_colors_info=\u00a0\u00bb{}\u00a0\u00bb]<\/p>\n<h4 class=\"p1\">\ud83c\udf3f Nature, plein air &amp; slow living<\/h4>\n<ul>\n<li data-start=\"927\" data-end=\"954\">\n<p data-start=\"929\" data-end=\"954\"><strong data-start=\"929\" data-end=\"941\">Randonn\u00e9es<\/strong> dans les environs<\/p>\n<\/li>\n<li data-start=\"955\" data-end=\"1020\">\n<p data-start=\"957\" data-end=\"1020\">Sentiers naturels dans le <strong data-start=\"984\" data-end=\"1020\">Parc des Sassi di Roccamalatina<\/strong><\/p>\n<\/li>\n<li data-start=\"1021\" data-end=\"1058\">\n<p data-start=\"1023\" data-end=\"1058\">Excursions aux <strong data-start=\"1039\" data-end=\"1058\">Gorges du Panaro<\/strong><\/p>\n<\/li>\n<li data-start=\"1059\" data-end=\"1105\">\n<p data-start=\"1061\" data-end=\"1105\">Itin\u00e9raires sur la <strong data-start=\"1077\" data-end=\"1105\">Route des Volcans de Boue<\/strong><\/p>\n<\/li>\n<li data-start=\"1106\" data-end=\"1153\">\n<p data-start=\"1108\" data-end=\"1153\"><strong data-start=\"1108\" data-end=\"1123\">Balades en v\u00e9lo \u00e9lectrique<\/strong> entre collines, villages et vignobles<\/p>\n<\/li>\n<li data-start=\"1154\" data-end=\"1178\">\n<p data-start=\"1156\" data-end=\"1178\">Promenades dans les bois<\/p>\n<\/li>\n<li data-start=\"1179\" data-end=\"1206\">\n<p data-start=\"1181\" data-end=\"1206\"><strong data-start=\"1181\" data-end=\"1206\">Promenades \u00e0 cheval<\/strong><\/p>\n<\/li>\n<li data-start=\"1207\" data-end=\"1261\">\n<p data-start=\"1209\" data-end=\"1261\">M\u00e9ditation dans la nature (petit lac, for\u00eat, jardins)<\/p>\n<\/li>\n<li data-start=\"1262\" data-end=\"1307\">\n<p data-start=\"1264\" data-end=\"1307\">Lecture et d\u00e9tente dans les espaces verts du village<\/p>\n<\/li>\n<\/ul>\n<h4 class=\"p1\">\ud83e\uddd8\u200d\u2640\ufe0f Bien-\u00eatre &amp; pratiques holistiques<\/h4>\n<ul>\n<li data-start=\"1354\" data-end=\"1398\">\n<p data-start=\"1356\" data-end=\"1398\"><strong data-start=\"1356\" data-end=\"1375\">Yoga en plein air<\/strong> (\u00e0 l&rsquo;aube ou dans la verdure)<\/p>\n<\/li>\n<li data-start=\"1399\" data-end=\"1420\">\n<p data-start=\"1401\" data-end=\"1420\">Retraites <strong data-start=\"1408\" data-end=\"1420\">holistiques<\/strong><\/p>\n<\/li>\n<li data-start=\"1421\" data-end=\"1463\">\n<p data-start=\"1423\" data-end=\"1463\">M\u00e9ditation et pratiques de pleine conscience<\/p>\n<\/li>\n<li data-start=\"1464\" data-end=\"1525\">\n<p data-start=\"1466\" data-end=\"1525\">S\u00e9jours r\u00e9g\u00e9n\u00e9rants ax\u00e9s sur la lenteur et le silence<\/p>\n<\/li>\n<\/ul>\n<p>[\/et_pb_text][\/et_pb_column][\/et_pb_row][\/et_pb_section][et_pb_section fb_built=\u00a0\u00bb1&Prime; admin_label=\u00a0\u00bbFeatures\u00a0\u00bb _builder_version=\u00a0\u00bb4.27.5&Prime; _module_preset=\u00a0\u00bbdefault\u00a0\u00bb background_color=\u00a0\u00bb#FFFFFF\u00a0\u00bb custom_padding=\u00a0\u00bb24px|||||\u00a0\u00bb saved_tabs=\u00a0\u00bball\u00a0\u00bb locked=\u00a0\u00bboff\u00a0\u00bb collapsed=\u00a0\u00bboff\u00a0\u00bb global_colors_info=\u00a0\u00bb{}\u00a0\u00bb][et_pb_row _builder_version=\u00a0\u00bb4.27.4&Prime; _module_preset=\u00a0\u00bbdefault\u00a0\u00bb width=\u00a0\u00bb90%\u00a0\u00bb max_width=\u00a0\u00bb2560px\u00a0\u00bb custom_padding=\u00a0\u00bb||2px|||\u00a0\u00bb global_colors_info=\u00a0\u00bb{}\u00a0\u00bb][et_pb_column type=\u00a0\u00bb4_4&Prime; _builder_version=\u00a0\u00bb4.17.6&Prime; _module_preset=\u00a0\u00bbdefault\u00a0\u00bb global_colors_info=\u00a0\u00bb{}\u00a0\u00bb][et_pb_text _builder_version=\u00a0\u00bb4.27.5&Prime; _module_preset=\u00a0\u00bbdefault\u00a0\u00bb text_font=\u00a0\u00bbNoto Serif||||||||\u00a0\u00bb text_text_color=\u00a0\u00bb#000000&Prime; text_font_size=\u00a0\u00bb32px\u00a0\u00bb text_line_height=\u00a0\u00bb1.3em\u00a0\u00bb header_2_font_size=\u00a0\u00bb35px\u00a0\u00bb custom_margin=\u00a0\u00bb||10px||false|false\u00a0\u00bb hover_enabled=\u00a0\u00bb0&Prime; text_font_size_tablet=\u00a0\u00bb32px\u00a0\u00bb text_font_size_phone=\u00a0\u00bb32px\u00a0\u00bb text_font_size_last_edited=\u00a0\u00bbon|phone\u00a0\u00bb global_colors_info=\u00a0\u00bb{}\u00a0\u00bb sticky_enabled=\u00a0\u00bb0&Prime;]<\/p>\n<p>Tout \u00e0 quelques minutes de Borgo Sgarab\u00eca<\/p>\n<p>[\/et_pb_text][et_pb_text _builder_version=\u00a0\u00bb4.27.5&Prime; _module_preset=\u00a0\u00bbdefault\u00a0\u00bb text_font=\u00a0\u00bbNoto Serif||||||||\u00a0\u00bb text_text_color=\u00a0\u00bb#000000&Prime; text_font_size=\u00a0\u00bb20px\u00a0\u00bb text_line_height=\u00a0\u00bb1.3em\u00a0\u00bb header_2_font_size=\u00a0\u00bb35px\u00a0\u00bb custom_margin=\u00a0\u00bb||33px||false|false\u00a0\u00bb global_colors_info=\u00a0\u00bb{}\u00a0\u00bb]<\/p>\n<p data-start=\"367\" data-end=\"462\">D\u00e9couvre \u00e0 quel point il est facile d&rsquo;atteindre les principaux centres d&rsquo;attraction en partant de notre B&amp;B.<\/p>\n<p>[\/et_pb_text][et_pb_text _builder_version=\u00a0\u00bb4.27.5&Prime; _module_preset=\u00a0\u00bbdefault\u00a0\u00bb text_font=\u00a0\u00bbNoto Serif||||||||\u00a0\u00bb text_font_size=\u00a0\u00bb16px\u00a0\u00bb global_colors_info=\u00a0\u00bb{}\u00a0\u00bb]<\/p>\n<p>  \u2022 Galerie Ferrari Maranello &#8211; 30 km<br \/>\u2022 Mus\u00e9e Enzo Ferrari MEF &#8211; 40 km<br \/>\u2022 Mus\u00e9e Ducati &#8211; 44 km<br \/>\u2022 Th\u00e9\u00e2tre municipal Pavarotti &#8211; 40 km<br \/>\u2022 Maison Luciano Pavarotti &#8211; 37 km<br \/>\u2022 Mus\u00e9e du Vinaigre Balsamique de Mod\u00e8ne 3 &#8211; 24 km<br \/>\u2022 Maison Vasco Rossi &#8211; 17 km<br \/>\u2022 Osteria Francescana &#8211; 40 km<\/p>\n<p>[\/et_pb_text][\/et_pb_column][\/et_pb_row][\/et_pb_section]<\/p>\n","protected":false},"excerpt":{"rendered":"<p>Attractions aux alentours de Borgo Sgarab\u00ecaVillages historiques, caves, fromageries, sentiers naturels et la l\u00e9gendaire Motor Valley : tout ce qui fait de l&rsquo;\u00c9milie une destination unique, facilement accessible depuis notre village.\ud83c\udf77 Gastronomie &amp; traditions locales Visites guid\u00e9es des vinaigriers historiques de Mod\u00e8ne Visites des fromageries de Parmigiano Reggiano Visites des ateliers de production de jambon [&hellip;]<\/p>\n","protected":false},"author":1,"featured_media":0,"parent":0,"menu_order":0,"comment_status":"closed","ping_status":"closed","template":"","meta":{"_et_pb_use_builder":"on","_et_pb_old_content":"","_et_gb_content_width":"","iawp_total_views":0,"footnotes":""},"class_list":["post-489","page","type-page","status-publish","hentry"],"_links":{"self":[{"href":"https:\/\/borgosgarabiarelais.it\/fr\/wp-json\/wp\/v2\/pages\/489","targetHints":{"allow":["GET"]}}],"collection":[{"href":"https:\/\/borgosgarabiarelais.it\/fr\/wp-json\/wp\/v2\/pages"}],"about":[{"href":"https:\/\/borgosgarabiarelais.it\/fr\/wp-json\/wp\/v2\/types\/page"}],"author":[{"embeddable":true,"href":"https:\/\/borgosgarabiarelais.it\/fr\/wp-json\/wp\/v2\/users\/1"}],"replies":[{"embeddable":true,"href":"https:\/\/borgosgarabiarelais.it\/fr\/wp-json\/wp\/v2\/comments?post=489"}],"version-history":[{"count":6,"href":"https:\/\/borgosgarabiarelais.it\/fr\/wp-json\/wp\/v2\/pages\/489\/revisions"}],"predecessor-version":[{"id":1169,"href":"https:\/\/borgosgarabiarelais.it\/fr\/wp-json\/wp\/v2\/pages\/489\/revisions\/1169"}],"wp:attachment":[{"href":"https:\/\/borgosgarabiarelais.it\/fr\/wp-json\/wp\/v2\/media?parent=489"}],"curies":[{"name":"wp","href":"https:\/\/api.w.org\/{rel}","templated":true}]}}