{"id":1845,"date":"2026-03-20T10:18:40","date_gmt":"2026-03-20T09:18:40","guid":{"rendered":"https:\/\/borgosgarabiarelais.it\/vivre-le-borgo\/"},"modified":"2026-04-11T21:03:17","modified_gmt":"2026-04-11T19:03:17","slug":"vivre-le-borgo","status":"publish","type":"page","link":"https:\/\/borgosgarabiarelais.it\/fr\/vivre-le-borgo\/","title":{"rendered":"VIVRE LE BORGO"},"content":{"rendered":"<p>[et_pb_section fb_built=\u00a0\u00bb1&Prime; admin_label=\u00a0\u00bbHeader\u00a0\u00bb _builder_version=\u00a0\u00bb4.27.6&Prime; _module_preset=\u00a0\u00bbdefault\u00a0\u00bb background_image=\u00a0\u00bbhttps:\/\/borgosgarabiarelais.it\/wp-content\/uploads\/2026\/03\/flo-p-pUor_oQHEG4-unsplash-scaled.jpg\u00a0\u00bb background_position=\u00a0\u00bbbottom_center\u00a0\u00bb background_vertical_offset=\u00a0\u00bb24%\u00a0\u00bb custom_padding=\u00a0\u00bb14px||116px|||\u00a0\u00bb locked=\u00a0\u00bboff\u00a0\u00bb collapsed=\u00a0\u00bbon\u00a0\u00bb global_colors_info=\u00a0\u00bb{}\u00a0\u00bb][et_pb_row _builder_version=\u00a0\u00bb4.27.5&Prime; _module_preset=\u00a0\u00bbdefault\u00a0\u00bb width=\u00a0\u00bb90%\u00a0\u00bb max_width=\u00a0\u00bb2560px\u00a0\u00bb global_colors_info=\u00a0\u00bb{}\u00a0\u00bb][et_pb_column type=\u00a0\u00bb4_4&Prime; _builder_version=\u00a0\u00bb4.22.0&Prime; _module_preset=\u00a0\u00bbdefault\u00a0\u00bb custom_padding=\u00a0\u00bb60px||60px||true|false\u00a0\u00bb custom_padding_tablet=\u00a0\u00bb0px||0px||true|false\u00a0\u00bb custom_padding_phone=\u00a0\u00bb0px||0px||true|false\u00a0\u00bb custom_padding_last_edited=\u00a0\u00bbon|desktop\u00a0\u00bb global_colors_info=\u00a0\u00bb{}\u00a0\u00bb][et_pb_text _builder_version=\u00a0\u00bb4.27.6&Prime; _module_preset=\u00a0\u00bbc79a7595-4993-4ea6-9ec4-09e08a53c0be\u00a0\u00bb header_text_color=\u00a0\u00bb#FFFFFF\u00a0\u00bb header_font_size=\u00a0\u00bb62px\u00a0\u00bb header_font_size_tablet=\u00a0\u00bb62px\u00a0\u00bb header_font_size_phone=\u00a0\u00bb48px\u00a0\u00bb header_font_size_last_edited=\u00a0\u00bbon|phone\u00a0\u00bb global_colors_info=\u00a0\u00bb{}\u00a0\u00bb]<\/p>\n<h1 style=\"text-align: center;\">Vivre le Borgo<\/h1>\n<p>[\/et_pb_text][\/et_pb_column][\/et_pb_row][\/et_pb_section][et_pb_section fb_built=\u00a0\u00bb1&Prime; admin_label=\u00a0\u00bbFeature\u00a0\u00bb _builder_version=\u00a0\u00bb4.27.6&Prime; _module_preset=\u00a0\u00bbdefault\u00a0\u00bb background_color=\u00a0\u00bb#f2ede4&Prime; background_enable_pattern_style=\u00a0\u00bbon\u00a0\u00bb background_pattern_style=\u00a0\u00bbpinwheel\u00a0\u00bb background_pattern_color=\u00a0\u00bbrgba(0,0,0,0.02)\u00a0\u00bb custom_margin=\u00a0\u00bb0px||0px||true|false\u00a0\u00bb custom_padding=\u00a0\u00bb0px||24px||false|false\u00a0\u00bb border_color_all=\u00a0\u00bb#c5b17a\u00a0\u00bb border_width_top=\u00a0\u00bb1px\u00a0\u00bb border_width_bottom=\u00a0\u00bb1px\u00a0\u00bb locked=\u00a0\u00bboff\u00a0\u00bb collapsed=\u00a0\u00bbon\u00a0\u00bb global_colors_info=\u00a0\u00bb{}\u00a0\u00bb][et_pb_row column_structure=\u00a0\u00bb1_2,1_2&Prime; _builder_version=\u00a0\u00bb4.27.6&Prime; _module_preset=\u00a0\u00bbdefault\u00a0\u00bb width=\u00a0\u00bb90%\u00a0\u00bb max_width=\u00a0\u00bb2560px\u00a0\u00bb global_colors_info=\u00a0\u00bb{}\u00a0\u00bb][et_pb_column type=\u00a0\u00bb1_2&Prime; _builder_version=\u00a0\u00bb4.24.2&Prime; _module_preset=\u00a0\u00bbdefault\u00a0\u00bb global_colors_info=\u00a0\u00bb{}\u00a0\u00bb][et_pb_text _builder_version=\u00a0\u00bb4.27.6&Prime; _module_preset=\u00a0\u00bb078abda9-5fbf-495a-aa0b-09dd4af1a1ca\u00a0\u00bb text_font_size=\u00a0\u00bb35px\u00a0\u00bb text_line_height=\u00a0\u00bb45.5px\u00a0\u00bb header_2_font_size=\u00a0\u00bb35px\u00a0\u00bb custom_margin=\u00a0\u00bb20px||10px||false|false\u00a0\u00bb header_2_font_size_phone=\u00a0\u00bb35px\u00a0\u00bb global_colors_info=\u00a0\u00bb{}\u00a0\u00bb]<\/p>\n<h2>Pas seulement s\u00e9journer, mais vivre une exp\u00e9rience<\/h2>\n<p>[\/et_pb_text][\/et_pb_column][et_pb_column type=\u00a0\u00bb1_2&Prime; _builder_version=\u00a0\u00bb4.27.6&Prime; _module_preset=\u00a0\u00bbdefault\u00a0\u00bb global_colors_info=\u00a0\u00bb{}\u00a0\u00bb][et_pb_text _builder_version=\u00a0\u00bb4.27.6&Prime; _module_preset=\u00a0\u00bb078abda9-5fbf-495a-aa0b-09dd4af1a1ca\u00a0\u00bb text_font=\u00a0\u00bbNoto Serif||||||||\u00a0\u00bb text_text_color=\u00a0\u00bb#331d01&Prime; text_font_size=\u00a0\u00bb15px\u00a0\u00bb text_line_height=\u00a0\u00bb27px\u00a0\u00bb header_2_font_size=\u00a0\u00bb35px\u00a0\u00bb custom_margin=\u00a0\u00bb30px||10px||false|false\u00a0\u00bb header_2_font_size_phone=\u00a0\u00bb35px\u00a0\u00bb inline_fonts=\u00a0\u00bbNoto Serif\u00a0\u00bb global_colors_info=\u00a0\u00bb{}\u00a0\u00bb]<\/p>\n<p><span style=\"font-size: medium;\"><span style=\"font-family: Noto Serif; color: #c49f38;\">Borgo Sgarab\u00eca n&rsquo;est pas seulement un lieu o\u00f9 dormir, mais un espace \u00e0 vivre. Ici le temps ralentit, les espaces invitent au partage et chaque s\u00e9jour peut se transformer en une exp\u00e9rience personnelle, construite autour des d\u00e9sirs des h\u00f4tes.<br \/><\/span><span style=\"font-family: Noto Serif; color: #c49f38;\">Des activit\u00e9s pour entreprises aux \u00e9v\u00e9nements priv\u00e9s, des moments de bien-\u00eatre aux exp\u00e9riences cr\u00e9atives et gastronomiques, le Borgo propose une hospitalit\u00e9 faite de gestes authentiques, d&rsquo;atmosph\u00e8res intimes et d&rsquo;activit\u00e9s pens\u00e9es pour rendre chaque s\u00e9jour unique.<\/span><\/span><\/p>\n<p>[\/et_pb_text][\/et_pb_column][\/et_pb_row][\/et_pb_section][et_pb_section fb_built=\u00a0\u00bb1&Prime; _builder_version=\u00a0\u00bb4.27.6&Prime; _module_preset=\u00a0\u00bbdefault\u00a0\u00bb global_colors_info=\u00a0\u00bb{}\u00a0\u00bb][et_pb_row column_structure=\u00a0\u00bb1_2,1_2&Prime; _builder_version=\u00a0\u00bb4.27.6&Prime; _module_preset=\u00a0\u00bbdefault\u00a0\u00bb width=\u00a0\u00bb90%\u00a0\u00bb max_width=\u00a0\u00bb2560px\u00a0\u00bb module_alignment=\u00a0\u00bbcenter\u00a0\u00bb custom_margin=\u00a0\u00bb|-74px||122px||\u00a0\u00bb custom_padding=\u00a0\u00bb|0px||0px||\u00a0\u00bb global_colors_info=\u00a0\u00bb{}\u00a0\u00bb][et_pb_column type=\u00a0\u00bb1_2&Prime; _builder_version=\u00a0\u00bb4.27.6&Prime; _module_preset=\u00a0\u00bbdefault\u00a0\u00bb global_colors_info=\u00a0\u00bb{}\u00a0\u00bb][et_pb_image src=\u00a0\u00bbhttps:\/\/borgosgarabiarelais.it\/wp-content\/uploads\/2026\/03\/AdobeStock_261687458-scaled.jpeg\u00a0\u00bb title_text=\u00a0\u00bbUn expert en vin tient un verre de vin, observe la robe et hume les ar\u00f4mes lors d\u2019une d\u00e9gustation\u00a0\u00bb _builder_version=\u00a0\u00bb4.27.6&Prime; _module_preset=\u00a0\u00bbdefault\u00a0\u00bb width=\u00a0\u00bb100%\u00a0\u00bb min_height=\u00a0\u00bb342px\u00a0\u00bb height=\u00a0\u00bb450px\u00a0\u00bb custom_padding=\u00a0\u00bb||0px|0px||\u00a0\u00bb hover_enabled=\u00a0\u00bb0&Prime; global_colors_info=\u00a0\u00bb{}\u00a0\u00bb sticky_enabled=\u00a0\u00bb0&Prime;][\/et_pb_image][et_pb_button button_url=\u00a0\u00bbhttps:\/\/borgosgarabiarelais.it\/esperienze\/\u00a0\u00bb url_new_window=\u00a0\u00bbon\u00a0\u00bb button_text=\u00a0\u00bbExp\u00e9riences\u00a0\u00bb _builder_version=\u00a0\u00bb4.27.6&Prime; _module_preset=\u00a0\u00bbdefault\u00a0\u00bb custom_button=\u00a0\u00bbon\u00a0\u00bb button_text_size=\u00a0\u00bb19px\u00a0\u00bb button_text_color=\u00a0\u00bb#000000&Prime; button_bg_color=\u00a0\u00bb#c5b17a\u00a0\u00bb button_border_width=\u00a0\u00bb0px\u00a0\u00bb button_border_radius=\u00a0\u00bb0px\u00a0\u00bb button_font=\u00a0\u00bbNoto Serif||||||||\u00a0\u00bb positioning=\u00a0\u00bbabsolute\u00a0\u00bb position_origin_a=\u00a0\u00bbcenter_center\u00a0\u00bb vertical_offset=\u00a0\u00bb175px\u00a0\u00bb custom_margin=\u00a0\u00bb||30px|||\u00a0\u00bb locked=\u00a0\u00bboff\u00a0\u00bb global_colors_info=\u00a0\u00bb{}\u00a0\u00bb][\/et_pb_button][\/et_pb_column][et_pb_column type=\u00a0\u00bb1_2&Prime; _builder_version=\u00a0\u00bb4.27.6&Prime; _module_preset=\u00a0\u00bbdefault\u00a0\u00bb global_colors_info=\u00a0\u00bb{}\u00a0\u00bb][et_pb_image src=\u00a0\u00bbhttps:\/\/borgosgarabiarelais.it\/wp-content\/uploads\/2026\/03\/giftcard1-scaled.jpeg\u00a0\u00bb title_text=\u00a0\u00bbVue d\u2019une table avec une enveloppe en vieux papier. Enveloppe de lettre vintage pos\u00e9e sur un vieux livre scell\u00e9 \u00e0 la cire, avec une plume et un encrier autour. \u00a0\u00bb _builder_version=\u00a0\u00bb4.27.6&Prime; _module_preset=\u00a0\u00bbdefault\u00a0\u00bb transform_scale_last_edited=\u00a0\u00bboff|desktop\u00a0\u00bb transform_translate_last_edited=\u00a0\u00bboff|desktop\u00a0\u00bb transform_rotate_last_edited=\u00a0\u00bboff|desktop\u00a0\u00bb transform_skew_last_edited=\u00a0\u00bboff|desktop\u00a0\u00bb transform_origin_last_edited=\u00a0\u00bboff|desktop\u00a0\u00bb transform_styles_last_edited=\u00a0\u00bboff|desktop\u00a0\u00bb height=\u00a0\u00bb450px\u00a0\u00bb hover_enabled=\u00a0\u00bb0&Prime; global_colors_info=\u00a0\u00bb{}\u00a0\u00bb sticky_enabled=\u00a0\u00bb0&Prime; min_height=\u00a0\u00bb342px\u00a0\u00bb][\/et_pb_image][et_pb_button button_url=\u00a0\u00bbhttps:\/\/borgosgarabiarelais.it\/fr\/carte-cadeau\/\u00a0\u00bb url_new_window=\u00a0\u00bbon\u00a0\u00bb button_text=\u00a0\u00bbCarte cadeau\u00a0\u00bb _builder_version=\u00a0\u00bb4.27.6&Prime; _module_preset=\u00a0\u00bbdefault\u00a0\u00bb custom_button=\u00a0\u00bbon\u00a0\u00bb button_text_size=\u00a0\u00bb19px\u00a0\u00bb button_text_color=\u00a0\u00bb#000000&Prime; button_bg_color=\u00a0\u00bb#c5b17a\u00a0\u00bb button_border_width=\u00a0\u00bb0px\u00a0\u00bb button_border_radius=\u00a0\u00bb0px\u00a0\u00bb button_font=\u00a0\u00bbNoto Serif||||||||\u00a0\u00bb positioning=\u00a0\u00bbabsolute\u00a0\u00bb position_origin_a=\u00a0\u00bbcenter_center\u00a0\u00bb custom_margin=\u00a0\u00bb||30px|||\u00a0\u00bb locked=\u00a0\u00bboff\u00a0\u00bb global_colors_info=\u00a0\u00bb{}\u00a0\u00bb][\/et_pb_button][\/et_pb_column][\/et_pb_row][\/et_pb_section]<\/p>\n","protected":false},"excerpt":{"rendered":"<p>Vivre le BorgoPas seulement s\u00e9journer, mais vivre une exp\u00e9rienceBorgo Sgarab\u00eca n&rsquo;est pas seulement un lieu o\u00f9 dormir, mais un espace \u00e0 vivre. Ici le temps ralentit, les espaces invitent au partage et chaque s\u00e9jour peut se transformer en une exp\u00e9rience personnelle, construite autour des d\u00e9sirs des h\u00f4tes.Des activit\u00e9s pour entreprises aux \u00e9v\u00e9nements priv\u00e9s, des moments [&hellip;]<\/p>\n","protected":false},"author":4,"featured_media":0,"parent":0,"menu_order":0,"comment_status":"closed","ping_status":"closed","template":"","meta":{"_et_pb_use_builder":"on","_et_pb_old_content":"","_et_gb_content_width":"","iawp_total_views":0,"footnotes":""},"class_list":["post-1845","page","type-page","status-publish","hentry"],"_links":{"self":[{"href":"https:\/\/borgosgarabiarelais.it\/fr\/wp-json\/wp\/v2\/pages\/1845","targetHints":{"allow":["GET"]}}],"collection":[{"href":"https:\/\/borgosgarabiarelais.it\/fr\/wp-json\/wp\/v2\/pages"}],"about":[{"href":"https:\/\/borgosgarabiarelais.it\/fr\/wp-json\/wp\/v2\/types\/page"}],"author":[{"embeddable":true,"href":"https:\/\/borgosgarabiarelais.it\/fr\/wp-json\/wp\/v2\/users\/4"}],"replies":[{"embeddable":true,"href":"https:\/\/borgosgarabiarelais.it\/fr\/wp-json\/wp\/v2\/comments?post=1845"}],"version-history":[{"count":2,"href":"https:\/\/borgosgarabiarelais.it\/fr\/wp-json\/wp\/v2\/pages\/1845\/revisions"}],"predecessor-version":[{"id":1848,"href":"https:\/\/borgosgarabiarelais.it\/fr\/wp-json\/wp\/v2\/pages\/1845\/revisions\/1848"}],"wp:attachment":[{"href":"https:\/\/borgosgarabiarelais.it\/fr\/wp-json\/wp\/v2\/media?parent=1845"}],"curies":[{"name":"wp","href":"https:\/\/api.w.org\/{rel}","templated":true}]}}