{"id":1784,"date":"2026-03-20T10:21:54","date_gmt":"2026-03-20T09:21:54","guid":{"rendered":"https:\/\/borgosgarabiarelais.it\/art-et-culture\/"},"modified":"2026-04-11T20:49:20","modified_gmt":"2026-04-11T18:49:20","slug":"art-et-culture","status":"publish","type":"page","link":"https:\/\/borgosgarabiarelais.it\/fr\/art-et-culture\/","title":{"rendered":"ART ET CULTURE"},"content":{"rendered":"<p>[et_pb_section fb_built=\u00a0\u00bb1&Prime; admin_label=\u00a0\u00bbHeader\u00a0\u00bb _builder_version=\u00a0\u00bb4.27.6&Prime; _module_preset=\u00a0\u00bbdefault\u00a0\u00bb use_background_color_gradient=\u00a0\u00bbon\u00a0\u00bb background_color_gradient_direction=\u00a0\u00bb133deg\u00a0\u00bb background_color_gradient_stops=\u00a0\u00bbrgba(0,0,0,0.43) 0%|rgba(0,0,0,0.25) 100%\u00a0\u00bb background_color_gradient_overlays_image=\u00a0\u00bbon\u00a0\u00bb background_image=\u00a0\u00bbhttps:\/\/borgosgarabiarelais.it\/wp-content\/uploads\/2026\/03\/artecultura_1-scaled.jpeg\u00a0\u00bb custom_padding=\u00a0\u00bb14px||116px|||\u00a0\u00bb locked=\u00a0\u00bboff\u00a0\u00bb collapsed=\u00a0\u00bbon\u00a0\u00bb global_colors_info=\u00a0\u00bb{}\u00a0\u00bb][et_pb_row _builder_version=\u00a0\u00bb4.27.5&Prime; _module_preset=\u00a0\u00bbdefault\u00a0\u00bb width=\u00a0\u00bb90%\u00a0\u00bb max_width=\u00a0\u00bb2560px\u00a0\u00bb global_colors_info=\u00a0\u00bb{}\u00a0\u00bb][et_pb_column type=\u00a0\u00bb4_4&Prime; _builder_version=\u00a0\u00bb4.22.0&Prime; _module_preset=\u00a0\u00bbdefault\u00a0\u00bb custom_padding=\u00a0\u00bb60px||60px||true|false\u00a0\u00bb custom_padding_tablet=\u00a0\u00bb0px||0px||true|false\u00a0\u00bb custom_padding_phone=\u00a0\u00bb0px||0px||true|false\u00a0\u00bb custom_padding_last_edited=\u00a0\u00bbon|desktop\u00a0\u00bb global_colors_info=\u00a0\u00bb{}\u00a0\u00bb][et_pb_text _builder_version=\u00a0\u00bb4.27.6&Prime; _module_preset=\u00a0\u00bbc79a7595-4993-4ea6-9ec4-09e08a53c0be\u00a0\u00bb header_text_color=\u00a0\u00bb#FFFFFF\u00a0\u00bb header_font_size=\u00a0\u00bb62px\u00a0\u00bb header_font_size_tablet=\u00a0\u00bb62px\u00a0\u00bb header_font_size_phone=\u00a0\u00bb48px\u00a0\u00bb header_font_size_last_edited=\u00a0\u00bbon|phone\u00a0\u00bb global_colors_info=\u00a0\u00bb{}\u00a0\u00bb]<\/p>\n<h1 style=\"text-align: center;\">Art et Culture<\/h1>\n<p>[\/et_pb_text][\/et_pb_column][\/et_pb_row][\/et_pb_section][et_pb_section fb_built=\u00a0\u00bb1&Prime; disabled_on=\u00a0\u00bboff|off|off\u00a0\u00bb admin_label=\u00a0\u00bbServices\u00a0\u00bb _builder_version=\u00a0\u00bb4.24.2&Prime; _module_preset=\u00a0\u00bbdefault\u00a0\u00bb background_color=\u00a0\u00bbrgba(51,23,16,0.44)\u00a0\u00bb custom_padding=\u00a0\u00bb2px||9px|||\u00a0\u00bb locked=\u00a0\u00bboff\u00a0\u00bb collapsed=\u00a0\u00bbon\u00a0\u00bb global_colors_info=\u00a0\u00bb{}\u00a0\u00bb][et_pb_row column_structure=\u00a0\u00bb1_2,1_2&Prime; _builder_version=\u00a0\u00bb4.27.4&Prime; _module_preset=\u00a0\u00bbdefault\u00a0\u00bb background_enable_color=\u00a0\u00bboff\u00a0\u00bb width=\u00a0\u00bb90%\u00a0\u00bb max_width=\u00a0\u00bb2560px\u00a0\u00bb custom_margin=\u00a0\u00bb0px||0px||false|false\u00a0\u00bb custom_padding=\u00a0\u00bb40px||40px||true|false\u00a0\u00bb locked=\u00a0\u00bboff\u00a0\u00bb global_colors_info=\u00a0\u00bb{}\u00a0\u00bb][et_pb_column type=\u00a0\u00bb1_2&Prime; _builder_version=\u00a0\u00bb4.17.6&Prime; _module_preset=\u00a0\u00bbdefault\u00a0\u00bb global_colors_info=\u00a0\u00bb{}\u00a0\u00bb][et_pb_text content_tablet=\u00a0\u00bbL\u2019\u00e2me des demeures<br \/>\nde Borgo Sgarab\u00eca\u00a0\u00bb content_phone=\u00a0\u00bbL\u2019\u00e2me des demeures<br \/>\nde Borgo Sgarab\u00eca\u00a0\u00bb content_last_edited=\u00a0\u00bbon|phone\u00a0\u00bb _builder_version=\u00a0\u00bb4.27.6&Prime; _module_preset=\u00a0\u00bbdefault\u00a0\u00bb text_text_color=\u00a0\u00bb#fffaf0&Prime; text_font_size=\u00a0\u00bb35px\u00a0\u00bb text_line_height=\u00a0\u00bb1.5em\u00a0\u00bb width=\u00a0\u00bb100%\u00a0\u00bb custom_margin=\u00a0\u00bb||21px|||\u00a0\u00bb text_font_size_tablet=\u00a0\u00bb35px\u00a0\u00bb text_font_size_phone=\u00a0\u00bb30px\u00a0\u00bb text_font_size_last_edited=\u00a0\u00bbon|phone\u00a0\u00bb locked=\u00a0\u00bboff\u00a0\u00bb global_colors_info=\u00a0\u00bb{}\u00a0\u00bb]<\/p>\n<p>Un patrimoine \u00e0 explorer entre villages, ch\u00e2teaux et villes d&rsquo;art<\/p>\n<p>[\/et_pb_text][\/et_pb_column][et_pb_column type=\u00a0\u00bb1_2&Prime; _builder_version=\u00a0\u00bb4.17.6&Prime; _module_preset=\u00a0\u00bbdefault\u00a0\u00bb global_colors_info=\u00a0\u00bb{}\u00a0\u00bb][et_pb_text _builder_version=\u00a0\u00bb4.27.6&Prime; _module_preset=\u00a0\u00bbdefault\u00a0\u00bb text_text_color=\u00a0\u00bb#fffaf0&Prime; text_line_height=\u00a0\u00bb1.8em\u00a0\u00bb width=\u00a0\u00bb100%\u00a0\u00bb inline_fonts=\u00a0\u00bbNoto Sans,Noto Serif\u00a0\u00bb global_colors_info=\u00a0\u00bb{}\u00a0\u00bb]<\/p>\n<p align=\"justify\" style=\"line-height: 116%; margin-bottom: 0.11in;\"><span style=\"font-family: Noto Serif;\">Le territoire autour de Borgo Sgarab\u00eca offre une extraordinaire concentration de lieux historiques et culturels parmi les plus appr\u00e9ci\u00e9s des visiteurs italiens et internationaux. En quelques kilom\u00e8tres, il est possible de passer de villages m\u00e9di\u00e9vaux parfaitement conserv\u00e9s \u00e0 des demeures ducales, de ch\u00e2teaux panoramiques \u00e0 des mus\u00e9es d&rsquo;importance nationale. <\/span><\/p>\n<p align=\"justify\" style=\"line-height: 116%; margin-bottom: 0.11in;\"><span style=\"font-family: Noto Serif;\">Le Borgo organise des itin\u00e9raires sur mesure et sugg\u00e8re des parcours s\u00e9lectionn\u00e9s pour permettre aux h\u00f4tes de d\u00e9couvrir les lieux embl\u00e9matiques de l&rsquo;histoire et de l&rsquo;art \u00e9miliens.<\/span><\/p>\n<p>[\/et_pb_text][\/et_pb_column][\/et_pb_row][\/et_pb_section][et_pb_section fb_built=\u00a0\u00bb1&Prime; _builder_version=\u00a0\u00bb4.27.6&Prime; _module_preset=\u00a0\u00bbdefault\u00a0\u00bb custom_padding=\u00a0\u00bb||56px|||\u00a0\u00bb border_width_top=\u00a0\u00bb1px\u00a0\u00bb border_color_top=\u00a0\u00bb#c5b17a\u00a0\u00bb border_width_bottom=\u00a0\u00bb1px\u00a0\u00bb border_color_bottom=\u00a0\u00bb#c5b17a\u00a0\u00bb locked=\u00a0\u00bboff\u00a0\u00bb global_colors_info=\u00a0\u00bb{}\u00a0\u00bb][et_pb_row column_structure=\u00a0\u00bb1_2,1_2&Prime; use_custom_gutter=\u00a0\u00bbon\u00a0\u00bb make_equal=\u00a0\u00bbon\u00a0\u00bb _builder_version=\u00a0\u00bb4.27.5&Prime; _module_preset=\u00a0\u00bbdefault\u00a0\u00bb width=\u00a0\u00bb90%\u00a0\u00bb max_width=\u00a0\u00bb2560px\u00a0\u00bb custom_padding=\u00a0\u00bb||46px|||\u00a0\u00bb global_colors_info=\u00a0\u00bb{}\u00a0\u00bb][et_pb_column type=\u00a0\u00bb1_2&Prime; _builder_version=\u00a0\u00bb4.24.2&Prime; _module_preset=\u00a0\u00bbdefault\u00a0\u00bb global_colors_info=\u00a0\u00bb{}\u00a0\u00bb][et_pb_image src=\u00a0\u00bbhttps:\/\/borgosgarabiarelais.it\/wp-content\/uploads\/2026\/03\/2_Borghi-storici.jpg\u00a0\u00bb title_text=\u00a0\u00bb2_Villages historiques\u00a0\u00bb _builder_version=\u00a0\u00bb4.27.6&Prime; _module_preset=\u00a0\u00bbdefault\u00a0\u00bb custom_margin=\u00a0\u00bb||10px|||\u00a0\u00bb global_colors_info=\u00a0\u00bb{}\u00a0\u00bb][\/et_pb_image][\/et_pb_column][et_pb_column type=\u00a0\u00bb1_2&Prime; _builder_version=\u00a0\u00bb4.24.2&Prime; _module_preset=\u00a0\u00bbdefault\u00a0\u00bb global_colors_info=\u00a0\u00bb{}\u00a0\u00bb][et_pb_text _builder_version=\u00a0\u00bb4.27.6&Prime; _module_preset=\u00a0\u00bb078abda9-5fbf-495a-aa0b-09dd4af1a1ca\u00a0\u00bb text_font=\u00a0\u00bbNoto Serif||||||||\u00a0\u00bb text_text_color=\u00a0\u00bb#aa8f59&Prime; text_font_size=\u00a0\u00bb19px\u00a0\u00bb header_2_font=\u00a0\u00bbNoto Serif|700|||||||\u00a0\u00bb header_2_text_color=\u00a0\u00bb#E09900&Prime; header_2_font_size=\u00a0\u00bb15px\u00a0\u00bb custom_margin=\u00a0\u00bb0px||0px||true|false\u00a0\u00bb custom_padding=\u00a0\u00bb0px||0px||true|false\u00a0\u00bb locked=\u00a0\u00bboff\u00a0\u00bb global_colors_info=\u00a0\u00bb{}\u00a0\u00bb]<\/p>\n<h2><span style=\"color: #aa8f59; font-family: Noto Serif; font-size: 19px;\">Villages historiques<\/span><\/h2>\n<p>[\/et_pb_text][et_pb_text _builder_version=\u00a0\u00bb4.27.6&Prime; _module_preset=\u00a0\u00bbdefault\u00a0\u00bb text_text_color=\u00a0\u00bb#000000&Prime; text_font_size=\u00a0\u00bb35px\u00a0\u00bb text_line_height=\u00a0\u00bb45.5px\u00a0\u00bb custom_margin=\u00a0\u00bb||29px||false|false\u00a0\u00bb global_colors_info=\u00a0\u00bb{}\u00a0\u00bb]<\/p>\n<h1>Se promener dans l&rsquo;histoire<\/h1>\n<p>[\/et_pb_text][et_pb_text _builder_version=\u00a0\u00bb4.27.6&Prime; _module_preset=\u00a0\u00bbdefault\u00a0\u00bb width=\u00a0\u00bb100%\u00a0\u00bb hover_enabled=\u00a0\u00bb0&Prime; inline_fonts=\u00a0\u00bbNoto Serif\u00a0\u00bb global_colors_info=\u00a0\u00bb{}\u00a0\u00bb sticky_enabled=\u00a0\u00bb0&Prime;]<\/p>\n<p align=\"justify\" style=\"line-height: 116%; margin-bottom: 0.11in;\"><span style=\"font-family: Noto Serif;\">Parmi les villages les plus appr\u00e9ci\u00e9s des visiteurs se distingue <b>Castelvetro di Modena<\/b>, avec ses remparts m\u00e9di\u00e9vaux, sa place en damier et ses vues sur les collines du Lambrusco.<\/span><\/p>\n<p align=\"justify\" style=\"line-height: 116%; margin-bottom: 0.11in;\"><span style=\"font-family: Noto Serif;\">Tr\u00e8s appr\u00e9ci\u00e9 \u00e9galement, <b>Dozza<\/b>, c\u00e9l\u00e8bre pour ses fresques murales qui transforment le centre historique en une galerie d&rsquo;art \u00e0 ciel ouvert, ainsi que pour la Rocca Sforzesca que l&rsquo;on peut visiter.<\/span><\/p>\n<p align=\"justify\" style=\"line-height: 116%; margin-bottom: 0.11in;\"><span style=\"font-family: Noto Serif;\">Parmi les destinations les plus suggestives se trouvent \u00e9galement <b>Vignola<\/b>, avec son centre historique et sa Rocca, et <b>Savignano sul Panaro<\/b>, point panoramique id\u00e9al pour d\u00e9couvrir les Apennins de Mod\u00e8ne.<\/span><\/p>\n<p align=\"justify\" style=\"line-height: 116%; margin-bottom: 0.11in;\"><span style=\"font-family: Noto Serif;\">Des lieux authentiques, parfaits pour des promenades relaxantes, des visites culturelles et des haltes gastronomiques.<\/span><\/p>\n<p>[\/et_pb_text][\/et_pb_column][\/et_pb_row][\/et_pb_section][et_pb_section fb_built=\u00a0\u00bb1&Prime; disabled_on=\u00a0\u00bboff|off|off\u00a0\u00bb _builder_version=\u00a0\u00bb4.27.6&Prime; _module_preset=\u00a0\u00bbdefault\u00a0\u00bb background_color=\u00a0\u00bb#fffaf0&Prime; custom_padding=\u00a0\u00bb||56px|||\u00a0\u00bb border_color_all=\u00a0\u00bb#E09900&Prime; border_width_bottom=\u00a0\u00bb1px\u00a0\u00bb locked=\u00a0\u00bboff\u00a0\u00bb global_colors_info=\u00a0\u00bb{}\u00a0\u00bb][et_pb_row column_structure=\u00a0\u00bb1_2,1_2&Prime; use_custom_gutter=\u00a0\u00bbon\u00a0\u00bb make_equal=\u00a0\u00bbon\u00a0\u00bb _builder_version=\u00a0\u00bb4.27.5&Prime; _module_preset=\u00a0\u00bbdefault\u00a0\u00bb width=\u00a0\u00bb90%\u00a0\u00bb max_width=\u00a0\u00bb2560px\u00a0\u00bb custom_padding=\u00a0\u00bb||8px|||\u00a0\u00bb global_colors_info=\u00a0\u00bb{}\u00a0\u00bb][et_pb_column type=\u00a0\u00bb1_2&Prime; _builder_version=\u00a0\u00bb4.24.2&Prime; _module_preset=\u00a0\u00bbdefault\u00a0\u00bb global_colors_info=\u00a0\u00bb{}\u00a0\u00bb][et_pb_text _builder_version=\u00a0\u00bb4.27.6&Prime; _module_preset=\u00a0\u00bb078abda9-5fbf-495a-aa0b-09dd4af1a1ca\u00a0\u00bb text_font=\u00a0\u00bbNoto Serif||||||||\u00a0\u00bb text_font_size=\u00a0\u00bb15px\u00a0\u00bb header_2_font=\u00a0\u00bbNoto Serif|700|||||||\u00a0\u00bb header_2_text_color=\u00a0\u00bb#E09900&Prime; header_2_font_size=\u00a0\u00bb15px\u00a0\u00bb custom_margin=\u00a0\u00bb0px||0px||true|false\u00a0\u00bb custom_padding=\u00a0\u00bb0px||0px||true|false\u00a0\u00bb locked=\u00a0\u00bboff\u00a0\u00bb global_colors_info=\u00a0\u00bb{}\u00a0\u00bb]<\/p>\n<p><strong><span style=\"color: #aa8f59; font-family: Noto Serif; font-size: 19px;\">Villas et Ch\u00e2teaux<\/span><\/strong><\/p>\n<p>[\/et_pb_text][et_pb_text _builder_version=\u00a0\u00bb4.27.6&Prime; _module_preset=\u00a0\u00bbdefault\u00a0\u00bb text_text_color=\u00a0\u00bb#000000&Prime; text_font_size=\u00a0\u00bb35px\u00a0\u00bb text_line_height=\u00a0\u00bb45.5px\u00a0\u00bb custom_margin=\u00a0\u00bb||29px||false|false\u00a0\u00bb global_colors_info=\u00a0\u00bb{}\u00a0\u00bb]<\/p>\n<h1>Forteresses m\u00e9di\u00e9vales et r\u00e9sidences locales<\/h1>\n<p>[\/et_pb_text][et_pb_text _builder_version=\u00a0\u00bb4.27.6&Prime; _module_preset=\u00a0\u00bbdefault\u00a0\u00bb width=\u00a0\u00bb100%\u00a0\u00bb custom_padding=\u00a0\u00bb||9px|||\u00a0\u00bb hover_enabled=\u00a0\u00bb0&Prime; inline_fonts=\u00a0\u00bbNoto Serif\u00a0\u00bb global_colors_info=\u00a0\u00bb{}\u00a0\u00bb sticky_enabled=\u00a0\u00bb0&Prime;]<\/p>\n<p align=\"justify\" style=\"line-height: 116%; margin-bottom: 0.11in;\"><span style=\"font-family: Noto Serif;\">Le territoire est riche en ch\u00e2teaux visitables et demeures historiques int\u00e9gr\u00e9s dans les principaux circuits touristiques r\u00e9gionaux.<\/span><\/p>\n<p align=\"justify\" style=\"line-height: 116%; margin-bottom: 0.11in;\"><span style=\"font-family: Noto Serif;\">Parmi les plus appr\u00e9ci\u00e9s des h\u00f4tes :<\/span><\/p>\n<ul>\n<li>\n<p align=\"justify\" style=\"line-height: 116%; margin-bottom: 0.11in;\"><span style=\"font-family: Noto Serif;\"><b>Palazzo Ducale de Sassuolo<\/b>, splendide r\u00e9sidence baroque des Este avec salles orn\u00e9es de fresques et jardins historiques<\/span><\/p>\n<\/li>\n<li>\n<p align=\"justify\" style=\"line-height: 116%; margin-bottom: 0.11in;\"><span style=\"font-family: Noto Serif;\"><b>Rocca de Vignola<\/b>, parmi les forteresses m\u00e9di\u00e9vales les mieux conserv\u00e9es d&rsquo;Italie<\/span><\/p>\n<\/li>\n<li>\n<p align=\"justify\" style=\"line-height: 116%; margin-bottom: 0.11in;\"><span style=\"font-family: Noto Serif;\"><b>Ch\u00e2teau de Spezzano<\/b>, avec mus\u00e9e de la c\u00e9ramique et vues sur les collines<\/span><\/p>\n<\/li>\n<li>\n<p align=\"justify\" style=\"line-height: 116%; margin-bottom: 0.11in;\"><span style=\"font-family: Noto Serif;\"><b>Rocca de Formigine<\/b>, aujourd&rsquo;hui espace mus\u00e9al immerg\u00e9 dans le centre historique<\/span><\/p>\n<\/li>\n<\/ul>\n<p align=\"justify\" style=\"line-height: 116%; margin-bottom: 0.11in;\"><span style=\"font-family: Noto Serif;\">Ces lieux permettent de traverser des si\u00e8cles d&rsquo;histoire, entre architecture militaire, faste nobiliaire et panoramas vallonn\u00e9s.<\/span><\/p>\n<p>[\/et_pb_text][\/et_pb_column][et_pb_column type=\u00a0\u00bb1_2&Prime; _builder_version=\u00a0\u00bb4.24.2&Prime; _module_preset=\u00a0\u00bbdefault\u00a0\u00bb global_colors_info=\u00a0\u00bb{}\u00a0\u00bb][et_pb_image src=\u00a0\u00bbhttps:\/\/borgosgarabiarelais.it\/wp-content\/uploads\/2026\/03\/3_Ville-e-castelli-scaled.jpeg\u00a0\u00bb title_text=\u00a0\u00bbSassuolo &#8211; Mod\u00e8ne &#8211; Fa\u00e7ade du b\u00e2timent du Palazzo Ducale ou Palais Ducal &#8211; monuments embl\u00e9matiques italiens\u00a0\u00bb _builder_version=\u00a0\u00bb4.27.6&Prime; _module_preset=\u00a0\u00bbdefault\u00a0\u00bb custom_margin=\u00a0\u00bb||10px|||\u00a0\u00bb global_colors_info=\u00a0\u00bb{}\u00a0\u00bb][\/et_pb_image][et_pb_image src=\u00a0\u00bbhttps:\/\/borgosgarabiarelais.it\/wp-content\/uploads\/2026\/03\/3_Ville-e-castelli2-scaled.jpeg\u00a0\u00bb title_text=\u00a0\u00bbCh\u00e2teau de Vignola, Mod\u00e8ne Italie\u00a0\u00bb disabled_on=\u00a0\u00bbon|on|off\u00a0\u00bb _builder_version=\u00a0\u00bb4.27.6&Prime; _module_preset=\u00a0\u00bbdefault\u00a0\u00bb transform_scale=\u00a0\u00bb88%|88%\u00a0\u00bb transform_translate=\u00a0\u00bb-109px|267px\u00a0\u00bb transform_origin=\u00a0\u00bb87%|63%\u00a0\u00bb positioning=\u00a0\u00bbabsolute\u00a0\u00bb width=\u00a0\u00bb52%\u00a0\u00bb global_colors_info=\u00a0\u00bb{}\u00a0\u00bb][\/et_pb_image][\/et_pb_column][\/et_pb_row][\/et_pb_section][et_pb_section fb_built=\u00a0\u00bb1&Prime; _builder_version=\u00a0\u00bb4.27.6&Prime; _module_preset=\u00a0\u00bbdefault\u00a0\u00bb custom_padding=\u00a0\u00bb||56px|||\u00a0\u00bb border_width_top=\u00a0\u00bb1px\u00a0\u00bb border_color_top=\u00a0\u00bb#c5b17a\u00a0\u00bb border_width_bottom=\u00a0\u00bb1px\u00a0\u00bb border_color_bottom=\u00a0\u00bb#c5b17a\u00a0\u00bb locked=\u00a0\u00bboff\u00a0\u00bb global_colors_info=\u00a0\u00bb{}\u00a0\u00bb][et_pb_row column_structure=\u00a0\u00bb1_2,1_2&Prime; use_custom_gutter=\u00a0\u00bbon\u00a0\u00bb make_equal=\u00a0\u00bbon\u00a0\u00bb _builder_version=\u00a0\u00bb4.27.5&Prime; _module_preset=\u00a0\u00bbdefault\u00a0\u00bb width=\u00a0\u00bb90%\u00a0\u00bb max_width=\u00a0\u00bb2560px\u00a0\u00bb custom_padding=\u00a0\u00bb||8px|||\u00a0\u00bb locked=\u00a0\u00bboff\u00a0\u00bb global_colors_info=\u00a0\u00bb{}\u00a0\u00bb][et_pb_column type=\u00a0\u00bb1_2&Prime; _builder_version=\u00a0\u00bb4.24.2&Prime; _module_preset=\u00a0\u00bbdefault\u00a0\u00bb global_colors_info=\u00a0\u00bb{}\u00a0\u00bb][et_pb_text _builder_version=\u00a0\u00bb4.27.6&Prime; _module_preset=\u00a0\u00bb078abda9-5fbf-495a-aa0b-09dd4af1a1ca\u00a0\u00bb header_2_font=\u00a0\u00bbNoto Serif|700|||||||\u00a0\u00bb header_2_text_color=\u00a0\u00bb#E09900&Prime; header_2_font_size=\u00a0\u00bb15px\u00a0\u00bb custom_margin=\u00a0\u00bb0px||0px||true|false\u00a0\u00bb custom_padding=\u00a0\u00bb0px||0px||true|false\u00a0\u00bb locked=\u00a0\u00bboff\u00a0\u00bb global_colors_info=\u00a0\u00bb{}\u00a0\u00bb]<\/p>\n<h2><span style=\"color: #aa8f59; font-family: Noto Serif; font-size: 19px\">Mus\u00e9es et parcours culturels<\/span><\/h2>\n<p>[\/et_pb_text][et_pb_text _builder_version=\u00a0\u00bb4.27.6&Prime; _module_preset=\u00a0\u00bbdefault\u00a0\u00bb text_text_color=\u00a0\u00bb#000000&Prime; text_font_size=\u00a0\u00bb36px\u00a0\u00bb text_line_height=\u00a0\u00bb45.5px\u00a0\u00bb custom_margin=\u00a0\u00bb||29px||false|false\u00a0\u00bb global_colors_info=\u00a0\u00bb{}\u00a0\u00bb]<\/p>\n<h1>Mus\u00e9es diffus, histoires locales et lieux authentiques \u00e0 d\u00e9couvrir<\/h1>\n<p>[\/et_pb_text][\/et_pb_column][et_pb_column type=\u00a0\u00bb1_2&Prime; _builder_version=\u00a0\u00bb4.24.2&Prime; _module_preset=\u00a0\u00bbdefault\u00a0\u00bb global_colors_info=\u00a0\u00bb{}\u00a0\u00bb][\/et_pb_column][\/et_pb_row][et_pb_row column_structure=\u00a0\u00bb1_2,1_2&Prime; use_custom_gutter=\u00a0\u00bbon\u00a0\u00bb make_equal=\u00a0\u00bbon\u00a0\u00bb _builder_version=\u00a0\u00bb4.27.6&Prime; _module_preset=\u00a0\u00bbdefault\u00a0\u00bb width=\u00a0\u00bb90%\u00a0\u00bb max_width=\u00a0\u00bb2560px\u00a0\u00bb custom_padding=\u00a0\u00bb||46px|||\u00a0\u00bb global_colors_info=\u00a0\u00bb{}\u00a0\u00bb][et_pb_column type=\u00a0\u00bb1_2&Prime; _builder_version=\u00a0\u00bb4.27.6&Prime; _module_preset=\u00a0\u00bbdefault\u00a0\u00bb global_colors_info=\u00a0\u00bb{}\u00a0\u00bb][et_pb_text _builder_version=\u00a0\u00bb4.27.6&Prime; _module_preset=\u00a0\u00bbdefault\u00a0\u00bb width=\u00a0\u00bb100%\u00a0\u00bb hover_enabled=\u00a0\u00bb0&Prime; inline_fonts=\u00a0\u00bbNoto Sans,Noto Serif\u00a0\u00bb global_colors_info=\u00a0\u00bb{}\u00a0\u00bb sticky_enabled=\u00a0\u00bb0&Prime;]<\/p>\n<p align=\"justify\" style=\"line-height: 116%; margin-bottom: 0.11in;\"><span style=\"font-family: Noto Serif;\">Ce sont des lieux souvent moins fr\u00e9quent\u00e9s, mais tr\u00e8s appr\u00e9ci\u00e9s de ceux qui recherchent des exp\u00e9riences culturelles intimes, authentiques et li\u00e9es \u00e0 l&rsquo;histoire locale.<\/span><\/p>\n<p align=\"justify\" style=\"line-height: 116%; margin-bottom: 0.11in;\"><span style=\"font-family: Noto Serif;\">Parmi les \u00e9tapes les plus int\u00e9ressantes :<\/span><\/p>\n<ul>\n<li>\n<p align=\"justify\" style=\"line-height: 116%; margin-bottom: 0.11in;\"><span style=\"font-family: Noto Serif;\"><b>Mus\u00e9e de la Rose Ancienne de Montagnana di Serramazzoni<\/b>, unique en Italie en son genre, immerg\u00e9 dans la verdure et d\u00e9di\u00e9 \u00e0 l&rsquo;histoire botanique et symbolique de la rose<\/span><\/p>\n<\/li>\n<li>\n<p align=\"justify\" style=\"line-height: 116%; margin-bottom: 0.11in;\"><span style=\"font-family: Noto Serif;\"><b>Mus\u00e9e Jardin de la Rose Ancienne<\/b> (le m\u00eame complexe, visit\u00e9 \u00e9galement pour le parc), tr\u00e8s appr\u00e9ci\u00e9 des visiteurs \u00e9trangers pour l&rsquo;atmosph\u00e8re romantique et paysag\u00e8re<\/span><\/p>\n<\/li>\n<li>\n<p align=\"justify\" style=\"line-height: 116%; margin-bottom: 0.11in;\"><span style=\"font-family: Noto Serif;\"><b>Mus\u00e9e de la C\u00e9ramique de Spezzano<\/b>, \u00e0 l&rsquo;int\u00e9rieur du ch\u00e2teau, qui raconte la tradition c\u00e9ramique locale avec installations et collections historiques<\/span><\/p>\n<\/li>\n<li>\n<p align=\"justify\" style=\"line-height: 116%; margin-bottom: 0.11in;\"><span style=\"font-family: Noto Serif;\"><b>Mus\u00e9e du Ch\u00e2taignier de Zocca<\/b>, d\u00e9di\u00e9 \u00e0 la civilisation paysanne des Apennins et aux traditions agricoles, destination tr\u00e8s appr\u00e9ci\u00e9e dans le tourisme slow<\/span><\/p>\n<\/li>\n<li>\n<p align=\"justify\" style=\"line-height: 116%; margin-bottom: 0.11in;\"><span style=\"font-family: Noto Serif;\"><b>\u00c9comus\u00e9e de la Colline et du Vin de Castello di Levizzano Rangone<\/b>, qui unit histoire, paysage et culture viticole dans un parcours immersif<\/span><span style=\"font-size: 15px; text-align: left;\"> <\/span><\/p>\n<\/li>\n<\/ul>\n<p>&nbsp;<\/p>\n<p>[\/et_pb_text][et_pb_image src=\u00a0\u00bbhttps:\/\/borgosgarabiarelais.it\/wp-content\/uploads\/2026\/03\/2_Borghi-storici.jpg\u00a0\u00bb title_text=\u00a0\u00bb2_Villages historiques\u00a0\u00bb _builder_version=\u00a0\u00bb4.27.6&Prime; _module_preset=\u00a0\u00bbdefault\u00a0\u00bb custom_margin=\u00a0\u00bb||10px|||\u00a0\u00bb global_colors_info=\u00a0\u00bb{}\u00a0\u00bb][\/et_pb_image][\/et_pb_column][et_pb_column type=\u00a0\u00bb1_2&Prime; _builder_version=\u00a0\u00bb4.27.6&Prime; _module_preset=\u00a0\u00bbdefault\u00a0\u00bb global_colors_info=\u00a0\u00bb{}\u00a0\u00bb][et_pb_text _builder_version=\u00a0\u00bb4.27.6&Prime; _module_preset=\u00a0\u00bbdefault\u00a0\u00bb width=\u00a0\u00bb100%\u00a0\u00bb custom_padding=\u00a0\u00bb||0px|||\u00a0\u00bb hover_enabled=\u00a0\u00bb0&Prime; locked=\u00a0\u00bboff\u00a0\u00bb inline_fonts=\u00a0\u00bbNoto Sans,Noto Serif\u00a0\u00bb global_colors_info=\u00a0\u00bb{}\u00a0\u00bb sticky_enabled=\u00a0\u00bb0&Prime;]<\/p>\n<ul>\n<li>\n<p align=\"justify\" style=\"line-height: 116%; margin-bottom: 0.11in;\"><span style=\"font-family: Noto Serif;\"><b>Maison-Mus\u00e9e d&rsquo;Enzo Ferrari \u00e0 Maranello (collections mineures et parcours locaux)<\/b>, souvent int\u00e9gr\u00e9e dans les circuits culturels plus approfondis sur l&rsquo;histoire du territoire<\/span><\/p>\n<\/li>\n<li>\n<p align=\"justify\" style=\"line-height: 116%; margin-bottom: 0.11in;\"><span style=\"font-family: Noto Serif;\"><b>Parcours historiques entre \u00e9glises romanes et oratoires ruraux<\/b>, diss\u00e9min\u00e9s dans les collines de Mod\u00e8ne, qui permettent de d\u00e9couvrir des architectures m\u00e9di\u00e9vales immerg\u00e9es dans le paysage<\/span><\/p>\n<\/li>\n<\/ul>\n<p align=\"justify\" style=\"line-height: 116%; margin-bottom: 0.11in;\"><span style=\"font-family: Noto Serif;\">Outre les mus\u00e9es, le territoire offre \u00e9galement des itin\u00e9raires culturels th\u00e9matiques tr\u00e8s demand\u00e9s par les visiteurs :<\/span><\/p>\n<ul>\n<li>\n<p align=\"justify\" style=\"line-height: 116%; margin-bottom: 0.11in;\"><span style=\"font-family: Noto Serif;\">parcours entre \u00e9glises et abbayes romanes<\/span><\/p>\n<\/li>\n<li>\n<p align=\"justify\" style=\"line-height: 116%; margin-bottom: 0.11in;\"><span style=\"font-family: Noto Serif;\">itin\u00e9raires entre villas historiques et r\u00e9sidences agricoles<\/span><\/p>\n<\/li>\n<li>\n<p align=\"justify\" style=\"line-height: 116%; margin-bottom: 0.11in;\"><span style=\"font-family: Noto Serif;\">chemins culturels entre villages vallonn\u00e9s et vignobles<\/span><\/p>\n<\/li>\n<li>\n<p align=\"justify\" style=\"line-height: 116%; margin-bottom: 0.11in;\"><span style=\"font-family: Noto Serif;\">\u00e9v\u00e9nements culturels saisonniers, expositions locales et festivals diffus<\/span><\/p>\n<\/li>\n<\/ul>\n<p align=\"justify\" style=\"line-height: 116%; margin-bottom: 0.11in;\"><span style=\"font-family: Noto Serif;\">Le Borgo peut organiser des visites guid\u00e9es, des itin\u00e9raires sur mesure ou sugg\u00e9rer des parcours personnalis\u00e9s pour permettre aux h\u00f4tes de d\u00e9couvrir ce r\u00e9seau de lieux moins connus mais extraordinairement riches en histoire, traditions et atmosph\u00e8res authentiques.<\/span><\/p>\n<p align=\"justify\" style=\"line-height: 116%; margin-bottom: 0.11in;\"><span style=\"font-family: Noto Serif;\">Une fa\u00e7on diff\u00e9rente de vivre la culture : plus intime, plus vraie.<\/span><\/p>\n<p>[\/et_pb_text][et_pb_image src=\u00a0\u00bbhttps:\/\/borgosgarabiarelais.it\/wp-content\/uploads\/2026\/03\/4_Musei-e-percorsi-cluturali-scaled.jpeg\u00a0\u00bb title_text=\u00a0\u00bbMod\u00e8ne, Italie, 25 mai 2014, MEF Mus\u00e9e Ferrari maison Enzo Ferrari et atelier m\u00e9canique, ext\u00e9rieur.\u00a0\u00bb _builder_version=\u00a0\u00bb4.27.6&Prime; _module_preset=\u00a0\u00bbdefault\u00a0\u00bb global_colors_info=\u00a0\u00bb{}\u00a0\u00bb][\/et_pb_image][\/et_pb_column][\/et_pb_row][\/et_pb_section]<\/p>\n","protected":false},"excerpt":{"rendered":"<p>Art et CultureUn patrimoine \u00e0 explorer entre villages, ch\u00e2teaux et villes d&rsquo;artLe territoire autour de Borgo Sgarab\u00eca offre une extraordinaire concentration de lieux historiques et culturels parmi les plus appr\u00e9ci\u00e9s des visiteurs italiens et internationaux. En quelques kilom\u00e8tres, il est possible de passer de villages m\u00e9di\u00e9vaux parfaitement conserv\u00e9s \u00e0 des demeures ducales, de ch\u00e2teaux panoramiques [&hellip;]<\/p>\n","protected":false},"author":4,"featured_media":0,"parent":0,"menu_order":0,"comment_status":"closed","ping_status":"closed","template":"","meta":{"_et_pb_use_builder":"on","_et_pb_old_content":"","_et_gb_content_width":"","iawp_total_views":0,"footnotes":""},"class_list":["post-1784","page","type-page","status-publish","hentry"],"_links":{"self":[{"href":"https:\/\/borgosgarabiarelais.it\/fr\/wp-json\/wp\/v2\/pages\/1784","targetHints":{"allow":["GET"]}}],"collection":[{"href":"https:\/\/borgosgarabiarelais.it\/fr\/wp-json\/wp\/v2\/pages"}],"about":[{"href":"https:\/\/borgosgarabiarelais.it\/fr\/wp-json\/wp\/v2\/types\/page"}],"author":[{"embeddable":true,"href":"https:\/\/borgosgarabiarelais.it\/fr\/wp-json\/wp\/v2\/users\/4"}],"replies":[{"embeddable":true,"href":"https:\/\/borgosgarabiarelais.it\/fr\/wp-json\/wp\/v2\/comments?post=1784"}],"version-history":[{"count":1,"href":"https:\/\/borgosgarabiarelais.it\/fr\/wp-json\/wp\/v2\/pages\/1784\/revisions"}],"predecessor-version":[{"id":1788,"href":"https:\/\/borgosgarabiarelais.it\/fr\/wp-json\/wp\/v2\/pages\/1784\/revisions\/1788"}],"wp:attachment":[{"href":"https:\/\/borgosgarabiarelais.it\/fr\/wp-json\/wp\/v2\/media?parent=1784"}],"curies":[{"name":"wp","href":"https:\/\/api.w.org\/{rel}","templated":true}]}}