{"id":1750,"date":"2026-03-20T10:21:40","date_gmt":"2026-03-20T09:21:40","guid":{"rendered":"https:\/\/borgosgarabiarelais.it\/nature\/"},"modified":"2026-04-11T20:47:44","modified_gmt":"2026-04-11T18:47:44","slug":"nature","status":"publish","type":"page","link":"https:\/\/borgosgarabiarelais.it\/fr\/nature\/","title":{"rendered":"NATURE"},"content":{"rendered":"<p>[et_pb_section fb_built=\u00a0\u00bb1&Prime; admin_label=\u00a0\u00bbHeader\u00a0\u00bb _builder_version=\u00a0\u00bb4.27.6&Prime; _module_preset=\u00a0\u00bbdefault\u00a0\u00bb use_background_color_gradient=\u00a0\u00bbon\u00a0\u00bb background_color_gradient_direction=\u00a0\u00bb133deg\u00a0\u00bb background_color_gradient_stops=\u00a0\u00bbrgba(0,0,0,0.43) 0%|rgba(0,0,0,0.25) 100%\u00a0\u00bb background_color_gradient_overlays_image=\u00a0\u00bbon\u00a0\u00bb background_image=\u00a0\u00bbhttps:\/\/borgosgarabiarelais.it\/wp-content\/uploads\/2026\/03\/natura1-scaled.jpeg\u00a0\u00bb custom_padding=\u00a0\u00bb14px||116px|||\u00a0\u00bb locked=\u00a0\u00bboff\u00a0\u00bb collapsed=\u00a0\u00bbon\u00a0\u00bb global_colors_info=\u00a0\u00bb{}\u00a0\u00bb][et_pb_row _builder_version=\u00a0\u00bb4.27.5&Prime; _module_preset=\u00a0\u00bbdefault\u00a0\u00bb width=\u00a0\u00bb90%\u00a0\u00bb max_width=\u00a0\u00bb2560px\u00a0\u00bb global_colors_info=\u00a0\u00bb{}\u00a0\u00bb][et_pb_column type=\u00a0\u00bb4_4&Prime; _builder_version=\u00a0\u00bb4.22.0&Prime; _module_preset=\u00a0\u00bbdefault\u00a0\u00bb custom_padding=\u00a0\u00bb60px||60px||true|false\u00a0\u00bb custom_padding_tablet=\u00a0\u00bb0px||0px||true|false\u00a0\u00bb custom_padding_phone=\u00a0\u00bb0px||0px||true|false\u00a0\u00bb custom_padding_last_edited=\u00a0\u00bbon|desktop\u00a0\u00bb global_colors_info=\u00a0\u00bb{}\u00a0\u00bb][et_pb_text _builder_version=\u00a0\u00bb4.27.6&Prime; _module_preset=\u00a0\u00bbc79a7595-4993-4ea6-9ec4-09e08a53c0be\u00a0\u00bb header_text_color=\u00a0\u00bb#FFFFFF\u00a0\u00bb header_font_size=\u00a0\u00bb62px\u00a0\u00bb header_font_size_tablet=\u00a0\u00bb62px\u00a0\u00bb header_font_size_phone=\u00a0\u00bb48px\u00a0\u00bb header_font_size_last_edited=\u00a0\u00bbon|phone\u00a0\u00bb global_colors_info=\u00a0\u00bb{}\u00a0\u00bb]<\/p>\n<h1 style=\"text-align: center;\">Nature<\/h1>\n<p>[\/et_pb_text][\/et_pb_column][\/et_pb_row][\/et_pb_section][et_pb_section fb_built=\u00a0\u00bb1&Prime; disabled_on=\u00a0\u00bboff|off|off\u00a0\u00bb admin_label=\u00a0\u00bbServices\u00a0\u00bb _builder_version=\u00a0\u00bb4.24.2&Prime; _module_preset=\u00a0\u00bbdefault\u00a0\u00bb background_color=\u00a0\u00bbrgba(51,23,16,0.44)\u00a0\u00bb custom_padding=\u00a0\u00bb2px||9px|||\u00a0\u00bb locked=\u00a0\u00bboff\u00a0\u00bb collapsed=\u00a0\u00bbon\u00a0\u00bb global_colors_info=\u00a0\u00bb{}\u00a0\u00bb][et_pb_row column_structure=\u00a0\u00bb1_2,1_2&Prime; _builder_version=\u00a0\u00bb4.27.4&Prime; _module_preset=\u00a0\u00bbdefault\u00a0\u00bb background_enable_color=\u00a0\u00bboff\u00a0\u00bb width=\u00a0\u00bb74.2%\u00a0\u00bb max_width=\u00a0\u00bb2560px\u00a0\u00bb custom_margin=\u00a0\u00bb0px|auto|-33px|auto|false|false\u00a0\u00bb custom_padding=\u00a0\u00bb41px||41px||true|false\u00a0\u00bb locked=\u00a0\u00bboff\u00a0\u00bb global_colors_info=\u00a0\u00bb{}\u00a0\u00bb][et_pb_column type=\u00a0\u00bb1_2&Prime; _builder_version=\u00a0\u00bb4.17.6&Prime; _module_preset=\u00a0\u00bbdefault\u00a0\u00bb global_colors_info=\u00a0\u00bb{}\u00a0\u00bb][et_pb_text content_tablet=\u00a0\u00bbL\u2019\u00e2me des demeures<br \/>\nde Borgo Sgarab\u00eca\u00a0\u00bb content_phone=\u00a0\u00bbL\u2019\u00e2me des demeures<br \/>\nde Borgo Sgarab\u00eca\u00a0\u00bb content_last_edited=\u00a0\u00bbon|phone\u00a0\u00bb _builder_version=\u00a0\u00bb4.27.6&Prime; _module_preset=\u00a0\u00bbdefault\u00a0\u00bb text_text_color=\u00a0\u00bb#fffaf0&Prime; text_font_size=\u00a0\u00bb35px\u00a0\u00bb text_line_height=\u00a0\u00bb1.5em\u00a0\u00bb width=\u00a0\u00bb100%\u00a0\u00bb custom_margin=\u00a0\u00bb||21px|||\u00a0\u00bb text_font_size_tablet=\u00a0\u00bb35px\u00a0\u00bb text_font_size_phone=\u00a0\u00bb30px\u00a0\u00bb text_font_size_last_edited=\u00a0\u00bbon|phone\u00a0\u00bb locked=\u00a0\u00bboff\u00a0\u00bb global_colors_info=\u00a0\u00bb{}\u00a0\u00bb]<\/p>\n<p>Des paysages \u00e0 parcourir, des silences \u00e0 \u00e9couter<\/p>\n<p>[\/et_pb_text][\/et_pb_column][et_pb_column type=\u00a0\u00bb1_2&Prime; _builder_version=\u00a0\u00bb4.17.6&Prime; _module_preset=\u00a0\u00bbdefault\u00a0\u00bb global_colors_info=\u00a0\u00bb{}\u00a0\u00bb][et_pb_text _builder_version=\u00a0\u00bb4.27.6&Prime; _module_preset=\u00a0\u00bbdefault\u00a0\u00bb text_text_color=\u00a0\u00bb#fffaf0&Prime; text_line_height=\u00a0\u00bb1.8em\u00a0\u00bb width=\u00a0\u00bb100%\u00a0\u00bb inline_fonts=\u00a0\u00bbNoto Sans,Noto Serif\u00a0\u00bb global_colors_info=\u00a0\u00bb{}\u00a0\u00bb]<\/p>\n<p align=\"justify\" style=\"line-height: 116%; margin-bottom: 0.11in;\"><span style=\"font-family: Noto Serif;\">Autour du Borgo s&rsquo;ouvre un territoire \u00e9tonnamment vari\u00e9 : collines douces couvertes de vignobles, for\u00eats de ch\u00e2taigniers, sentiers panoramiques, calanques, cr\u00eates des Apennins et villages suspendus dans la verdure.<br \/>C&rsquo;est une \u00c9milie diff\u00e9rente, plus intime et authentique, id\u00e9ale pour ceux qui souhaitent alterner culture et d\u00e9tente avec des moments actifs en pleine nature.<br \/>Le Borgo sugg\u00e8re et organise des parcours personnalis\u00e9s, des excursions guid\u00e9es et des activit\u00e9s de plein air pour vivre le paysage en toute saison.<\/span><\/p>\n<p>[\/et_pb_text][\/et_pb_column][\/et_pb_row][\/et_pb_section][et_pb_section fb_built=\u00a0\u00bb1&Prime; _builder_version=\u00a0\u00bb4.27.6&Prime; _module_preset=\u00a0\u00bbdefault\u00a0\u00bb custom_padding=\u00a0\u00bb||56px|||\u00a0\u00bb border_width_top=\u00a0\u00bb1px\u00a0\u00bb border_color_top=\u00a0\u00bb#c5b17a\u00a0\u00bb border_width_bottom=\u00a0\u00bb1px\u00a0\u00bb border_color_bottom=\u00a0\u00bb#c5b17a\u00a0\u00bb locked=\u00a0\u00bboff\u00a0\u00bb global_colors_info=\u00a0\u00bb{}\u00a0\u00bb][et_pb_row column_structure=\u00a0\u00bb1_2,1_2&Prime; use_custom_gutter=\u00a0\u00bbon\u00a0\u00bb make_equal=\u00a0\u00bbon\u00a0\u00bb _builder_version=\u00a0\u00bb4.27.5&Prime; _module_preset=\u00a0\u00bbdefault\u00a0\u00bb max_width=\u00a0\u00bb2503px\u00a0\u00bb custom_padding=\u00a0\u00bb||46px|||\u00a0\u00bb global_colors_info=\u00a0\u00bb{}\u00a0\u00bb][et_pb_column type=\u00a0\u00bb1_2&Prime; _builder_version=\u00a0\u00bb4.24.2&Prime; _module_preset=\u00a0\u00bbdefault\u00a0\u00bb global_colors_info=\u00a0\u00bb{}\u00a0\u00bb][et_pb_image src=\u00a0\u00bbhttps:\/\/borgosgarabiarelais.it\/wp-content\/uploads\/2026\/03\/2_Passeggiate-e-Trekking-scaled.jpeg\u00a0\u00bb title_text=\u00a0\u00bbCouple d&#039;\u00e2ge moyen actif en randonn\u00e9e\u00a0\u00bb align=\u00a0\u00bbcenter\u00a0\u00bb _builder_version=\u00a0\u00bb4.27.6&Prime; _module_preset=\u00a0\u00bbdefault\u00a0\u00bb width=\u00a0\u00bb69%\u00a0\u00bb custom_margin=\u00a0\u00bb||10px|||\u00a0\u00bb global_colors_info=\u00a0\u00bb{}\u00a0\u00bb][\/et_pb_image][\/et_pb_column][et_pb_column type=\u00a0\u00bb1_2&Prime; _builder_version=\u00a0\u00bb4.24.2&Prime; _module_preset=\u00a0\u00bbdefault\u00a0\u00bb global_colors_info=\u00a0\u00bb{}\u00a0\u00bb][et_pb_text _builder_version=\u00a0\u00bb4.27.6&Prime; _module_preset=\u00a0\u00bb078abda9-5fbf-495a-aa0b-09dd4af1a1ca\u00a0\u00bb header_2_font=\u00a0\u00bbNoto Serif|700|||||||\u00a0\u00bb header_2_text_color=\u00a0\u00bb#E09900&Prime; header_2_font_size=\u00a0\u00bb15px\u00a0\u00bb custom_margin=\u00a0\u00bb0px||0px||true|false\u00a0\u00bb custom_padding=\u00a0\u00bb0px||0px||true|false\u00a0\u00bb locked=\u00a0\u00bboff\u00a0\u00bb global_colors_info=\u00a0\u00bb{}\u00a0\u00bb]<\/p>\n<h2><span style=\"color: #aa8f59; font-family: Noto Serif; font-size: 19px\">Promenades et randonn\u00e9es<\/span><\/h2>\n<p>[\/et_pb_text][et_pb_text _builder_version=\u00a0\u00bb4.27.6&Prime; _module_preset=\u00a0\u00bbdefault\u00a0\u00bb text_text_color=\u00a0\u00bb#000000&Prime; text_font_size=\u00a0\u00bb35px\u00a0\u00bb text_line_height=\u00a0\u00bb45.5px\u00a0\u00bb custom_margin=\u00a0\u00bb|1px|29px||false|false\u00a0\u00bb global_colors_info=\u00a0\u00bb{}\u00a0\u00bb]<\/p>\n<h1>Entre for\u00eats, cr\u00eates et panoramas sur les Apennins<\/h1>\n<p>[\/et_pb_text][et_pb_text _builder_version=\u00a0\u00bb4.27.6&Prime; _module_preset=\u00a0\u00bbdefault\u00a0\u00bb width=\u00a0\u00bb96%\u00a0\u00bb hover_enabled=\u00a0\u00bb0&Prime; inline_fonts=\u00a0\u00bbNoto Serif\u00a0\u00bb global_colors_info=\u00a0\u00bb{}\u00a0\u00bb sticky_enabled=\u00a0\u00bb0&Prime;]<\/p>\n<p align=\"justify\" style=\"line-height: 116%; margin-bottom: 0.11in;\"><span style=\"font-family: Arial, sans-serif; font-size: 14px; text-align: left;\">Les amateurs de marche peuvent choisir parmi de nombreux sentiers balis\u00e9s, adapt\u00e9s aussi bien aux<br \/>promenades relaxantes qu&rsquo;aux randonn\u00e9es plus structur\u00e9es.<br \/>Parmi les parcours les plus appr\u00e9ci\u00e9s :<\/span><\/p>\n<ul>\n<li align=\"justify\" style=\"line-height: 116%;\"><span style=\"font-family: Arial, sans-serif; font-size: 14px; text-align: left;\">Les sentiers du Parc r\u00e9gional des Sassi di Roccamalatina, avec ses spectaculaires aiguilles rocheuses et ses panoramas ouverts sur les collines<\/span><\/li>\n<li align=\"justify\" style=\"line-height: 116%;\"><span style=\"font-family: Arial, sans-serif; font-size: 14px; text-align: left;\">Les itin\u00e9raires sur le Monte Cimone, destination embl\u00e9matique des Apennins de Mod\u00e8ne, parfaite pour les excursions estivales<\/span><\/li>\n<li align=\"justify\" style=\"line-height: 116%;\"><span style=\"font-family: Arial, sans-serif; font-size: 14px; text-align: left;\">Les chemins entre les ch\u00e2taigneraies de Zocca et Monteombraro, id\u00e9aux en automne<\/span><\/li>\n<li align=\"justify\" style=\"line-height: 116%;\"><span style=\"font-family: Arial, sans-serif; font-size: 14px; text-align: left;\">Les tron\u00e7ons du Chemin de San Geminiano, parcours historico-religieux qui traverse<br \/>des paysages ruraux et des villages<\/span><span style=\"font-family: Arial, sans-serif; font-size: 14px; text-align: left;\"><\/span><\/li>\n<\/ul>\n<p><span style=\"font-family: Arial, sans-serif; font-size: 14px; text-align: left;\">Ce sont des exp\u00e9riences qui allient nature, histoire et silence, parfaites pour se ressourcer et ralentir.<\/span><\/p>\n<p align=\"justify\" style=\"line-height: 116%; margin-bottom: 0.11in;\"><span style=\"font-family: Noto Serif;\"> <\/span><\/p>\n<p>[\/et_pb_text][\/et_pb_column][\/et_pb_row][\/et_pb_section][et_pb_section fb_built=\u00a0\u00bb1&Prime; _builder_version=\u00a0\u00bb4.27.6&Prime; _module_preset=\u00a0\u00bbdefault\u00a0\u00bb custom_padding=\u00a0\u00bb||56px|||\u00a0\u00bb border_width_top=\u00a0\u00bb1px\u00a0\u00bb border_color_top=\u00a0\u00bb#c5b17a\u00a0\u00bb border_width_bottom=\u00a0\u00bb1px\u00a0\u00bb border_color_bottom=\u00a0\u00bb#c5b17a\u00a0\u00bb locked=\u00a0\u00bboff\u00a0\u00bb global_colors_info=\u00a0\u00bb{}\u00a0\u00bb][et_pb_row column_structure=\u00a0\u00bb1_2,1_2&Prime; use_custom_gutter=\u00a0\u00bbon\u00a0\u00bb make_equal=\u00a0\u00bbon\u00a0\u00bb _builder_version=\u00a0\u00bb4.27.5&Prime; _module_preset=\u00a0\u00bbdefault\u00a0\u00bb max_width=\u00a0\u00bb2503px\u00a0\u00bb custom_padding=\u00a0\u00bb||46px|||\u00a0\u00bb global_colors_info=\u00a0\u00bb{}\u00a0\u00bb][et_pb_column type=\u00a0\u00bb1_2&Prime; _builder_version=\u00a0\u00bb4.24.2&Prime; _module_preset=\u00a0\u00bbdefault\u00a0\u00bb global_colors_info=\u00a0\u00bb{}\u00a0\u00bb][et_pb_text _builder_version=\u00a0\u00bb4.27.6&Prime; _module_preset=\u00a0\u00bb078abda9-5fbf-495a-aa0b-09dd4af1a1ca\u00a0\u00bb header_2_font=\u00a0\u00bbNoto Serif|700|||||||\u00a0\u00bb header_2_text_color=\u00a0\u00bb#E09900&Prime; header_2_font_size=\u00a0\u00bb15px\u00a0\u00bb custom_margin=\u00a0\u00bb0px||0px||true|false\u00a0\u00bb custom_padding=\u00a0\u00bb0px||0px||true|false\u00a0\u00bb locked=\u00a0\u00bboff\u00a0\u00bb global_colors_info=\u00a0\u00bb{}\u00a0\u00bb]<\/p>\n<h2><span style=\"color: #aa8f59; font-family: Noto Serif; font-size: 19px\">Parcours vallonn\u00e9s<\/span><\/h2>\n<p>[\/et_pb_text][et_pb_text _builder_version=\u00a0\u00bb4.27.6&Prime; _module_preset=\u00a0\u00bbdefault\u00a0\u00bb text_text_color=\u00a0\u00bb#000000&Prime; text_font_size=\u00a0\u00bb35px\u00a0\u00bb text_line_height=\u00a0\u00bb45.5px\u00a0\u00bb custom_margin=\u00a0\u00bb|1px|29px||false|false\u00a0\u00bb global_colors_info=\u00a0\u00bb{}\u00a0\u00bb]<\/p>\n<h1>Vignobles, routes panoramiques et vues intemporelles<\/h1>\n<p>[\/et_pb_text][et_pb_text _builder_version=\u00a0\u00bb4.27.6&Prime; _module_preset=\u00a0\u00bbdefault\u00a0\u00bb width=\u00a0\u00bb96%\u00a0\u00bb hover_enabled=\u00a0\u00bb0&Prime; inline_fonts=\u00a0\u00bbNoto Serif\u00a0\u00bb global_colors_info=\u00a0\u00bb{}\u00a0\u00bb sticky_enabled=\u00a0\u00bb0&Prime;]<\/p>\n<p><span style=\"font-family: Arial, sans-serif;\">Les collines autour du Borgo offrent des parcours id\u00e9aux pour des promenades l\u00e9g\u00e8res, des excursions en v\u00e9lo \u00e9lectrique ou des tours panoramiques en voiture.<br \/>Parmi les zones les plus suggestives :<\/span><\/p>\n<ul>\n<li align=\"justify\" style=\"line-height: 116%;\"><span style=\"font-family: Arial, sans-serif;\">les routes du Lambrusco entre Castelvetro di Modena et Levizzano Rangone<\/span><\/li>\n<li align=\"justify\" style=\"line-height: 116%;\"><span style=\"font-family: Arial, sans-serif;\">les panoramas ouverts vers la vall\u00e9e du Panaro<\/span><\/li>\n<li align=\"justify\" style=\"line-height: 116%;\"><span style=\"font-family: Arial, sans-serif;\">les collines entre Savignano sul Panaro et Vignola<\/span><\/li>\n<\/ul>\n<p><span style=\"font-family: Arial, sans-serif;\">Il s&rsquo;agit d&rsquo;itin\u00e9raires tr\u00e8s demand\u00e9s par les tour-op\u00e9rateurs qui proposent du tourisme slow, du cyclotourisme et des Wine experience, gr\u00e2ce \u00e0 la combinaison parfaite entre nature, villages et exploitations agricoles visitables.<br \/>Le Borgo peut organiser la location de v\u00e9los \u00e9lectriques, des tours guid\u00e9s ou sugg\u00e9rer des parcours personnalis\u00e9s pour tous les niveaux de pr\u00e9paration.<\/span><\/p>\n<p align=\"justify\" style=\"line-height: 116%; margin-bottom: 0.11in;\"><span style=\"font-family: Noto Serif;\"> <\/span><\/p>\n<p>[\/et_pb_text][\/et_pb_column][et_pb_column type=\u00a0\u00bb1_2&Prime; _builder_version=\u00a0\u00bb4.24.2&Prime; _module_preset=\u00a0\u00bbdefault\u00a0\u00bb global_colors_info=\u00a0\u00bb{}\u00a0\u00bb][et_pb_image src=\u00a0\u00bbhttps:\/\/borgosgarabiarelais.it\/wp-content\/uploads\/2026\/03\/3_Percorsi-collinari.jpg\u00a0\u00bb title_text=\u00a0\u00bb3_Parcours vallonn\u00e9s\u00a0\u00bb align=\u00a0\u00bbcenter\u00a0\u00bb _builder_version=\u00a0\u00bb4.27.6&Prime; _module_preset=\u00a0\u00bbdefault\u00a0\u00bb width=\u00a0\u00bb69%\u00a0\u00bb custom_margin=\u00a0\u00bb||10px|||\u00a0\u00bb global_colors_info=\u00a0\u00bb{}\u00a0\u00bb][\/et_pb_image][\/et_pb_column][\/et_pb_row][\/et_pb_section][et_pb_section fb_built=\u00a0\u00bb1&Prime; _builder_version=\u00a0\u00bb4.27.6&Prime; _module_preset=\u00a0\u00bbdefault\u00a0\u00bb background_color=\u00a0\u00bb#331710&Prime; custom_padding=\u00a0\u00bb||56px|||\u00a0\u00bb border_width_top=\u00a0\u00bb1px\u00a0\u00bb border_color_top=\u00a0\u00bb#c5b17a\u00a0\u00bb border_width_bottom=\u00a0\u00bb1px\u00a0\u00bb border_color_bottom=\u00a0\u00bb#c5b17a\u00a0\u00bb locked=\u00a0\u00bboff\u00a0\u00bb global_colors_info=\u00a0\u00bb{}\u00a0\u00bb][et_pb_row column_structure=\u00a0\u00bb1_2,1_2&Prime; use_custom_gutter=\u00a0\u00bbon\u00a0\u00bb make_equal=\u00a0\u00bbon\u00a0\u00bb _builder_version=\u00a0\u00bb4.27.5&Prime; _module_preset=\u00a0\u00bbdefault\u00a0\u00bb max_width=\u00a0\u00bb2503px\u00a0\u00bb custom_padding=\u00a0\u00bb||46px|||\u00a0\u00bb global_colors_info=\u00a0\u00bb{}\u00a0\u00bb][et_pb_column type=\u00a0\u00bb1_2&Prime; _builder_version=\u00a0\u00bb4.24.2&Prime; _module_preset=\u00a0\u00bbdefault\u00a0\u00bb global_colors_info=\u00a0\u00bb{}\u00a0\u00bb][et_pb_image src=\u00a0\u00bbhttps:\/\/borgosgarabiarelais.it\/wp-content\/uploads\/2026\/03\/4_Attivita-outdoor-stagionali-scaled.jpeg\u00a0\u00bb title_text=\u00a0\u00bbUn groupe de touristes \u00e0 cheval avec un instructeur pour une promenade.\u00a0\u00bb align=\u00a0\u00bbcenter\u00a0\u00bb _builder_version=\u00a0\u00bb4.27.6&Prime; _module_preset=\u00a0\u00bbdefault\u00a0\u00bb width=\u00a0\u00bb91.1%\u00a0\u00bb custom_margin=\u00a0\u00bb||10px|||\u00a0\u00bb global_colors_info=\u00a0\u00bb{}\u00a0\u00bb][\/et_pb_image][\/et_pb_column][et_pb_column type=\u00a0\u00bb1_2&Prime; _builder_version=\u00a0\u00bb4.24.2&Prime; _module_preset=\u00a0\u00bbdefault\u00a0\u00bb global_colors_info=\u00a0\u00bb{}\u00a0\u00bb][et_pb_text _builder_version=\u00a0\u00bb4.27.6&Prime; _module_preset=\u00a0\u00bb078abda9-5fbf-495a-aa0b-09dd4af1a1ca\u00a0\u00bb header_2_font=\u00a0\u00bbNoto Serif|700|||||||\u00a0\u00bb header_2_text_color=\u00a0\u00bb#E09900&Prime; header_2_font_size=\u00a0\u00bb15px\u00a0\u00bb custom_margin=\u00a0\u00bb0px||0px||true|false\u00a0\u00bb custom_padding=\u00a0\u00bb0px||0px||true|false\u00a0\u00bb locked=\u00a0\u00bboff\u00a0\u00bb global_colors_info=\u00a0\u00bb{}\u00a0\u00bb]<\/p>\n<h2><span style=\" font-family: Noto Serif; font-size: 19px\">Activit\u00e9s de plein air saisonni\u00e8res<\/h2>\n<p>[\/et_pb_text][et_pb_text _builder_version=\u00a0\u00bb4.27.6&Prime; _module_preset=\u00a0\u00bbdefault\u00a0\u00bb text_text_color=\u00a0\u00bb#FFFFFF\u00a0\u00bb text_font_size=\u00a0\u00bb35px\u00a0\u00bb text_line_height=\u00a0\u00bb45.5px\u00a0\u00bb custom_margin=\u00a0\u00bb|1px|29px||false|false\u00a0\u00bb global_colors_info=\u00a0\u00bb{}\u00a0\u00bb]<\/p>\n<p>Chaque saison a son exp\u00e9rience<\/p>\n<p>[\/et_pb_text][et_pb_text _builder_version=\u00a0\u00bb4.27.6&Prime; _module_preset=\u00a0\u00bbdefault\u00a0\u00bb text_text_color=\u00a0\u00bb#FFFFFF\u00a0\u00bb width=\u00a0\u00bb96%\u00a0\u00bb hover_enabled=\u00a0\u00bb0&Prime; inline_fonts=\u00a0\u00bbNoto Serif\u00a0\u00bb global_colors_info=\u00a0\u00bb{}\u00a0\u00bb sticky_enabled=\u00a0\u00bb0&Prime;]<\/p>\n<p align=\"justify\" style=\"line-height: 116%; margin-bottom: 0.11in;\"><span style=\"font-family: Arial, sans-serif;\">Le territoire change de visage au fil de l&rsquo;ann\u00e9e, offrant des activit\u00e9s diff\u00e9rentes selon la saison.<\/span><\/p>\n<h3 align=\"justify\" style=\"line-height: 116%; margin-bottom: 0.11in;\"><span style=\"font-family: Arial, sans-serif;\"><br \/><span style=\"color: #ff9900;\">Printemps et \u00e9t\u00e9<\/span><\/span><\/h3>\n<ul>\n<li align=\"justify\" style=\"line-height: 116%;\"><span style=\"font-family: Arial, sans-serif;\">randonn\u00e9es panoramiques<\/span><\/li>\n<li align=\"justify\" style=\"line-height: 116%;\"><span style=\"font-family: Arial, sans-serif;\">excursions \u00e0 cheval<\/span><\/li>\n<li align=\"justify\" style=\"line-height: 116%;\"><span style=\"font-family: Arial, sans-serif;\">tours en v\u00e9lo \u00e9lectrique entre les vignobles<\/span><\/li>\n<li align=\"justify\" style=\"line-height: 116%;\"><span style=\"font-family: Arial, sans-serif;\">pique-niques gourmets en pleine nature<\/span><\/li>\n<li align=\"justify\" style=\"line-height: 116%;\"><span style=\"font-family: Arial, sans-serif;\">journ\u00e9es au Lago della Ninfa sur le Monte Cimone<\/span><span style=\"font-family: Arial, sans-serif;\"><\/span><\/li>\n<\/ul>\n<h3><span style=\"font-family: Arial, sans-serif; color: #ff9900;\">Automne<\/span><\/h3>\n<ul>\n<li><span style=\"font-family: Arial, sans-serif;\">promenades dans les ch\u00e2taigneraies<\/span><\/li>\n<li><span style=\"font-family: Arial, sans-serif;\">cueillette des ch\u00e2taignes<\/span><\/li>\n<li><span style=\"font-family: Arial, sans-serif;\">feuillages dans les for\u00eats des Apennins<\/span><\/li>\n<li><span style=\"font-family: Arial, sans-serif;\">exp\u00e9riences li\u00e9es aux vendanges<\/span><span style=\"font-family: Arial, sans-serif;\"><\/span><\/li>\n<\/ul>\n<h3><span style=\"font-family: Arial, sans-serif; color: #ff9900;\">Hiver<\/span><\/h3>\n<ul>\n<li><span style=\"font-family: Arial, sans-serif;\">raquettes et ski sur le Monte Cimone<\/span><\/li>\n<li><span style=\"font-family: Arial, sans-serif;\">excursions dans les for\u00eats enneig\u00e9es<\/span><\/li>\n<li><span style=\"font-family: Arial, sans-serif;\">journ\u00e9es bien-\u00eatre associ\u00e9es \u00e0 la montagne<br \/><\/span><\/li>\n<\/ul>\n<p><span style=\"font-family: Arial, sans-serif;\">Le Borgo peut cr\u00e9er des programmes sur mesure pour couples, familles ou petits groupes, en combinant nature, gastronomie et d\u00e9tente.<\/span><\/p>\n<p>[\/et_pb_text][\/et_pb_column][\/et_pb_row][\/et_pb_section]<\/p>\n","protected":false},"excerpt":{"rendered":"<p>NatureDes paysages \u00e0 parcourir, des silences \u00e0 \u00e9couterAutour du Borgo s&rsquo;ouvre un territoire \u00e9tonnamment vari\u00e9 : collines douces couvertes de vignobles, for\u00eats de ch\u00e2taigniers, sentiers panoramiques, calanques, cr\u00eates des Apennins et villages suspendus dans la verdure.C&rsquo;est une \u00c9milie diff\u00e9rente, plus intime et authentique, id\u00e9ale pour ceux qui souhaitent alterner culture et d\u00e9tente avec des moments [&hellip;]<\/p>\n","protected":false},"author":4,"featured_media":0,"parent":0,"menu_order":0,"comment_status":"closed","ping_status":"closed","template":"","meta":{"_et_pb_use_builder":"on","_et_pb_old_content":"","_et_gb_content_width":"","iawp_total_views":0,"footnotes":""},"class_list":["post-1750","page","type-page","status-publish","hentry"],"_links":{"self":[{"href":"https:\/\/borgosgarabiarelais.it\/fr\/wp-json\/wp\/v2\/pages\/1750","targetHints":{"allow":["GET"]}}],"collection":[{"href":"https:\/\/borgosgarabiarelais.it\/fr\/wp-json\/wp\/v2\/pages"}],"about":[{"href":"https:\/\/borgosgarabiarelais.it\/fr\/wp-json\/wp\/v2\/types\/page"}],"author":[{"embeddable":true,"href":"https:\/\/borgosgarabiarelais.it\/fr\/wp-json\/wp\/v2\/users\/4"}],"replies":[{"embeddable":true,"href":"https:\/\/borgosgarabiarelais.it\/fr\/wp-json\/wp\/v2\/comments?post=1750"}],"version-history":[{"count":2,"href":"https:\/\/borgosgarabiarelais.it\/fr\/wp-json\/wp\/v2\/pages\/1750\/revisions"}],"predecessor-version":[{"id":1755,"href":"https:\/\/borgosgarabiarelais.it\/fr\/wp-json\/wp\/v2\/pages\/1750\/revisions\/1755"}],"wp:attachment":[{"href":"https:\/\/borgosgarabiarelais.it\/fr\/wp-json\/wp\/v2\/media?parent=1750"}],"curies":[{"name":"wp","href":"https:\/\/api.w.org\/{rel}","templated":true}]}}