{"id":495,"date":"2025-12-19T13:09:52","date_gmt":"2025-12-19T12:09:52","guid":{"rendered":"https:\/\/borgosgarabiarelais.it\/atracciones\/"},"modified":"2026-02-13T13:25:37","modified_gmt":"2026-02-13T12:25:37","slug":"atracciones","status":"publish","type":"page","link":"https:\/\/borgosgarabiarelais.it\/es\/atracciones\/","title":{"rendered":"Atracciones"},"content":{"rendered":"<p>[et_pb_section fb_built=\u00bb1&#8243; admin_label=\u00bbFeatures\u00bb _builder_version=\u00bb4.27.5&#8243; _module_preset=\u00bbdefault\u00bb background_color=\u00bb#FAF5EF\u00bb custom_padding=\u00bb24px|||||\u00bb saved_tabs=\u00bball\u00bb locked=\u00bboff\u00bb collapsed=\u00bboff\u00bb global_colors_info=\u00bb{}\u00bb][et_pb_row _builder_version=\u00bb4.27.4&#8243; _module_preset=\u00bbdefault\u00bb width=\u00bb90%\u00bb max_width=\u00bb2560px\u00bb global_colors_info=\u00bb{}\u00bb][et_pb_column type=\u00bb4_4&#8243; _builder_version=\u00bb4.17.6&#8243; _module_preset=\u00bbdefault\u00bb global_colors_info=\u00bb{}\u00bb][et_pb_text _builder_version=\u00bb4.27.5&#8243; _module_preset=\u00bbdefault\u00bb text_font=\u00bbNoto Serif||||||||\u00bb text_text_color=\u00bb#000000&#8243; text_font_size=\u00bb30px\u00bb text_line_height=\u00bb1.3em\u00bb custom_margin=\u00bb0px||||false|false\u00bb global_colors_info=\u00bb{}\u00bb]<\/p>\n<p class=\"p1\">Atracciones en los alrededores de Borgo Sgarab\u00eca<br \/><span style=\"font-size: x-large; color: #716259;\">Pueblos hist\u00f3ricos, bodegas, queser\u00edas, rutas naturalistas y la legendaria Motor Valley: todo lo que hace de Emilia un destino \u00fanico, f\u00e1cilmente accesible desde nuestro pueblo.<\/span><\/p>\n<p>[\/et_pb_text][\/et_pb_column][\/et_pb_row][et_pb_row column_structure=\u00bb1_2,1_2&#8243; _builder_version=\u00bb4.27.4&#8243; _module_preset=\u00bbdefault\u00bb width=\u00bb90%\u00bb max_width=\u00bb2560px\u00bb custom_padding=\u00bb||2px|||\u00bb global_colors_info=\u00bb{}\u00bb][et_pb_column type=\u00bb1_2&#8243; _builder_version=\u00bb4.17.6&#8243; _module_preset=\u00bbdefault\u00bb global_colors_info=\u00bb{}\u00bb][et_pb_text _builder_version=\u00bb4.24.2&#8243; _module_preset=\u00bbdefault\u00bb text_font=\u00bbManrope||||||||\u00bb text_text_color=\u00bb#716259&#8243; text_font_size=\u00bb15px\u00bb header_font=\u00bbNoto Serif||||||||\u00bb header_4_font=\u00bbNoto Serif|||on|||||\u00bb header_4_text_color=\u00bb#000000&#8243; global_colors_info=\u00bb{}\u00bb]<\/p>\n<h4 class=\"p1\">\ud83c\udf77 Enogastronom\u00eda &amp; tradiciones locales<\/h4>\n<ul data-start=\"243\" data-end=\"729\">\n<li data-start=\"243\" data-end=\"295\">\n<p data-start=\"245\" data-end=\"295\">Visitas guiadas a las <strong data-start=\"265\" data-end=\"295\">acetaie hist\u00f3ricas de M\u00f3dena<\/strong><\/p>\n<\/li>\n<li data-start=\"296\" data-end=\"344\">\n<p data-start=\"298\" data-end=\"344\">Visitas a las <strong data-start=\"308\" data-end=\"344\">queser\u00edas de Parmigiano Reggiano<\/strong><\/p>\n<\/li>\n<li data-start=\"345\" data-end=\"398\">\n<p data-start=\"347\" data-end=\"398\">Tours en <strong data-start=\"355\" data-end=\"398\">prosciuttificios y talleres artesanales<\/strong><\/p>\n<\/li>\n<li data-start=\"399\" data-end=\"470\">\n<p data-start=\"401\" data-end=\"470\">Visitas y <strong data-start=\"410\" data-end=\"437\">degustaciones en bodegas<\/strong> de los Colli Bolognesi y Modenesi<\/p>\n<\/li>\n<li data-start=\"471\" data-end=\"539\">\n<p data-start=\"473\" data-end=\"539\">Degustaciones de productos t\u00edpicos directamente de los productores locales<\/p>\n<\/li>\n<li data-start=\"540\" data-end=\"621\">\n<p data-start=\"542\" data-end=\"621\"><strong data-start=\"542\" data-end=\"574\">Cursos de cocina tradicional<\/strong> (ej. pasta hecha a mano con cocinera del lugar)<\/p>\n<\/li>\n<li data-start=\"622\" data-end=\"665\">\n<p data-start=\"624\" data-end=\"665\"><strong data-start=\"624\" data-end=\"642\">Picnic gourmet<\/strong> con productos de km cero<\/p>\n<\/li>\n<li data-start=\"666\" data-end=\"692\">\n<p data-start=\"668\" data-end=\"692\"><strong data-start=\"668\" data-end=\"692\">Parrilladas al aire libre<\/strong><\/p>\n<\/li>\n<li data-start=\"693\" data-end=\"729\">\n<p data-start=\"695\" data-end=\"729\">Cenas especiales con <strong data-start=\"713\" data-end=\"729\">chef privado<\/strong><\/p>\n<\/li>\n<\/ul>\n<h2 data-start=\"736\" data-end=\"771\"><\/h2>\n<h4 class=\"p1\">\ud83c\udfce\ufe0f Motores &amp; cultura industrial<\/h4>\n<ul>\n<li data-start=\"772\" data-end=\"807\">\n<p data-start=\"774\" data-end=\"807\">Experiencias en la <strong data-start=\"791\" data-end=\"807\">Motor Valley<\/strong><\/p>\n<\/li>\n<li data-start=\"808\" data-end=\"884\">\n<p data-start=\"810\" data-end=\"884\">Visitas a <strong data-start=\"819\" data-end=\"843\">museos y f\u00e1bricas<\/strong> de Ferrari, Lamborghini, Pagani y Ducati<\/p>\n<\/li>\n<\/ul>\n<h4 class=\"p1\"><\/h4>\n<h4 class=\"p1\">\ud83c\udfa8 Arte, cultura &amp; creatividad<\/h4>\n<ul>\n<li data-start=\"1565\" data-end=\"1591\">\n<p data-start=\"1567\" data-end=\"1591\"><strong data-start=\"1567\" data-end=\"1591\">Residencias art\u00edsticas<\/strong><\/p>\n<\/li>\n<li data-start=\"1592\" data-end=\"1617\">\n<p data-start=\"1594\" data-end=\"1617\"><strong data-start=\"1594\" data-end=\"1617\">Estancias literarias<\/strong><\/p>\n<\/li>\n<li data-start=\"1592\" data-end=\"1617\">\n<p data-start=\"1594\" data-end=\"1617\"><strong data-start=\"1594\" data-end=\"1617\"><\/strong><span style=\"font-size: 15px;\">Tours narrados entre <\/span><strong data-start=\"1716\" data-end=\"1744\" style=\"font-size: 15px;\">pueblos, castillos e iglesias rurales<\/strong><\/p>\n<\/li>\n<li data-start=\"1745\" data-end=\"1786\">\n<p data-start=\"1747\" data-end=\"1786\">Visitas culturales a <strong data-start=\"1766\" data-end=\"1786\">M\u00f3dena y Bolonia<\/strong><\/p>\n<\/li>\n<\/ul>\n<p class=\"p1\">\n<p>[\/et_pb_text][\/et_pb_column][et_pb_column type=\u00bb1_2&#8243; _builder_version=\u00bb4.17.6&#8243; _module_preset=\u00bbdefault\u00bb global_colors_info=\u00bb{}\u00bb][et_pb_text _builder_version=\u00bb4.24.2&#8243; _module_preset=\u00bbdefault\u00bb text_font=\u00bbManrope||||||||\u00bb text_text_color=\u00bb#716259&#8243; text_font_size=\u00bb15px\u00bb header_4_font=\u00bbManrope|700||on|||||\u00bb header_4_text_color=\u00bb#000000&#8243; custom_padding=\u00bb||0px|||\u00bb global_colors_info=\u00bb{}\u00bb]<\/p>\n<h4 class=\"p1\">\ud83c\udf3f Naturaleza, outdoor &amp; slow living<\/h4>\n<ul>\n<li data-start=\"927\" data-end=\"954\">\n<p data-start=\"929\" data-end=\"954\"><strong data-start=\"929\" data-end=\"941\">Senderismo<\/strong> en los alrededores<\/p>\n<\/li>\n<li data-start=\"955\" data-end=\"1020\">\n<p data-start=\"957\" data-end=\"1020\">Rutas naturalistas en el <strong data-start=\"984\" data-end=\"1020\">Parque dei Sassi di Roccamalatina<\/strong><\/p>\n<\/li>\n<li data-start=\"1021\" data-end=\"1058\">\n<p data-start=\"1023\" data-end=\"1058\">Excursiones a las <strong data-start=\"1039\" data-end=\"1058\">Gargantas del Panaro<\/strong><\/p>\n<\/li>\n<li data-start=\"1059\" data-end=\"1105\">\n<p data-start=\"1061\" data-end=\"1105\">Itinerarios en la <strong data-start=\"1077\" data-end=\"1105\">V\u00eda dei Vulcani di Fango<\/strong><\/p>\n<\/li>\n<li data-start=\"1106\" data-end=\"1153\">\n<p data-start=\"1108\" data-end=\"1153\"><strong data-start=\"1108\" data-end=\"1123\">E-bike tour<\/strong> entre colinas, pueblos y vi\u00f1edos<\/p>\n<\/li>\n<li data-start=\"1154\" data-end=\"1178\">\n<p data-start=\"1156\" data-end=\"1178\">Paseos por los bosques<\/p>\n<\/li>\n<li data-start=\"1179\" data-end=\"1206\">\n<p data-start=\"1181\" data-end=\"1206\"><strong data-start=\"1181\" data-end=\"1206\">Paseos a caballo<\/strong><\/p>\n<\/li>\n<li data-start=\"1207\" data-end=\"1261\">\n<p data-start=\"1209\" data-end=\"1261\">Meditaci\u00f3n en la naturaleza (lago, bosque, jardines)<\/p>\n<\/li>\n<li data-start=\"1262\" data-end=\"1307\">\n<p data-start=\"1264\" data-end=\"1307\">Lectura y relax en los espacios verdes del pueblo<\/p>\n<\/li>\n<\/ul>\n<h4 class=\"p1\">\ud83e\uddd8\u200d\u2640\ufe0f Bienestar &amp; pr\u00e1cticas hol\u00edsticas<\/h4>\n<ul>\n<li data-start=\"1354\" data-end=\"1398\">\n<p data-start=\"1356\" data-end=\"1398\"><strong data-start=\"1356\" data-end=\"1375\">Yoga al aire libre<\/strong> (al amanecer o en la naturaleza)<\/p>\n<\/li>\n<li data-start=\"1399\" data-end=\"1420\">\n<p data-start=\"1401\" data-end=\"1420\">Retiros <strong data-start=\"1408\" data-end=\"1420\">hol\u00edsticos<\/strong><\/p>\n<\/li>\n<li data-start=\"1421\" data-end=\"1463\">\n<p data-start=\"1423\" data-end=\"1463\">Meditaci\u00f3n y pr\u00e1cticas de consciencia plena<\/p>\n<\/li>\n<li data-start=\"1464\" data-end=\"1525\">\n<p data-start=\"1466\" data-end=\"1525\">Estancias regeneradoras orientadas a la lentitud y al silencio<\/p>\n<\/li>\n<\/ul>\n<p>[\/et_pb_text][\/et_pb_column][\/et_pb_row][\/et_pb_section][et_pb_section fb_built=\u00bb1&#8243; admin_label=\u00bbFeatures\u00bb _builder_version=\u00bb4.27.5&#8243; _module_preset=\u00bbdefault\u00bb background_color=\u00bb#FFFFFF\u00bb custom_padding=\u00bb24px|||||\u00bb saved_tabs=\u00bball\u00bb locked=\u00bboff\u00bb collapsed=\u00bboff\u00bb global_colors_info=\u00bb{}\u00bb][et_pb_row _builder_version=\u00bb4.27.4&#8243; _module_preset=\u00bbdefault\u00bb width=\u00bb90%\u00bb max_width=\u00bb2560px\u00bb custom_padding=\u00bb||2px|||\u00bb global_colors_info=\u00bb{}\u00bb][et_pb_column type=\u00bb4_4&#8243; _builder_version=\u00bb4.17.6&#8243; _module_preset=\u00bbdefault\u00bb global_colors_info=\u00bb{}\u00bb][et_pb_text _builder_version=\u00bb4.27.5&#8243; _module_preset=\u00bbdefault\u00bb text_font=\u00bbNoto Serif||||||||\u00bb text_text_color=\u00bb#000000&#8243; text_font_size=\u00bb32px\u00bb text_line_height=\u00bb1.3em\u00bb header_2_font_size=\u00bb35px\u00bb custom_margin=\u00bb||10px||false|false\u00bb hover_enabled=\u00bb0&#8243; text_font_size_tablet=\u00bb32px\u00bb text_font_size_phone=\u00bb32px\u00bb text_font_size_last_edited=\u00bbon|phone\u00bb global_colors_info=\u00bb{}\u00bb sticky_enabled=\u00bb0&#8243;]<\/p>\n<p>Todos a pocos minutos de Borgo Sgarab\u00eca<\/p>\n<p>[\/et_pb_text][et_pb_text _builder_version=\u00bb4.27.5&#8243; _module_preset=\u00bbdefault\u00bb text_font=\u00bbNoto Serif||||||||\u00bb text_text_color=\u00bb#000000&#8243; text_font_size=\u00bb20px\u00bb text_line_height=\u00bb1.3em\u00bb header_2_font_size=\u00bb35px\u00bb custom_margin=\u00bb||33px||false|false\u00bb global_colors_info=\u00bb{}\u00bb]<\/p>\n<p data-start=\"367\" data-end=\"462\">Descubre lo f\u00e1cil que es llegar a los principales centros de atracci\u00f3n partiendo de nuestro B&amp;B.<\/p>\n<p>[\/et_pb_text][et_pb_text _builder_version=\u00bb4.27.5&#8243; _module_preset=\u00bbdefault\u00bb text_font=\u00bbNoto Serif||||||||\u00bb text_font_size=\u00bb16px\u00bb global_colors_info=\u00bb{}\u00bb]<\/p>\n<p>  \u2022 Galleria Ferrari Maranello &#8211; 30 km<br \/>\u2022 Museo Enzo Ferrari MEF &#8211; 40 km<br \/>\u2022 Museo Ducati &#8211; 44 km<br \/>\u2022 Teatro comunale Pavarotti &#8211; 40 km<br \/>\u2022 Casa Luciano Pavarotti &#8211; 37 km<br \/>\u2022 Museo Aceto Balsamico di Modena 3 &#8211; 24 km<br \/>\u2022 Casa Vasco Rossi &#8211; 17 km<br \/>\u2022 Osteria Francescana &#8211; 40 km<\/p>\n<p>[\/et_pb_text][\/et_pb_column][\/et_pb_row][\/et_pb_section]<\/p>\n","protected":false},"excerpt":{"rendered":"<p>Atracciones en los alrededores de Borgo Sgarab\u00ecaPueblos hist\u00f3ricos, bodegas, queser\u00edas, rutas naturalistas y la legendaria Motor Valley: todo lo que hace de Emilia un destino \u00fanico, f\u00e1cilmente accesible desde nuestro pueblo.\ud83c\udf77 Enogastronom\u00eda &amp; tradiciones locales Visitas guiadas a las acetaie hist\u00f3ricas de M\u00f3dena Visitas a las queser\u00edas de Parmigiano Reggiano Tours en prosciuttificios y talleres [&hellip;]<\/p>\n","protected":false},"author":1,"featured_media":0,"parent":0,"menu_order":0,"comment_status":"closed","ping_status":"closed","template":"","meta":{"_et_pb_use_builder":"on","_et_pb_old_content":"","_et_gb_content_width":"","iawp_total_views":0,"footnotes":""},"class_list":["post-495","page","type-page","status-publish","hentry"],"_links":{"self":[{"href":"https:\/\/borgosgarabiarelais.it\/es\/wp-json\/wp\/v2\/pages\/495","targetHints":{"allow":["GET"]}}],"collection":[{"href":"https:\/\/borgosgarabiarelais.it\/es\/wp-json\/wp\/v2\/pages"}],"about":[{"href":"https:\/\/borgosgarabiarelais.it\/es\/wp-json\/wp\/v2\/types\/page"}],"author":[{"embeddable":true,"href":"https:\/\/borgosgarabiarelais.it\/es\/wp-json\/wp\/v2\/users\/1"}],"replies":[{"embeddable":true,"href":"https:\/\/borgosgarabiarelais.it\/es\/wp-json\/wp\/v2\/comments?post=495"}],"version-history":[{"count":6,"href":"https:\/\/borgosgarabiarelais.it\/es\/wp-json\/wp\/v2\/pages\/495\/revisions"}],"predecessor-version":[{"id":925,"href":"https:\/\/borgosgarabiarelais.it\/es\/wp-json\/wp\/v2\/pages\/495\/revisions\/925"}],"wp:attachment":[{"href":"https:\/\/borgosgarabiarelais.it\/es\/wp-json\/wp\/v2\/media?parent=495"}],"curies":[{"name":"wp","href":"https:\/\/api.w.org\/{rel}","templated":true}]}}