{"id":1837,"date":"2026-03-20T10:18:40","date_gmt":"2026-03-20T09:18:40","guid":{"rendered":"https:\/\/borgosgarabiarelais.it\/vivir-el-borgo\/"},"modified":"2026-04-11T21:02:36","modified_gmt":"2026-04-11T19:02:36","slug":"vivir-el-borgo","status":"publish","type":"page","link":"https:\/\/borgosgarabiarelais.it\/es\/vivir-el-borgo\/","title":{"rendered":"VIVIR EL BORGO"},"content":{"rendered":"<p>[et_pb_section fb_built=\u00bb1&#8243; admin_label=\u00bbHeader\u00bb _builder_version=\u00bb4.27.6&#8243; _module_preset=\u00bbdefault\u00bb background_image=\u00bbhttps:\/\/borgosgarabiarelais.it\/wp-content\/uploads\/2026\/03\/flo-p-pUor_oQHEG4-unsplash-scaled.jpg\u00bb background_position=\u00bbbottom_center\u00bb background_vertical_offset=\u00bb24%\u00bb custom_padding=\u00bb14px||116px|||\u00bb locked=\u00bboff\u00bb collapsed=\u00bbon\u00bb global_colors_info=\u00bb{}\u00bb][et_pb_row _builder_version=\u00bb4.27.5&#8243; _module_preset=\u00bbdefault\u00bb width=\u00bb90%\u00bb max_width=\u00bb2560px\u00bb global_colors_info=\u00bb{}\u00bb][et_pb_column type=\u00bb4_4&#8243; _builder_version=\u00bb4.22.0&#8243; _module_preset=\u00bbdefault\u00bb custom_padding=\u00bb60px||60px||true|false\u00bb custom_padding_tablet=\u00bb0px||0px||true|false\u00bb custom_padding_phone=\u00bb0px||0px||true|false\u00bb custom_padding_last_edited=\u00bbon|desktop\u00bb global_colors_info=\u00bb{}\u00bb][et_pb_text _builder_version=\u00bb4.27.6&#8243; _module_preset=\u00bbc79a7595-4993-4ea6-9ec4-09e08a53c0be\u00bb header_text_color=\u00bb#FFFFFF\u00bb header_font_size=\u00bb62px\u00bb header_font_size_tablet=\u00bb62px\u00bb header_font_size_phone=\u00bb48px\u00bb header_font_size_last_edited=\u00bbon|phone\u00bb global_colors_info=\u00bb{}\u00bb]<\/p>\n<h1 style=\"text-align: center;\">Vivir el Borgo<\/h1>\n<p>[\/et_pb_text][\/et_pb_column][\/et_pb_row][\/et_pb_section][et_pb_section fb_built=\u00bb1&#8243; admin_label=\u00bbFeature\u00bb _builder_version=\u00bb4.27.6&#8243; _module_preset=\u00bbdefault\u00bb background_color=\u00bb#f2ede4&#8243; background_enable_pattern_style=\u00bbon\u00bb background_pattern_style=\u00bbpinwheel\u00bb background_pattern_color=\u00bbrgba(0,0,0,0.02)\u00bb custom_margin=\u00bb0px||0px||true|false\u00bb custom_padding=\u00bb0px||24px||false|false\u00bb border_color_all=\u00bb#c5b17a\u00bb border_width_top=\u00bb1px\u00bb border_width_bottom=\u00bb1px\u00bb locked=\u00bboff\u00bb collapsed=\u00bbon\u00bb global_colors_info=\u00bb{}\u00bb][et_pb_row column_structure=\u00bb1_2,1_2&#8243; _builder_version=\u00bb4.27.6&#8243; _module_preset=\u00bbdefault\u00bb width=\u00bb90%\u00bb max_width=\u00bb2560px\u00bb global_colors_info=\u00bb{}\u00bb][et_pb_column type=\u00bb1_2&#8243; _builder_version=\u00bb4.24.2&#8243; _module_preset=\u00bbdefault\u00bb global_colors_info=\u00bb{}\u00bb][et_pb_text _builder_version=\u00bb4.27.6&#8243; _module_preset=\u00bb078abda9-5fbf-495a-aa0b-09dd4af1a1ca\u00bb text_font_size=\u00bb35px\u00bb text_line_height=\u00bb45.5px\u00bb header_2_font_size=\u00bb35px\u00bb custom_margin=\u00bb20px||10px||false|false\u00bb header_2_font_size_phone=\u00bb35px\u00bb global_colors_info=\u00bb{}\u00bb]<\/p>\n<h2>No solo alojarse, sino habitar una experiencia<\/h2>\n<p>[\/et_pb_text][\/et_pb_column][et_pb_column type=\u00bb1_2&#8243; _builder_version=\u00bb4.27.6&#8243; _module_preset=\u00bbdefault\u00bb global_colors_info=\u00bb{}\u00bb][et_pb_text _builder_version=\u00bb4.27.6&#8243; _module_preset=\u00bb078abda9-5fbf-495a-aa0b-09dd4af1a1ca\u00bb text_font=\u00bbNoto Serif||||||||\u00bb text_text_color=\u00bb#331d01&#8243; text_font_size=\u00bb15px\u00bb text_line_height=\u00bb27px\u00bb header_2_font_size=\u00bb35px\u00bb custom_margin=\u00bb30px||10px||false|false\u00bb header_2_font_size_phone=\u00bb35px\u00bb inline_fonts=\u00bbNoto Serif\u00bb global_colors_info=\u00bb{}\u00bb]<\/p>\n<p><span style=\"font-size: medium;\"><span style=\"font-family: Noto Serif; color: #c49f38;\">Borgo Sgarab\u00eca no es solo un lugar donde dormir, sino un espacio para vivir. Aqu\u00ed el tiempo se ralentiza, los espacios invitan a compartir y cada estancia puede transformarse en una experiencia personal, construida en torno a los deseos de los hu\u00e9spedes.<br \/><\/span><span style=\"font-family: Noto Serif; color: #c49f38;\">Desde actividades para empresas hasta eventos privados, desde momentos de bienestar hasta experiencias creativas y gastron\u00f3micas, el Borgo propone una hospitalidad hecha de gestos aut\u00e9nticos, atm\u00f3sferas \u00edntimas y actividades pensadas para que cada estancia sea \u00fanica.<\/span><\/span><\/p>\n<p>[\/et_pb_text][\/et_pb_column][\/et_pb_row][\/et_pb_section][et_pb_section fb_built=\u00bb1&#8243; _builder_version=\u00bb4.27.6&#8243; _module_preset=\u00bbdefault\u00bb global_colors_info=\u00bb{}\u00bb][et_pb_row column_structure=\u00bb1_2,1_2&#8243; _builder_version=\u00bb4.27.6&#8243; _module_preset=\u00bbdefault\u00bb width=\u00bb90%\u00bb max_width=\u00bb2560px\u00bb module_alignment=\u00bbcenter\u00bb custom_margin=\u00bb|-74px||122px||\u00bb custom_padding=\u00bb|0px||0px||\u00bb global_colors_info=\u00bb{}\u00bb][et_pb_column type=\u00bb1_2&#8243; _builder_version=\u00bb4.27.6&#8243; _module_preset=\u00bbdefault\u00bb global_colors_info=\u00bb{}\u00bb][et_pb_image src=\u00bbhttps:\/\/borgosgarabiarelais.it\/wp-content\/uploads\/2026\/03\/AdobeStock_261687458-scaled.jpeg\u00bb title_text=\u00bbUn experto en vinos sostiene una copa de vino, observa el color y huele el aroma, degustando\u00bb _builder_version=\u00bb4.27.6&#8243; _module_preset=\u00bbdefault\u00bb width=\u00bb100%\u00bb min_height=\u00bb342px\u00bb height=\u00bb450px\u00bb custom_padding=\u00bb||0px|0px||\u00bb hover_enabled=\u00bb0&#8243; global_colors_info=\u00bb{}\u00bb sticky_enabled=\u00bb0&#8243;][\/et_pb_image][et_pb_button button_url=\u00bbhttps:\/\/borgosgarabiarelais.it\/esperienze\/\u00bb url_new_window=\u00bbon\u00bb button_text=\u00bbExperiencias\u00bb _builder_version=\u00bb4.27.6&#8243; _module_preset=\u00bbdefault\u00bb custom_button=\u00bbon\u00bb button_text_size=\u00bb19px\u00bb button_text_color=\u00bb#000000&#8243; button_bg_color=\u00bb#c5b17a\u00bb button_border_width=\u00bb0px\u00bb button_border_radius=\u00bb0px\u00bb button_font=\u00bbNoto Serif||||||||\u00bb positioning=\u00bbabsolute\u00bb position_origin_a=\u00bbcenter_center\u00bb vertical_offset=\u00bb175px\u00bb custom_margin=\u00bb||30px|||\u00bb locked=\u00bboff\u00bb global_colors_info=\u00bb{}\u00bb][\/et_pb_button][\/et_pb_column][et_pb_column type=\u00bb1_2&#8243; _builder_version=\u00bb4.27.6&#8243; _module_preset=\u00bbdefault\u00bb global_colors_info=\u00bb{}\u00bb][et_pb_image src=\u00bbhttps:\/\/borgosgarabiarelais.it\/wp-content\/uploads\/2026\/03\/giftcard1-scaled.jpeg\u00bb title_text=\u00bbPrimer plano de una mesa con un sobre de papel antiguo. Sobre de carta vintage sobre un libro viejo sellado con lacre, con una pluma y un tintero alrededor. \u00bb _builder_version=\u00bb4.27.6&#8243; _module_preset=\u00bbdefault\u00bb transform_scale_last_edited=\u00bboff|desktop\u00bb transform_translate_last_edited=\u00bboff|desktop\u00bb transform_rotate_last_edited=\u00bboff|desktop\u00bb transform_skew_last_edited=\u00bboff|desktop\u00bb transform_origin_last_edited=\u00bboff|desktop\u00bb transform_styles_last_edited=\u00bboff|desktop\u00bb height=\u00bb450px\u00bb hover_enabled=\u00bb0&#8243; global_colors_info=\u00bb{}\u00bb sticky_enabled=\u00bb0&#8243; min_height=\u00bb342px\u00bb][\/et_pb_image][et_pb_button button_url=\u00bbhttps:\/\/borgosgarabiarelais.it\/es\/tarjeta-regalo\/\u00bb url_new_window=\u00bbon\u00bb button_text=\u00bbTarjeta regalo\u00bb _builder_version=\u00bb4.27.6&#8243; _module_preset=\u00bbdefault\u00bb custom_button=\u00bbon\u00bb button_text_size=\u00bb19px\u00bb button_text_color=\u00bb#000000&#8243; button_bg_color=\u00bb#c5b17a\u00bb button_border_width=\u00bb0px\u00bb button_border_radius=\u00bb0px\u00bb button_font=\u00bbNoto Serif||||||||\u00bb positioning=\u00bbabsolute\u00bb position_origin_a=\u00bbcenter_center\u00bb custom_margin=\u00bb||30px|||\u00bb locked=\u00bboff\u00bb global_colors_info=\u00bb{}\u00bb][\/et_pb_button][\/et_pb_column][\/et_pb_row][\/et_pb_section]<\/p>\n","protected":false},"excerpt":{"rendered":"<p>Vivir el BorgoNo solo alojarse, sino habitar una experienciaBorgo Sgarab\u00eca no es solo un lugar donde dormir, sino un espacio para vivir. Aqu\u00ed el tiempo se ralentiza, los espacios invitan a compartir y cada estancia puede transformarse en una experiencia personal, construida en torno a los deseos de los hu\u00e9spedes.Desde actividades para empresas hasta eventos [&hellip;]<\/p>\n","protected":false},"author":4,"featured_media":0,"parent":0,"menu_order":0,"comment_status":"closed","ping_status":"closed","template":"","meta":{"_et_pb_use_builder":"on","_et_pb_old_content":"","_et_gb_content_width":"","iawp_total_views":0,"footnotes":""},"class_list":["post-1837","page","type-page","status-publish","hentry"],"_links":{"self":[{"href":"https:\/\/borgosgarabiarelais.it\/es\/wp-json\/wp\/v2\/pages\/1837","targetHints":{"allow":["GET"]}}],"collection":[{"href":"https:\/\/borgosgarabiarelais.it\/es\/wp-json\/wp\/v2\/pages"}],"about":[{"href":"https:\/\/borgosgarabiarelais.it\/es\/wp-json\/wp\/v2\/types\/page"}],"author":[{"embeddable":true,"href":"https:\/\/borgosgarabiarelais.it\/es\/wp-json\/wp\/v2\/users\/4"}],"replies":[{"embeddable":true,"href":"https:\/\/borgosgarabiarelais.it\/es\/wp-json\/wp\/v2\/comments?post=1837"}],"version-history":[{"count":2,"href":"https:\/\/borgosgarabiarelais.it\/es\/wp-json\/wp\/v2\/pages\/1837\/revisions"}],"predecessor-version":[{"id":1840,"href":"https:\/\/borgosgarabiarelais.it\/es\/wp-json\/wp\/v2\/pages\/1837\/revisions\/1840"}],"wp:attachment":[{"href":"https:\/\/borgosgarabiarelais.it\/es\/wp-json\/wp\/v2\/media?parent=1837"}],"curies":[{"name":"wp","href":"https:\/\/api.w.org\/{rel}","templated":true}]}}