{"id":1793,"date":"2026-03-22T15:06:57","date_gmt":"2026-03-22T14:06:57","guid":{"rendered":"https:\/\/borgosgarabiarelais.it\/tarjeta-regalo\/"},"modified":"2026-04-11T20:54:32","modified_gmt":"2026-04-11T18:54:32","slug":"tarjeta-regalo","status":"publish","type":"page","link":"https:\/\/borgosgarabiarelais.it\/es\/tarjeta-regalo\/","title":{"rendered":"TARJETA REGALO"},"content":{"rendered":"<p>[et_pb_section fb_built=\u00bb1&#8243; admin_label=\u00bbHeader\u00bb _builder_version=\u00bb4.27.6&#8243; _module_preset=\u00bbdefault\u00bb use_background_color_gradient=\u00bbon\u00bb background_color_gradient_direction=\u00bb133deg\u00bb background_color_gradient_stops=\u00bbrgba(0,0,0,0.43) 0%|rgba(0,0,0,0.25) 100%\u00bb background_color_gradient_overlays_image=\u00bbon\u00bb background_image=\u00bbhttps:\/\/borgosgarabiarelais.it\/wp-content\/uploads\/2026\/03\/giftcard1-scaled.jpeg\u00bb custom_padding=\u00bb14px||116px|||\u00bb locked=\u00bboff\u00bb collapsed=\u00bbon\u00bb global_colors_info=\u00bb{}\u00bb][et_pb_row _builder_version=\u00bb4.27.5&#8243; _module_preset=\u00bbdefault\u00bb width=\u00bb90%\u00bb max_width=\u00bb2560px\u00bb global_colors_info=\u00bb{}\u00bb][et_pb_column type=\u00bb4_4&#8243; _builder_version=\u00bb4.22.0&#8243; _module_preset=\u00bbdefault\u00bb custom_padding=\u00bb60px||60px||true|false\u00bb custom_padding_tablet=\u00bb0px||0px||true|false\u00bb custom_padding_phone=\u00bb0px||0px||true|false\u00bb custom_padding_last_edited=\u00bbon|desktop\u00bb global_colors_info=\u00bb{}\u00bb][et_pb_text _builder_version=\u00bb4.27.6&#8243; _module_preset=\u00bbc79a7595-4993-4ea6-9ec4-09e08a53c0be\u00bb header_text_color=\u00bb#FFFFFF\u00bb header_font_size=\u00bb62px\u00bb header_font_size_tablet=\u00bb62px\u00bb header_font_size_phone=\u00bb48px\u00bb header_font_size_last_edited=\u00bbon|phone\u00bb global_colors_info=\u00bb{}\u00bb]<\/p>\n<h1 style=\"text-align: center;\">Tarjeta regalo<\/h1>\n<p>[\/et_pb_text][\/et_pb_column][\/et_pb_row][\/et_pb_section][et_pb_section fb_built=\u00bb1&#8243; disabled_on=\u00bboff|off|off\u00bb admin_label=\u00bbServices\u00bb _builder_version=\u00bb4.24.2&#8243; _module_preset=\u00bbdefault\u00bb background_color=\u00bbrgba(51,23,16,0.44)\u00bb custom_padding=\u00bb2px||9px|||\u00bb locked=\u00bboff\u00bb collapsed=\u00bbon\u00bb global_colors_info=\u00bb{}\u00bb][et_pb_row column_structure=\u00bb1_2,1_2&#8243; _builder_version=\u00bb4.27.4&#8243; _module_preset=\u00bbdefault\u00bb background_enable_color=\u00bboff\u00bb width=\u00bb90%\u00bb max_width=\u00bb2560px\u00bb custom_margin=\u00bb0px||0px||false|false\u00bb custom_padding=\u00bb40px||40px||true|false\u00bb locked=\u00bboff\u00bb global_colors_info=\u00bb{}\u00bb][et_pb_column type=\u00bb1_2&#8243; _builder_version=\u00bb4.17.6&#8243; _module_preset=\u00bbdefault\u00bb global_colors_info=\u00bb{}\u00bb][et_pb_text content_tablet=\u00bbEl alma de las viviendas<br \/>\nde Borgo Sgarab\u00eca\u00bb content_phone=\u00bbEl alma de las viviendas<br \/>\nde Borgo Sgarab\u00eca\u00bb content_last_edited=\u00bbon|phone\u00bb _builder_version=\u00bb4.27.6&#8243; _module_preset=\u00bbdefault\u00bb text_text_color=\u00bb#fffaf0&#8243; text_font_size=\u00bb35px\u00bb text_line_height=\u00bb1.5em\u00bb width=\u00bb100%\u00bb custom_margin=\u00bb||21px|||\u00bb text_font_size_tablet=\u00bb35px\u00bb text_font_size_phone=\u00bb30px\u00bb text_font_size_last_edited=\u00bbon|phone\u00bb locked=\u00bboff\u00bb global_colors_info=\u00bb{}\u00bb]<\/p>\n<p>Un regalo que se convierte en recuerdo<\/p>\n<p>[\/et_pb_text][\/et_pb_column][et_pb_column type=\u00bb1_2&#8243; _builder_version=\u00bb4.17.6&#8243; _module_preset=\u00bbdefault\u00bb global_colors_info=\u00bb{}\u00bb][et_pb_text _builder_version=\u00bb4.27.6&#8243; _module_preset=\u00bbdefault\u00bb text_text_color=\u00bb#fffaf0&#8243; text_line_height=\u00bb1.8em\u00bb width=\u00bb100%\u00bb inline_fonts=\u00bbNoto Sans,Noto Serif\u00bb global_colors_info=\u00bb{}\u00bb]<\/p>\n<p align=\"justify\" style=\"line-height: 116%; margin-bottom: 0.11in;\"><span style=\"font-family: Noto Serif;\">Hay regalos que se abren en un momento y otros que se viven con el tiempo.<br \/>Las tarjetas regalo del Borgo nacen para ofrecer una experiencia: una pausa, un encuentro, una emoci\u00f3n para elegir y atesorar.<br \/>Perfectas para cualquier ocasi\u00f3n especial, permiten a quien las recibe vivir el Borgo seg\u00fan sus propios deseos, entre estancias, experiencias y momentos para compartir.<\/span><\/p>\n<p>[\/et_pb_text][\/et_pb_column][\/et_pb_row][\/et_pb_section][et_pb_section fb_built=\u00bb1&#8243; _builder_version=\u00bb4.27.6&#8243; _module_preset=\u00bbdefault\u00bb global_colors_info=\u00bb{}\u00bb][et_pb_row column_structure=\u00bb1_2,1_2&#8243; _builder_version=\u00bb4.27.6&#8243; _module_preset=\u00bbdefault\u00bb custom_padding=\u00bb||27px|||\u00bb global_colors_info=\u00bb{}\u00bb][et_pb_column type=\u00bb1_2&#8243; _builder_version=\u00bb4.27.6&#8243; _module_preset=\u00bbdefault\u00bb custom_padding=\u00bb30px|30px|30px|30px|false|false\u00bb border_width_all=\u00bb2px\u00bb border_color_all=\u00bb#c5b17a\u00bb global_colors_info=\u00bb{}\u00bb][et_pb_text _builder_version=\u00bb4.27.6&#8243; _module_preset=\u00bbdefault\u00bb text_text_color=\u00bb#c5b17a\u00bb hover_enabled=\u00bb0&#8243; global_colors_info=\u00bb{}\u00bb sticky_enabled=\u00bb0&#8243;]<\/p>\n<h2>Regala una estancia<\/h2>\n<p><span style=\"color: #aa8f59; font-family: Noto Serif; font-size: 19px\">El tiempo m\u00e1s valioso es el que te dedicas a ti mismo<\/span><\/p>\n<p><span style=\"color: #ffcc99;\"><\/span><\/p>\n<p><span style=\"color: #000000;\">Una tarjeta regalo de estancia es una invitaci\u00f3n a detenerse, respirar y dejarse acoger por la atm\u00f3sfera del Borgo.<br \/>Es el regalo ideal para celebrar un aniversario, sorprender a un ser querido o brindar una pausa de belleza y tranquilidad.<br \/>Quien la reciba podr\u00e1 elegir el momento en el que vivir la experiencia y construir su propia estancia entre naturaleza, confort y territorio.<br \/>Un regalo que se convierte en tiempo, luz, silencio y recuerdos.<\/span><span style=\"color: #000000;\"><\/span><\/p>\n<p>[\/et_pb_text][et_pb_button button_url=\u00bbhttps:\/\/borgosgarabiarelais.it\/es\/las-habitaciones\/\u00bb button_text=\u00bbDescubre las habitaciones\u00bb _builder_version=\u00bb4.27.6&#8243; _module_preset=\u00bbdefault\u00bb custom_button=\u00bbon\u00bb button_text_size=\u00bb19px\u00bb button_text_color=\u00bb#000000&#8243; button_bg_color=\u00bb#c5b17a\u00bb button_border_width=\u00bb0px\u00bb button_border_radius=\u00bb0px\u00bb button_font=\u00bbNoto Serif||||||||\u00bb global_colors_info=\u00bb{}\u00bb][\/et_pb_button][\/et_pb_column][et_pb_column type=\u00bb1_2&#8243; _builder_version=\u00bb4.27.6&#8243; _module_preset=\u00bbdefault\u00bb custom_padding=\u00bb30px|30px|30px|30px|false|false\u00bb border_width_all=\u00bb2px\u00bb border_color_all=\u00bb#c5b17a\u00bb global_colors_info=\u00bb{}\u00bb][et_pb_text _builder_version=\u00bb4.27.6&#8243; _module_preset=\u00bbdefault\u00bb text_text_color=\u00bb#c5b17a\u00bb min_height=\u00bb284.4px\u00bb custom_margin=\u00bb||70px|||\u00bb hover_enabled=\u00bb0&#8243; global_colors_info=\u00bb{}\u00bb sticky_enabled=\u00bb0&#8243;]<\/p>\n<h2>Regala una experiencia<\/h2>\n<p><span style=\"color: #aa8f59; font-family: Noto Serif; font-size: 19px\">Emociones para vivir, no para guardar<\/span><\/p>\n<p><span style=\"color: #000000;\"><\/span><\/p>\n<p><span style=\"color: #000000;\">Las tarjetas regalo tambi\u00e9n pueden dedicarse a experiencias espec\u00edficas: degustaciones, cursos, momentos privados, actividades en la naturaleza o eventos organizados por el Borgo.<br \/>Una idea perfecta para quienes aman descubrir, aprender, compartir y vivir el territorio de forma aut\u00e9ntica.<br \/>Cada experiencia se convierte en una historia para llevar contigo.<\/p>\n<p><\/span><\/p>\n<p>[\/et_pb_text][et_pb_button button_url=\u00bbhttps:\/\/borgosgarabiarelais.it\/es\/las-habitaciones\/\u00bb button_text=\u00bbDescubre las habitaciones\u00bb _builder_version=\u00bb4.27.6&#8243; _module_preset=\u00bbdefault\u00bb custom_button=\u00bbon\u00bb button_text_size=\u00bb19px\u00bb button_text_color=\u00bb#000000&#8243; button_bg_color=\u00bb#c5b17a\u00bb button_border_width=\u00bb0px\u00bb button_border_radius=\u00bb0px\u00bb button_font=\u00bbNoto Serif||||||||\u00bb custom_margin=\u00bb-19px|||||\u00bb global_colors_info=\u00bb{}\u00bb][\/et_pb_button][\/et_pb_column][\/et_pb_row][\/et_pb_section][et_pb_section fb_built=\u00bb1&#8243; admin_label=\u00bbHeader\u00bb _builder_version=\u00bb4.27.6&#8243; _module_preset=\u00bbdefault\u00bb use_background_color_gradient=\u00bbon\u00bb background_color_gradient_direction=\u00bb133deg\u00bb background_color_gradient_stops=\u00bbrgba(0,0,0,0.43) 0%|rgba(0,0,0,0.25) 100%\u00bb background_color_gradient_overlays_image=\u00bbon\u00bb background_image=\u00bbhttps:\/\/borgosgarabiarelais.it\/wp-content\/uploads\/2026\/03\/6_Attivita-su-richiesta-per-ospiti-scaled.jpeg\u00bb custom_padding=\u00bb14px||116px|||\u00bb locked=\u00bboff\u00bb collapsed=\u00bbon\u00bb global_colors_info=\u00bb{}\u00bb][et_pb_row _builder_version=\u00bb4.27.5&#8243; _module_preset=\u00bbdefault\u00bb width=\u00bb90%\u00bb max_width=\u00bb2560px\u00bb global_colors_info=\u00bb{}\u00bb][et_pb_column type=\u00bb4_4&#8243; _builder_version=\u00bb4.22.0&#8243; _module_preset=\u00bbdefault\u00bb custom_padding=\u00bb60px||60px||true|false\u00bb custom_padding_tablet=\u00bb0px||0px||true|false\u00bb custom_padding_phone=\u00bb0px||0px||true|false\u00bb custom_padding_last_edited=\u00bbon|desktop\u00bb global_colors_info=\u00bb{}\u00bb][et_pb_text _builder_version=\u00bb4.27.6&#8243; _module_preset=\u00bbc79a7595-4993-4ea6-9ec4-09e08a53c0be\u00bb header_text_color=\u00bb#FFFFFF\u00bb header_font_size=\u00bb62px\u00bb header_font_size_tablet=\u00bb62px\u00bb header_font_size_phone=\u00bb48px\u00bb header_font_size_last_edited=\u00bbon|phone\u00bb global_colors_info=\u00bb{}\u00bb]<\/p>\n<h1 style=\"text-align: center;\">Regala una experiencia, personaliza tu regalo<\/h1>\n<p style=\"text-align: center;\"><span style=\"color: #ffffff;\">Hay regalos que se abren en un momento y otros que se viven con el tiempo.<\/span><br \/><span style=\"color: #ffffff;\">Escr\u00edbenos para crear la tarjeta regalo perfecta: una estancia, una experiencia o un momento especial para vivir en el Borgo<\/span><\/p>\n<p>[\/et_pb_text][et_pb_button button_url=\u00bbhttps:\/\/borgosgarabiarelais.it\/es\/contactos\/\u00bb button_text=\u00bbEscr\u00edbenos\u00bb button_alignment=\u00bbcenter\u00bb _builder_version=\u00bb4.27.6&#8243; _module_preset=\u00bbdefault\u00bb custom_button=\u00bbon\u00bb button_text_size=\u00bb19px\u00bb button_text_color=\u00bb#000000&#8243; button_bg_color=\u00bb#c5b17a\u00bb button_border_width=\u00bb0px\u00bb button_border_radius=\u00bb0px\u00bb button_font=\u00bbNoto Serif||||||||\u00bb locked=\u00bboff\u00bb global_colors_info=\u00bb{}\u00bb][\/et_pb_button][\/et_pb_column][\/et_pb_row][\/et_pb_section]<\/p>\n","protected":false},"excerpt":{"rendered":"<p>Tarjeta regaloUn regalo que se convierte en recuerdoHay regalos que se abren en un momento y otros que se viven con el tiempo.Las tarjetas regalo del Borgo nacen para ofrecer una experiencia: una pausa, un encuentro, una emoci\u00f3n para elegir y atesorar.Perfectas para cualquier ocasi\u00f3n especial, permiten a quien las recibe vivir el Borgo seg\u00fan [&hellip;]<\/p>\n","protected":false},"author":4,"featured_media":0,"parent":0,"menu_order":0,"comment_status":"closed","ping_status":"closed","template":"","meta":{"_et_pb_use_builder":"on","_et_pb_old_content":"","_et_gb_content_width":"","iawp_total_views":0,"footnotes":""},"class_list":["post-1793","page","type-page","status-publish","hentry"],"_links":{"self":[{"href":"https:\/\/borgosgarabiarelais.it\/es\/wp-json\/wp\/v2\/pages\/1793","targetHints":{"allow":["GET"]}}],"collection":[{"href":"https:\/\/borgosgarabiarelais.it\/es\/wp-json\/wp\/v2\/pages"}],"about":[{"href":"https:\/\/borgosgarabiarelais.it\/es\/wp-json\/wp\/v2\/types\/page"}],"author":[{"embeddable":true,"href":"https:\/\/borgosgarabiarelais.it\/es\/wp-json\/wp\/v2\/users\/4"}],"replies":[{"embeddable":true,"href":"https:\/\/borgosgarabiarelais.it\/es\/wp-json\/wp\/v2\/comments?post=1793"}],"version-history":[{"count":2,"href":"https:\/\/borgosgarabiarelais.it\/es\/wp-json\/wp\/v2\/pages\/1793\/revisions"}],"predecessor-version":[{"id":1797,"href":"https:\/\/borgosgarabiarelais.it\/es\/wp-json\/wp\/v2\/pages\/1793\/revisions\/1797"}],"wp:attachment":[{"href":"https:\/\/borgosgarabiarelais.it\/es\/wp-json\/wp\/v2\/media?parent=1793"}],"curies":[{"name":"wp","href":"https:\/\/api.w.org\/{rel}","templated":true}]}}