{"id":1705,"date":"2026-03-20T10:20:41","date_gmt":"2026-03-20T09:20:41","guid":{"rendered":"https:\/\/borgosgarabiarelais.it\/motores\/"},"modified":"2026-04-11T20:46:32","modified_gmt":"2026-04-11T18:46:32","slug":"motores","status":"publish","type":"page","link":"https:\/\/borgosgarabiarelais.it\/es\/motores\/","title":{"rendered":"MOTORES"},"content":{"rendered":"<p>[et_pb_section fb_built=\u00bb1&#8243; admin_label=\u00bbHeader\u00bb _builder_version=\u00bb4.27.6&#8243; _module_preset=\u00bbdefault\u00bb use_background_color_gradient=\u00bbon\u00bb background_color_gradient_direction=\u00bb133deg\u00bb background_color_gradient_stops=\u00bbrgba(0,0,0,0.43) 0%|rgba(0,0,0,0.25) 100%\u00bb background_color_gradient_overlays_image=\u00bbon\u00bb background_image=\u00bbhttps:\/\/borgosgarabiarelais.it\/wp-content\/uploads\/2026\/03\/motori_1.jpeg\u00bb custom_padding=\u00bb14px||116px|||\u00bb locked=\u00bboff\u00bb collapsed=\u00bbon\u00bb global_colors_info=\u00bb{}\u00bb][et_pb_row _builder_version=\u00bb4.27.5&#8243; _module_preset=\u00bbdefault\u00bb width=\u00bb90%\u00bb max_width=\u00bb2560px\u00bb global_colors_info=\u00bb{}\u00bb][et_pb_column type=\u00bb4_4&#8243; _builder_version=\u00bb4.22.0&#8243; _module_preset=\u00bbdefault\u00bb custom_padding=\u00bb60px||60px||true|false\u00bb custom_padding_tablet=\u00bb0px||0px||true|false\u00bb custom_padding_phone=\u00bb0px||0px||true|false\u00bb custom_padding_last_edited=\u00bbon|desktop\u00bb global_colors_info=\u00bb{}\u00bb][et_pb_text _builder_version=\u00bb4.27.6&#8243; _module_preset=\u00bbc79a7595-4993-4ea6-9ec4-09e08a53c0be\u00bb header_text_color=\u00bb#FFFFFF\u00bb header_font_size=\u00bb62px\u00bb header_font_size_tablet=\u00bb62px\u00bb header_font_size_phone=\u00bb48px\u00bb header_font_size_last_edited=\u00bbon|phone\u00bb global_colors_info=\u00bb{}\u00bb]<\/p>\n<h1 style=\"text-align: center;\">Motores<\/h1>\n<p>[\/et_pb_text][\/et_pb_column][\/et_pb_row][\/et_pb_section][et_pb_section fb_built=\u00bb1&#8243; disabled_on=\u00bboff|off|off\u00bb admin_label=\u00bbServices\u00bb _builder_version=\u00bb4.24.2&#8243; _module_preset=\u00bbdefault\u00bb background_color=\u00bbrgba(51,23,16,0.44)\u00bb custom_padding=\u00bb2px||9px|||\u00bb locked=\u00bboff\u00bb collapsed=\u00bbon\u00bb global_colors_info=\u00bb{}\u00bb][et_pb_row column_structure=\u00bb1_2,1_2&#8243; _builder_version=\u00bb4.27.4&#8243; _module_preset=\u00bbdefault\u00bb background_enable_color=\u00bboff\u00bb width=\u00bb74.2%\u00bb max_width=\u00bb2560px\u00bb custom_margin=\u00bb0px|auto|-33px|auto|false|false\u00bb custom_padding=\u00bb40px||40px||true|false\u00bb locked=\u00bboff\u00bb global_colors_info=\u00bb{}\u00bb][et_pb_column type=\u00bb1_2&#8243; _builder_version=\u00bb4.17.6&#8243; _module_preset=\u00bbdefault\u00bb global_colors_info=\u00bb{}\u00bb][et_pb_text content_tablet=\u00bbEl alma de las viviendas<br \/>\nde Borgo Sgarab\u00eca\u00bb content_phone=\u00bbEl alma de las viviendas<br \/>\nde Borgo Sgarab\u00eca\u00bb content_last_edited=\u00bbon|phone\u00bb _builder_version=\u00bb4.27.6&#8243; _module_preset=\u00bbdefault\u00bb text_text_color=\u00bb#fffaf0&#8243; text_font_size=\u00bb35px\u00bb text_line_height=\u00bb1.5em\u00bb width=\u00bb100%\u00bb custom_margin=\u00bb||21px|||\u00bb text_font_size_tablet=\u00bb35px\u00bb text_font_size_phone=\u00bb30px\u00bb text_font_size_last_edited=\u00bbon|phone\u00bb locked=\u00bboff\u00bb global_colors_info=\u00bb{}\u00bb]<\/p>\n<p>En el coraz\u00f3n del Motor Valley, donde la pasi\u00f3n se convierte en esperanza<\/p>\n<p>[\/et_pb_text][\/et_pb_column][et_pb_column type=\u00bb1_2&#8243; _builder_version=\u00bb4.17.6&#8243; _module_preset=\u00bbdefault\u00bb global_colors_info=\u00bb{}\u00bb][et_pb_text _builder_version=\u00bb4.27.6&#8243; _module_preset=\u00bbdefault\u00bb text_text_color=\u00bb#fffaf0&#8243; text_line_height=\u00bb1.8em\u00bb width=\u00bb100%\u00bb inline_fonts=\u00bbNoto Sans,Noto Serif\u00bb global_colors_info=\u00bb{}\u00bb]<\/p>\n<p align=\"justify\" style=\"line-height: 116%; margin-bottom: 0.11in;\"><span style=\"font-family: Noto Serif;\">El Borgo se encuentra en una de las zonas m\u00e1s ic\u00f3nicas del mundo para la cultura automovil\u00edstica: un territorio donde el ingenio, la velocidad y el dise\u00f1o han dado vida a marcas legendarias y a una tradici\u00f3n del motor \u00fanica.<br \/>Aqu\u00ed el motor no es solo tecnolog\u00eda, sino identidad, historia y orgullo local. Por ello, el Borgo propone a sus hu\u00e9spedes experiencias seleccionadas y personalizables, capaces de transformar la visita en una inmersi\u00f3n aut\u00e9ntica en el Motor Valley. <\/span><\/p>\n<p>[\/et_pb_text][\/et_pb_column][\/et_pb_row][\/et_pb_section][et_pb_section fb_built=\u00bb1&#8243; _builder_version=\u00bb4.27.6&#8243; _module_preset=\u00bbdefault\u00bb custom_padding=\u00bb||56px|||\u00bb border_width_top=\u00bb1px\u00bb border_color_top=\u00bb#c5b17a\u00bb border_width_bottom=\u00bb1px\u00bb border_color_bottom=\u00bb#c5b17a\u00bb locked=\u00bboff\u00bb global_colors_info=\u00bb{}\u00bb][et_pb_row column_structure=\u00bb1_2,1_2&#8243; use_custom_gutter=\u00bbon\u00bb make_equal=\u00bbon\u00bb _builder_version=\u00bb4.27.5&#8243; _module_preset=\u00bbdefault\u00bb max_width=\u00bb2503px\u00bb custom_padding=\u00bb||46px|||\u00bb global_colors_info=\u00bb{}\u00bb][et_pb_column type=\u00bb1_2&#8243; _builder_version=\u00bb4.24.2&#8243; _module_preset=\u00bbdefault\u00bb global_colors_info=\u00bb{}\u00bb][et_pb_image src=\u00bbhttps:\/\/borgosgarabiarelais.it\/wp-content\/uploads\/2026\/03\/2_Esperienze-su-pista-scaled.jpg\u00bb title_text=\u00bb2_Experiencias en pista\u00bb align=\u00bbcenter\u00bb _builder_version=\u00bb4.27.6&#8243; _module_preset=\u00bbdefault\u00bb width=\u00bb69%\u00bb custom_margin=\u00bb||10px|||\u00bb global_colors_info=\u00bb{}\u00bb][\/et_pb_image][\/et_pb_column][et_pb_column type=\u00bb1_2&#8243; _builder_version=\u00bb4.24.2&#8243; _module_preset=\u00bbdefault\u00bb global_colors_info=\u00bb{}\u00bb][et_pb_text _builder_version=\u00bb4.27.6&#8243; _module_preset=\u00bb078abda9-5fbf-495a-aa0b-09dd4af1a1ca\u00bb header_2_font=\u00bbNoto Serif|700|||||||\u00bb header_2_text_color=\u00bb#E09900&#8243; header_2_font_size=\u00bb15px\u00bb custom_margin=\u00bb0px||0px||true|false\u00bb custom_padding=\u00bb0px||0px||true|false\u00bb locked=\u00bboff\u00bb global_colors_info=\u00bb{}\u00bb]<\/p>\n<h2><span style=\"color: #aa8f59; font-family: Noto Serif; font-size: 19px\">Experiencia en pista \/ Tours tem\u00e1ticos<\/span><\/h2>\n<p>[\/et_pb_text][et_pb_text _builder_version=\u00bb4.27.6&#8243; _module_preset=\u00bbdefault\u00bb text_text_color=\u00bb#000000&#8243; text_font_size=\u00bb35px\u00bb text_line_height=\u00bb45.5px\u00bb custom_margin=\u00bb|1px|29px||false|false\u00bb global_colors_info=\u00bb{}\u00bb]<\/p>\n<h1>De la pista a la carretera, vive la emoci\u00f3n de la conducci\u00f3n<\/h1>\n<p>[\/et_pb_text][et_pb_text _builder_version=\u00bb4.27.6&#8243; _module_preset=\u00bbdefault\u00bb width=\u00bb96%\u00bb hover_enabled=\u00bb0&#8243; inline_fonts=\u00bbNoto Serif\u00bb global_colors_info=\u00bb{}\u00bb sticky_enabled=\u00bb0&#8243;]<\/p>\n<p align=\"justify\" style=\"line-height: 116%; margin-bottom: 0.11in;\"><span style=\"font-family: Noto Serif;\"><br \/>Para quienes deseen descubrir el Motor Valley de forma activa y emocionante, el Borgo organiza experiencias de conducci\u00f3n y tours tem\u00e1ticos pensados para unir adrenalina, paisaje y cultura del motor.<br \/>Los hu\u00e9spedes pueden disfrutar de experiencias de conducci\u00f3n en circuito con coches deportivos de altas prestaciones, acompa\u00f1ados por instructores profesionales que gu\u00edan cada fase de la experiencia: briefing t\u00e9cnico, conocimiento del trazado, sesiones de conducci\u00f3n y momentos de an\u00e1lisis final.<br \/>Junto a la pista, hay disponibles tours por carretera entre colinas, rutas panor\u00e1micas y lugares emblem\u00e1ticos de la tradici\u00f3n automovil\u00edstica local, con itinerarios guiados dise\u00f1ados para descubrir talleres hist\u00f3ricos, paisajes ic\u00f3nicos y paradas vinculadas a la cultura de los motores.<br \/>Las experiencias pueden incluir servicios fotogr\u00e1ficos, acompa\u00f1amiento t\u00e9cnico, traslados exclusivos y programas a medida para hu\u00e9spedes individuales, parejas o grupos de empresa.<br \/>Una oportunidad \u00fanica para vivir el Motor Valley no solo como visitante, sino como protagonista.<br \/><\/span><\/p>\n<p>[\/et_pb_text][\/et_pb_column][\/et_pb_row][\/et_pb_section][et_pb_section fb_built=\u00bb1&#8243; _builder_version=\u00bb4.27.6&#8243; _module_preset=\u00bbdefault\u00bb background_color=\u00bb#efefd2&#8243; custom_padding=\u00bb||56px|||\u00bb border_width_top=\u00bb1px\u00bb border_color_top=\u00bb#c5b17a\u00bb border_width_bottom=\u00bb1px\u00bb border_color_bottom=\u00bb#c5b17a\u00bb locked=\u00bboff\u00bb global_colors_info=\u00bb{}\u00bb][et_pb_row column_structure=\u00bb1_2,1_2&#8243; use_custom_gutter=\u00bbon\u00bb make_equal=\u00bbon\u00bb _builder_version=\u00bb4.27.5&#8243; _module_preset=\u00bbdefault\u00bb max_width=\u00bb2503px\u00bb custom_padding=\u00bb||46px|||\u00bb global_colors_info=\u00bb{}\u00bb][et_pb_column type=\u00bb1_2&#8243; _builder_version=\u00bb4.24.2&#8243; _module_preset=\u00bbdefault\u00bb global_colors_info=\u00bb{}\u00bb][et_pb_text _builder_version=\u00bb4.27.6&#8243; _module_preset=\u00bb078abda9-5fbf-495a-aa0b-09dd4af1a1ca\u00bb header_2_font=\u00bbNoto Serif|700|||||||\u00bb header_2_text_color=\u00bb#E09900&#8243; header_2_font_size=\u00bb15px\u00bb custom_margin=\u00bb0px||0px||true|false\u00bb custom_padding=\u00bb0px||0px||true|false\u00bb locked=\u00bboff\u00bb global_colors_info=\u00bb{}\u00bb]<\/p>\n<h2><span style=\"color: #aa8f59; font-family: Noto Serif; font-size: 19px\">Museos Ferrari, Lamborghini, Pagani<\/span><\/h2>\n<p>[\/et_pb_text][et_pb_text _builder_version=\u00bb4.27.6&#8243; _module_preset=\u00bbdefault\u00bb text_text_color=\u00bb#000000&#8243; text_font_size=\u00bb35px\u00bb text_line_height=\u00bb45.5px\u00bb custom_margin=\u00bb|1px|29px||false|false\u00bb global_colors_info=\u00bb{}\u00bb]<\/p>\n<h1>Donde el mito toma forma<\/h1>\n<p>[\/et_pb_text][et_pb_text _builder_version=\u00bb4.27.6&#8243; _module_preset=\u00bbdefault\u00bb width=\u00bb96%\u00bb hover_enabled=\u00bb0&#8243; inline_fonts=\u00bbNoto Serif\u00bb global_colors_info=\u00bb{}\u00bb sticky_enabled=\u00bb0&#8243;]<\/p>\n<p align=\"justify\" style=\"line-height: 116%; margin-bottom: 0.11in;\"><span style=\"font-family: Noto Serif;\"><span style=\"font-family: Arial, sans-serif;\">A poca distancia del Borgo se encuentran los museos automovil\u00edsticos m\u00e1s famosos del mundo, guardianes de la historia, la innovaci\u00f3n y el dise\u00f1o que han convertido al Motor Valley en un referente internacional.<br \/>Visitar estos lugares significa recorrer colecciones de modelos ic\u00f3nicos, prototipos, coches de competici\u00f3n e instalaciones multimedia que narran la evoluci\u00f3n de la ingenier\u00eda automovil\u00edstica italiana.<br \/>El Borgo puede organizar itinerarios personalizados entre los museos, visitas guiadas, entradas prioritarias y rutas combinadas con otras experiencias del territorio, para ofrecer a los hu\u00e9spedes una jornada de inmersi\u00f3n en la historia de las grandes marcas de la mec\u00e1nica italiana.<br \/>Un viaje emocionante entre innovaci\u00f3n, est\u00e9tica y pasi\u00f3n, capaz de fascinar a aficionados y visitantes de todas las edades.<\/span><\/span><\/p>\n<p>[\/et_pb_text][\/et_pb_column][et_pb_column type=\u00bb1_2&#8243; _builder_version=\u00bb4.24.2&#8243; _module_preset=\u00bbdefault\u00bb global_colors_info=\u00bb{}\u00bb][et_pb_image src=\u00bbhttps:\/\/borgosgarabiarelais.it\/wp-content\/uploads\/2026\/03\/3_Musei-Ferrari-Lamborghini-Pagani-scaled.jpg\u00bb title_text=\u00bb3_Museos Ferrari, Lamborghini, Pagani\u00bb align=\u00bbcenter\u00bb _builder_version=\u00bb4.27.6&#8243; _module_preset=\u00bbdefault\u00bb width=\u00bb69%\u00bb custom_margin=\u00bb||10px|||\u00bb global_colors_info=\u00bb{}\u00bb][\/et_pb_image][\/et_pb_column][\/et_pb_row][\/et_pb_section]<\/p>\n","protected":false},"excerpt":{"rendered":"<p>MotoresEn el coraz\u00f3n del Motor Valley, donde la pasi\u00f3n se convierte en esperanzaEl Borgo se encuentra en una de las zonas m\u00e1s ic\u00f3nicas del mundo para la cultura automovil\u00edstica: un territorio donde el ingenio, la velocidad y el dise\u00f1o han dado vida a marcas legendarias y a una tradici\u00f3n del motor \u00fanica.Aqu\u00ed el motor no [&hellip;]<\/p>\n","protected":false},"author":4,"featured_media":0,"parent":0,"menu_order":0,"comment_status":"closed","ping_status":"closed","template":"","meta":{"_et_pb_use_builder":"on","_et_pb_old_content":"","_et_gb_content_width":"","iawp_total_views":0,"footnotes":""},"class_list":["post-1705","page","type-page","status-publish","hentry"],"_links":{"self":[{"href":"https:\/\/borgosgarabiarelais.it\/es\/wp-json\/wp\/v2\/pages\/1705","targetHints":{"allow":["GET"]}}],"collection":[{"href":"https:\/\/borgosgarabiarelais.it\/es\/wp-json\/wp\/v2\/pages"}],"about":[{"href":"https:\/\/borgosgarabiarelais.it\/es\/wp-json\/wp\/v2\/types\/page"}],"author":[{"embeddable":true,"href":"https:\/\/borgosgarabiarelais.it\/es\/wp-json\/wp\/v2\/users\/4"}],"replies":[{"embeddable":true,"href":"https:\/\/borgosgarabiarelais.it\/es\/wp-json\/wp\/v2\/comments?post=1705"}],"version-history":[{"count":8,"href":"https:\/\/borgosgarabiarelais.it\/es\/wp-json\/wp\/v2\/pages\/1705\/revisions"}],"predecessor-version":[{"id":1729,"href":"https:\/\/borgosgarabiarelais.it\/es\/wp-json\/wp\/v2\/pages\/1705\/revisions\/1729"}],"wp:attachment":[{"href":"https:\/\/borgosgarabiarelais.it\/es\/wp-json\/wp\/v2\/media?parent=1705"}],"curies":[{"name":"wp","href":"https:\/\/api.w.org\/{rel}","templated":true}]}}