{"id":510,"date":"2025-12-16T11:52:34","date_gmt":"2025-12-16T10:52:34","guid":{"rendered":"https:\/\/borgosgarabiarelais.it\/borgo-sgarabia\/"},"modified":"2026-03-19T12:26:08","modified_gmt":"2026-03-19T11:26:08","slug":"borgo-sgarabia","status":"publish","type":"page","link":"https:\/\/borgosgarabiarelais.it\/de\/borgo-sgarabia\/","title":{"rendered":"Borgo Sgarab\u00eca"},"content":{"rendered":"<p>[et_pb_section fb_built=&#8220;1&#8243; admin_label=&#8220;Feature&#8220; _builder_version=&#8220;4.24.2&#8243; _module_preset=&#8220;default&#8220; background_color=&#8220;#ffffff&#8220; locked=&#8220;off&#8220; collapsed=&#8220;on&#8220; global_colors_info=&#8220;{}&#8220;][et_pb_row column_structure=&#8220;1_2,1_2&#8243; _builder_version=&#8220;4.22.0&#8243; _module_preset=&#8220;default&#8220; global_colors_info=&#8220;{}&#8220;][et_pb_column type=&#8220;1_2&#8243; _builder_version=&#8220;4.22.0&#8243; _module_preset=&#8220;default&#8220; global_colors_info=&#8220;{}&#8220;][et_pb_image src=&#8220;https:\/\/borgosgarabiarelais.it\/wp-content\/uploads\/2025\/12\/foto-1-chi-siamo.jpg&#8220; title_text=&#8220;foto-1-chi-siamo&#8220; show_bottom_space=&#8220;off&#8220; _builder_version=&#8220;4.24.2&#8243; _module_preset=&#8220;default&#8220; custom_margin=&#8220;|20%||-20%|false|false&#8220; global_colors_info=&#8220;{}&#8220;][\/et_pb_image][et_pb_image src=&#8220;https:\/\/borgosgarabiarelais.it\/wp-content\/uploads\/2025\/12\/chi-siamo-3.jpg&#8220; title_text=&#8220;chi-siamo-3&#8243; _builder_version=&#8220;4.24.2&#8243; _module_preset=&#8220;default&#8220; positioning=&#8220;absolute&#8220; position_origin_a=&#8220;bottom_right&#8220; vertical_offset=&#8220;-40px&#8220; width=&#8220;60%&#8220; global_colors_info=&#8220;{}&#8220;][\/et_pb_image][\/et_pb_column][et_pb_column type=&#8220;1_2&#8243; _builder_version=&#8220;4.22.0&#8243; _module_preset=&#8220;default&#8220; global_colors_info=&#8220;{}&#8220;][et_pb_text _builder_version=&#8220;4.27.5&#8243; _module_preset=&#8220;078abda9-5fbf-495a-aa0b-09dd4af1a1ca&#8220; header_2_font=&#8220;Noto Serif|700|||||||&#8220; header_2_text_color=&#8220;#E09900&#8243; header_2_font_size=&#8220;15px&#8220; custom_margin=&#8220;40px||0px||false|false&#8220; custom_padding=&#8220;0px||0px||true|false&#8220; hover_enabled=&#8220;0&#8243; header_2_font_size_phone=&#8220;17px&#8220; locked=&#8220;off&#8220; global_colors_info=&#8220;{}&#8220; sticky_enabled=&#8220;0&#8243;]<\/p>\n<h2>BORGO SGARAB<strong class=\"Yjhzub\" jscontroller=\"zYmgkd\" jsuid=\"OYFLt_8\">\u00cc<\/strong>A<\/h2>\n<p>[\/et_pb_text][et_pb_text _builder_version=&#8220;4.27.5&#8243; _module_preset=&#8220;078abda9-5fbf-495a-aa0b-09dd4af1a1ca&#8220; header_2_font_size=&#8220;35px&#8220; custom_margin=&#8220;||10px||false|false&#8220; header_2_font_size_phone=&#8220;35px&#8220; global_colors_info=&#8220;{}&#8220;]<\/p>\n<h2><span class=\"s6\">Die zeitlose Essenz des Modeneser Apennins<\/span><\/h2>\n<p>[\/et_pb_text][et_pb_text _builder_version=&#8220;4.24.2&#8243; _module_preset=&#8220;00e4ac8d-1af8-40a0-9aea-7fdc4a36af99&#8243; text_font=&#8220;Noto Serif||||||||&#8220; text_text_color=&#8220;#331d01&#8243; text_font_size=&#8220;15px&#8220; global_colors_info=&#8220;{}&#8220;]<\/p>\n<p class=\"s7\">Im stillen, gr\u00fcnen Herzen des Modeneser Apennins, nur wenige Minuten von Guiglia entfernt, offenbart sich Borgo Sgarab\u00eca \u2013 ein Ort, der wie aus einer anderen Zeit wirkt. Hier wird die Natur zur Meisterin der Harmonie, und die Tradition der emilianischen Gastfreundschaft verbindet sich mit Jahrhunderten Geschichte zu einem Erlebnis, das authentisch, regenerierend und beinahe mystisch ist.<\/p>\n<p class=\"s7\"><span class=\"s8\">F\u00fcnf rustikal-elegante Wohneinheiten empfangen die G\u00e4ste in einer Landschaft von ergreifender Sch\u00f6nheit: jahrhundertealte Eichenw\u00e4lder, klare Quellen, die zwischen Felsen entspringen, k\u00fcnstliche Seen, in denen der Himmel unbewegt widerhallt, und eine reine Luft, die nach Harz, aromatischen Kr\u00e4utern und Freiheit duftet.<\/span><\/p>\n<p>[\/et_pb_text][\/et_pb_column][\/et_pb_row][\/et_pb_section][et_pb_section fb_built=&#8220;1&#8243; admin_label=&#8220;Feature&#8220; _builder_version=&#8220;4.24.2&#8243; _module_preset=&#8220;default&#8220; background_color=&#8220;#fffaf0&#8243; background_enable_pattern_style=&#8220;on&#8220; background_pattern_style=&#8220;pinwheel&#8220; background_pattern_color=&#8220;rgba(0,0,0,0.02)&#8220; custom_margin=&#8220;0px||0px||true|false&#8220; custom_padding=&#8220;0px||24px||false|false&#8220; border_color_all=&#8220;#c5b17a&#8220; border_width_top=&#8220;1px&#8220; border_width_bottom=&#8220;1px&#8220; locked=&#8220;off&#8220; collapsed=&#8220;on&#8220; global_colors_info=&#8220;{}&#8220;][et_pb_row _builder_version=&#8220;4.24.2&#8243; _module_preset=&#8220;default&#8220; width=&#8220;90%&#8220; max_width=&#8220;2560px&#8220; global_colors_info=&#8220;{}&#8220;][et_pb_column type=&#8220;4_4&#8243; _builder_version=&#8220;4.24.2&#8243; _module_preset=&#8220;default&#8220; global_colors_info=&#8220;{}&#8220;][et_pb_text _builder_version=&#8220;4.27.5&#8243; _module_preset=&#8220;078abda9-5fbf-495a-aa0b-09dd4af1a1ca&#8220; header_2_font_size=&#8220;35px&#8220; custom_margin=&#8220;20px||10px||false|false&#8220; header_2_font_size_phone=&#8220;35px&#8220; global_colors_info=&#8220;{}&#8220;]<\/p>\n<h2>Eine Gastfreundschaft, die regeneriert<\/h2>\n<p>[\/et_pb_text][et_pb_text _builder_version=&#8220;4.24.2&#8243; _module_preset=&#8220;default&#8220; text_font=&#8220;Noto Serif||||||||&#8220; text_text_color=&#8220;#331d01&#8243; text_font_size=&#8220;15px&#8220; global_colors_info=&#8220;{}&#8220;]<\/p>\n<p class=\"s7\">In Borgo Sgarab\u00eca spricht jedes Detail von Authentizit\u00e4t und F\u00fcrsorge. Die f\u00fcnf Wohneinheiten, das Ergebnis einer sorgf\u00e4ltigen konservativen Restaurierung, haben jahrhundertealte Geb\u00e4ude wieder zum Leben erweckt, ihre urspr\u00fcngliche Struktur jedoch vollst\u00e4ndig bewahrt.<br \/>Die Materialien \u2013 Stein, Holz, Kalk und Terrakotta \u2013 wurden mit derselben Sensibilit\u00e4t ausgew\u00e4hlt, mit der man ein Kunstwerk restauriert.<\/p>\n<p class=\"s7\"><span class=\"s8\">Die Innenr\u00e4ume verbinden l\u00e4ndlichen Charme mit modernem Komfort: freiliegende Balken, Steinkamine, antike M\u00f6bel, die sich harmonisch mit minimalistischem Design verbinden, und nat\u00fcrliche Farbt\u00f6ne, die Ruhe und Ausgeglichenheit ausstrahlen. In jeder Wohnung sorgt die Fu\u00dfbodenheizung f\u00fcr wohlige W\u00e4rme in den k\u00e4lteren Monaten, w\u00e4hrend Klimaanlage und Insektenschutznetze an hellen Tagen f\u00fcr Komfort und Gelassenheit sorgen. Die diskrete Pr\u00e4senz einer Waschmaschine in jeder Wohneinheit macht den Aufenthalt noch freier, angenehmer und nat\u00fcrlicher \u2013 wie in einem liebevoll gepflegten Landhaus.  <\/span><\/p>\n<p class=\"s7\">Jede Unterkunft verf\u00fcgt zudem \u00fcber eine vollst\u00e4ndig ausgestattete K\u00fcche, elegante Badezimmer, WLAN, unabh\u00e4ngige Heizung, einen Safe und einen Smart-TV \u2013 f\u00fcr ein rundum wohltuendes Erlebnis.<br \/>Die Au\u00dfenbereiche geh\u00f6ren zum Aufenthalt dazu: panoramische Veranden, bl\u00fchende Arkaden, private G\u00e4rten und Ruhepl\u00e4tze, die zur Entschleunigung einladen.<br \/>Man kann im Schatten eines Kirschbaums lesen, Yoga im Sonnenaufgang praktizieren oder bei einem Glas lokalen Weines den Sonnenuntergang genie\u00dfen, w\u00e4hrend die Landschaft in goldenes Licht getaucht wird.<\/p>\n<p class=\"s7\">Borgo Sgarab\u00eca ist zudem ein idealer Ort f\u00fcr holistische Retreats, k\u00fcnstlerische Residenzen, literarische Aufenthalte, Slow-Business-Erlebnisse oder kleine private Veranstaltungen.<br \/>Jeder Gast findet hier einen ma\u00dfgeschneiderten Zufluchtsort \u2013 einen Ort der Seele, an dem die Zeit nicht dr\u00e4ngt, sondern begleitet, und wo der alte Atem des Steins mit dem der Erde, des Lichts und des Windes verschmilzt.<\/p>\n<p>[\/et_pb_text][\/et_pb_column][\/et_pb_row][\/et_pb_section]<\/p>\n","protected":false},"excerpt":{"rendered":"<p>BORGO SGARAB\u00ccADie zeitlose Essenz des Modeneser ApenninsIm stillen, gr\u00fcnen Herzen des Modeneser Apennins, nur wenige Minuten von Guiglia entfernt, offenbart sich Borgo Sgarab\u00eca \u2013 ein Ort, der wie aus einer anderen Zeit wirkt. Hier wird die Natur zur Meisterin der Harmonie, und die Tradition der emilianischen Gastfreundschaft verbindet sich mit Jahrhunderten Geschichte zu einem Erlebnis, [&hellip;]<\/p>\n","protected":false},"author":1,"featured_media":0,"parent":0,"menu_order":0,"comment_status":"closed","ping_status":"closed","template":"","meta":{"_et_pb_use_builder":"on","_et_pb_old_content":"","_et_gb_content_width":"","footnotes":""},"class_list":["post-510","page","type-page","status-publish","hentry"],"_links":{"self":[{"href":"https:\/\/borgosgarabiarelais.it\/de\/wp-json\/wp\/v2\/pages\/510","targetHints":{"allow":["GET"]}}],"collection":[{"href":"https:\/\/borgosgarabiarelais.it\/de\/wp-json\/wp\/v2\/pages"}],"about":[{"href":"https:\/\/borgosgarabiarelais.it\/de\/wp-json\/wp\/v2\/types\/page"}],"author":[{"embeddable":true,"href":"https:\/\/borgosgarabiarelais.it\/de\/wp-json\/wp\/v2\/users\/1"}],"replies":[{"embeddable":true,"href":"https:\/\/borgosgarabiarelais.it\/de\/wp-json\/wp\/v2\/comments?post=510"}],"version-history":[{"count":17,"href":"https:\/\/borgosgarabiarelais.it\/de\/wp-json\/wp\/v2\/pages\/510\/revisions"}],"predecessor-version":[{"id":1238,"href":"https:\/\/borgosgarabiarelais.it\/de\/wp-json\/wp\/v2\/pages\/510\/revisions\/1238"}],"wp:attachment":[{"href":"https:\/\/borgosgarabiarelais.it\/de\/wp-json\/wp\/v2\/media?parent=510"}],"curies":[{"name":"wp","href":"https:\/\/api.w.org\/{rel}","templated":true}]}}