{"id":492,"date":"2025-12-19T13:09:52","date_gmt":"2025-12-19T12:09:52","guid":{"rendered":"https:\/\/borgosgarabiarelais.it\/sehenswuerdigkeiten\/"},"modified":"2026-02-13T13:27:48","modified_gmt":"2026-02-13T12:27:48","slug":"sehenswuerdigkeiten","status":"publish","type":"page","link":"https:\/\/borgosgarabiarelais.it\/de\/sehenswuerdigkeiten\/","title":{"rendered":"Sehensw\u00fcrdigkeiten"},"content":{"rendered":"<p>[et_pb_section fb_built=&#8220;1&#8243; admin_label=&#8220;Features&#8220; _builder_version=&#8220;4.27.5&#8243; _module_preset=&#8220;default&#8220; background_color=&#8220;#FAF5EF&#8220; custom_padding=&#8220;24px|||||&#8220; saved_tabs=&#8220;all&#8220; locked=&#8220;off&#8220; collapsed=&#8220;off&#8220; global_colors_info=&#8220;{}&#8220;][et_pb_row _builder_version=&#8220;4.27.4&#8243; _module_preset=&#8220;default&#8220; width=&#8220;90%&#8220; max_width=&#8220;2560px&#8220; global_colors_info=&#8220;{}&#8220;][et_pb_column type=&#8220;4_4&#8243; _builder_version=&#8220;4.17.6&#8243; _module_preset=&#8220;default&#8220; global_colors_info=&#8220;{}&#8220;][et_pb_text _builder_version=&#8220;4.27.5&#8243; _module_preset=&#8220;default&#8220; text_font=&#8220;Noto Serif||||||||&#8220; text_text_color=&#8220;#000000&#8243; text_font_size=&#8220;30px&#8220; text_line_height=&#8220;1.3em&#8220; custom_margin=&#8220;0px||||false|false&#8220; global_colors_info=&#8220;{}&#8220;]<\/p>\n<p class=\"p1\">Attraktionen in der Umgebung von Borgo Sgarab\u00eca<br \/><span style=\"font-size: x-large; color: #716259;\">Historische D\u00f6rfer, Weing\u00fcter, K\u00e4sereien, Naturpfade und das legend\u00e4re Motor Valley: all das macht die Emilia zu einem einzigartigen Reiseziel, das von unserem Dorf aus leicht zu erreichen ist.<\/span><\/p>\n<p>[\/et_pb_text][\/et_pb_column][\/et_pb_row][et_pb_row column_structure=&#8220;1_2,1_2&#8243; _builder_version=&#8220;4.27.4&#8243; _module_preset=&#8220;default&#8220; width=&#8220;90%&#8220; max_width=&#8220;2560px&#8220; custom_padding=&#8220;||2px|||&#8220; global_colors_info=&#8220;{}&#8220;][et_pb_column type=&#8220;1_2&#8243; _builder_version=&#8220;4.17.6&#8243; _module_preset=&#8220;default&#8220; global_colors_info=&#8220;{}&#8220;][et_pb_text _builder_version=&#8220;4.24.2&#8243; _module_preset=&#8220;default&#8220; text_font=&#8220;Manrope||||||||&#8220; text_text_color=&#8220;#716259&#8243; text_font_size=&#8220;15px&#8220; header_font=&#8220;Noto Serif||||||||&#8220; header_4_font=&#8220;Noto Serif|||on|||||&#8220; header_4_text_color=&#8220;#000000&#8243; global_colors_info=&#8220;{}&#8220;]<\/p>\n<h4 class=\"p1\">\ud83c\udf77 Gastronomie &amp; lokale Traditionen<\/h4>\n<ul data-start=\"243\" data-end=\"729\">\n<li data-start=\"243\" data-end=\"295\">\n<p data-start=\"245\" data-end=\"295\">F\u00fchrungen zu den <strong data-start=\"265\" data-end=\"295\">historischen Essigfabriken von Modena<\/strong><\/p>\n<\/li>\n<li data-start=\"296\" data-end=\"344\">\n<p data-start=\"298\" data-end=\"344\">Besuche in den <strong data-start=\"308\" data-end=\"344\">K\u00e4sereien von Parmigiano Reggiano<\/strong><\/p>\n<\/li>\n<li data-start=\"345\" data-end=\"398\">\n<p data-start=\"347\" data-end=\"398\">Touren in <strong data-start=\"355\" data-end=\"398\">Schinkenfabriken und Handwerksbetrieben<\/strong><\/p>\n<\/li>\n<li data-start=\"399\" data-end=\"470\">\n<p data-start=\"401\" data-end=\"470\">Besichtigungen und <strong data-start=\"410\" data-end=\"437\">Verkostungen in Weinkellern<\/strong> der Colli Bolognesi und Modenesi<\/p>\n<\/li>\n<li data-start=\"471\" data-end=\"539\">\n<p data-start=\"473\" data-end=\"539\">Verkostungen typischer Produkte direkt von lokalen Produzenten<\/p>\n<\/li>\n<li data-start=\"540\" data-end=\"621\">\n<p data-start=\"542\" data-end=\"621\"><strong data-start=\"542\" data-end=\"574\">Traditionelle Kochkurse<\/strong> (z. B. handgemachte Pasta mit einer K\u00f6chin aus der Region)<\/p>\n<\/li>\n<li data-start=\"622\" data-end=\"665\">\n<p data-start=\"624\" data-end=\"665\"><strong data-start=\"624\" data-end=\"642\">Gourmet-Picknick<\/strong> mit Produkten aus der Region<\/p>\n<\/li>\n<li data-start=\"666\" data-end=\"692\">\n<p data-start=\"668\" data-end=\"692\"><strong data-start=\"668\" data-end=\"692\">Grillen im Freien<\/strong><\/p>\n<\/li>\n<li data-start=\"693\" data-end=\"729\">\n<p data-start=\"695\" data-end=\"729\">Besondere Abendessen mit <strong data-start=\"713\" data-end=\"729\">Privatkoch<\/strong><\/p>\n<\/li>\n<\/ul>\n<h2 data-start=\"736\" data-end=\"771\"><\/h2>\n<h4 class=\"p1\">\ud83c\udfce\ufe0f Motoren &amp; Industriekultur<\/h4>\n<ul>\n<li data-start=\"772\" data-end=\"807\">\n<p data-start=\"774\" data-end=\"807\">Erlebnisse im <strong data-start=\"791\" data-end=\"807\">Motor Valley<\/strong><\/p>\n<\/li>\n<li data-start=\"808\" data-end=\"884\">\n<p data-start=\"810\" data-end=\"884\">Besuche in <strong data-start=\"819\" data-end=\"843\">Museen und Fabriken<\/strong> von Ferrari, Lamborghini, Pagani und Ducati<\/p>\n<\/li>\n<\/ul>\n<h4 class=\"p1\"><\/h4>\n<h4 class=\"p1\">\ud83c\udfa8 Kunst, Kultur &amp; Kreativit\u00e4t<\/h4>\n<ul>\n<li data-start=\"1565\" data-end=\"1591\">\n<p data-start=\"1567\" data-end=\"1591\"><strong data-start=\"1567\" data-end=\"1591\">K\u00fcnstlerresidenzen<\/strong><\/p>\n<\/li>\n<li data-start=\"1592\" data-end=\"1617\">\n<p data-start=\"1594\" data-end=\"1617\"><strong data-start=\"1594\" data-end=\"1617\">Literarische Aufenthalte<\/strong><\/p>\n<\/li>\n<li data-start=\"1592\" data-end=\"1617\">\n<p data-start=\"1594\" data-end=\"1617\"><strong data-start=\"1594\" data-end=\"1617\"><\/strong><span style=\"font-size: 15px;\">Erz\u00e4hlte Touren zwischen<\/span> <strong data-start=\"1716\" data-end=\"1744\" style=\"font-size: 15px;\">D\u00f6rfern, Burgen und Pfarrkirchen<\/strong><\/p>\n<\/li>\n<li data-start=\"1745\" data-end=\"1786\">\n<p data-start=\"1747\" data-end=\"1786\">Kulturelle Besuche in <strong data-start=\"1766\" data-end=\"1786\">Modena und Bologna<\/strong><\/p>\n<\/li>\n<\/ul>\n<p class=\"p1\">\n<p>[\/et_pb_text][\/et_pb_column][et_pb_column type=&#8220;1_2&#8243; _builder_version=&#8220;4.17.6&#8243; _module_preset=&#8220;default&#8220; global_colors_info=&#8220;{}&#8220;][et_pb_text _builder_version=&#8220;4.24.2&#8243; _module_preset=&#8220;default&#8220; text_font=&#8220;Manrope||||||||&#8220; text_text_color=&#8220;#716259&#8243; text_font_size=&#8220;15px&#8220; header_4_font=&#8220;Manrope|700||on|||||&#8220; header_4_text_color=&#8220;#000000&#8243; custom_padding=&#8220;||0px|||&#8220; global_colors_info=&#8220;{}&#8220;]<\/p>\n<h4 class=\"p1\">\ud83c\udf3f Natur, Outdoor &amp; Slow Living<\/h4>\n<ul>\n<li data-start=\"927\" data-end=\"954\">\n<p data-start=\"929\" data-end=\"954\"><strong data-start=\"929\" data-end=\"941\">Trekking<\/strong> in der Umgebung<\/p>\n<\/li>\n<li data-start=\"955\" data-end=\"1020\">\n<p data-start=\"957\" data-end=\"1020\">Naturpfade im <strong data-start=\"984\" data-end=\"1020\">Parco dei Sassi di Roccamalatina<\/strong><\/p>\n<\/li>\n<li data-start=\"1021\" data-end=\"1058\">\n<p data-start=\"1023\" data-end=\"1058\">Ausfl\u00fcge zu den <strong data-start=\"1039\" data-end=\"1058\">Gole del Panaro<\/strong><\/p>\n<\/li>\n<li data-start=\"1059\" data-end=\"1105\">\n<p data-start=\"1061\" data-end=\"1105\">Routen auf der <strong data-start=\"1077\" data-end=\"1105\">Via dei Vulcani di Fango<\/strong><\/p>\n<\/li>\n<li data-start=\"1106\" data-end=\"1153\">\n<p data-start=\"1108\" data-end=\"1153\"><strong data-start=\"1108\" data-end=\"1123\">E-Bike-Touren<\/strong> durch H\u00fcgel, D\u00f6rfer und Weinberge<\/p>\n<\/li>\n<li data-start=\"1154\" data-end=\"1178\">\n<p data-start=\"1156\" data-end=\"1178\">Spazierg\u00e4nge in den W\u00e4ldern<\/p>\n<\/li>\n<li data-start=\"1179\" data-end=\"1206\">\n<p data-start=\"1181\" data-end=\"1206\"><strong data-start=\"1181\" data-end=\"1206\">Reiten<\/strong><\/p>\n<\/li>\n<li data-start=\"1207\" data-end=\"1261\">\n<p data-start=\"1209\" data-end=\"1261\">Meditation in der Natur (See, Wald, G\u00e4rten)<\/p>\n<\/li>\n<li data-start=\"1262\" data-end=\"1307\">\n<p data-start=\"1264\" data-end=\"1307\">Lesen und Entspannen in den Gr\u00fcnfl\u00e4chen des Dorfes<\/p>\n<\/li>\n<\/ul>\n<h4 class=\"p1\">\ud83e\uddd8\u200d\u2640\ufe0f Wellness &amp; ganzheitliche Praktiken<\/h4>\n<ul>\n<li data-start=\"1354\" data-end=\"1398\">\n<p data-start=\"1356\" data-end=\"1398\"><strong data-start=\"1356\" data-end=\"1375\">Yoga im Freien<\/strong> (im Morgengrauen oder im Gr\u00fcnen)<\/p>\n<\/li>\n<li data-start=\"1399\" data-end=\"1420\">\n<p data-start=\"1401\" data-end=\"1420\"><strong data-start=\"1408\" data-end=\"1420\">Ganzheitliche<\/strong> Retreats<\/p>\n<\/li>\n<li data-start=\"1421\" data-end=\"1463\">\n<p data-start=\"1423\" data-end=\"1463\">Meditation und Achtsamkeits\u00fcbungen<\/p>\n<\/li>\n<li data-start=\"1464\" data-end=\"1525\">\n<p data-start=\"1466\" data-end=\"1525\">Regenerierende Aufenthalte, die auf Langsamkeit und Stille ausgerichtet sind<\/p>\n<\/li>\n<\/ul>\n<p>[\/et_pb_text][\/et_pb_column][\/et_pb_row][\/et_pb_section][et_pb_section fb_built=&#8220;1&#8243; admin_label=&#8220;Features&#8220; _builder_version=&#8220;4.27.5&#8243; _module_preset=&#8220;default&#8220; background_color=&#8220;#FFFFFF&#8220; custom_padding=&#8220;24px|||||&#8220; saved_tabs=&#8220;all&#8220; locked=&#8220;off&#8220; collapsed=&#8220;off&#8220; global_colors_info=&#8220;{}&#8220;][et_pb_row _builder_version=&#8220;4.27.4&#8243; _module_preset=&#8220;default&#8220; width=&#8220;90%&#8220; max_width=&#8220;2560px&#8220; custom_padding=&#8220;||2px|||&#8220; global_colors_info=&#8220;{}&#8220;][et_pb_column type=&#8220;4_4&#8243; _builder_version=&#8220;4.17.6&#8243; _module_preset=&#8220;default&#8220; global_colors_info=&#8220;{}&#8220;][et_pb_text _builder_version=&#8220;4.27.5&#8243; _module_preset=&#8220;default&#8220; text_font=&#8220;Noto Serif||||||||&#8220; text_text_color=&#8220;#000000&#8243; text_font_size=&#8220;32px&#8220; text_line_height=&#8220;1.3em&#8220; header_2_font_size=&#8220;35px&#8220; custom_margin=&#8220;||10px||false|false&#8220; hover_enabled=&#8220;0&#8243; text_font_size_tablet=&#8220;32px&#8220; text_font_size_phone=&#8220;32px&#8220; text_font_size_last_edited=&#8220;on|phone&#8220; global_colors_info=&#8220;{}&#8220; sticky_enabled=&#8220;0&#8243;]<\/p>\n<p>Alles nur wenige Minuten von Borgo Sgarab\u00eca entfernt<\/p>\n<p>[\/et_pb_text][et_pb_text _builder_version=&#8220;4.27.5&#8243; _module_preset=&#8220;default&#8220; text_font=&#8220;Noto Serif||||||||&#8220; text_text_color=&#8220;#000000&#8243; text_font_size=&#8220;20px&#8220; text_line_height=&#8220;1.3em&#8220; header_2_font_size=&#8220;35px&#8220; custom_margin=&#8220;||33px||false|false&#8220; global_colors_info=&#8220;{}&#8220;]<\/p>\n<p data-start=\"367\" data-end=\"462\">Entdecken Sie, wie einfach es ist, die wichtigsten Attraktionszentren von unserem B&amp;B aus zu erreichen.<\/p>\n<p>[\/et_pb_text][et_pb_text _builder_version=&#8220;4.27.5&#8243; _module_preset=&#8220;default&#8220; text_font=&#8220;Noto Serif||||||||&#8220; text_font_size=&#8220;16px&#8220; global_colors_info=&#8220;{}&#8220;]<\/p>\n<p> \u2022 Galleria Ferrari Maranello &#8211; 30 km<br \/>\u2022 Museo Enzo Ferrari MEF &#8211; 40 km<br \/>\u2022 Museo Ducati &#8211; 44 km<br \/>\u2022 Teatro comunale Pavarotti &#8211; 40 km<br \/>\u2022 Casa Luciano Pavarotti &#8211; 37 km<br \/>\u2022 Museo Aceto Balsamico di Modena 3 &#8211; 24 km<br \/>\u2022 Casa Vasco Rossi &#8211; 17 km<br \/>\u2022 Osteria Francescana &#8211; 40 km<\/p>\n<p>[\/et_pb_text][\/et_pb_column][\/et_pb_row][\/et_pb_section]<\/p>\n","protected":false},"excerpt":{"rendered":"<p>Attraktionen in der Umgebung von Borgo Sgarab\u00ecaHistorische D\u00f6rfer, Weing\u00fcter, K\u00e4sereien, Naturpfade und das legend\u00e4re Motor Valley: all das macht die Emilia zu einem einzigartigen Reiseziel, das von unserem Dorf aus leicht zu erreichen ist.\ud83c\udf77 Gastronomie &amp; lokale Traditionen F\u00fchrungen zu den historischen Essigfabriken von Modena Besuche in den K\u00e4sereien von Parmigiano Reggiano Touren in Schinkenfabriken [&hellip;]<\/p>\n","protected":false},"author":1,"featured_media":0,"parent":0,"menu_order":0,"comment_status":"closed","ping_status":"closed","template":"","meta":{"_et_pb_use_builder":"on","_et_pb_old_content":"","_et_gb_content_width":"","iawp_total_views":0,"footnotes":""},"class_list":["post-492","page","type-page","status-publish","hentry"],"_links":{"self":[{"href":"https:\/\/borgosgarabiarelais.it\/de\/wp-json\/wp\/v2\/pages\/492","targetHints":{"allow":["GET"]}}],"collection":[{"href":"https:\/\/borgosgarabiarelais.it\/de\/wp-json\/wp\/v2\/pages"}],"about":[{"href":"https:\/\/borgosgarabiarelais.it\/de\/wp-json\/wp\/v2\/types\/page"}],"author":[{"embeddable":true,"href":"https:\/\/borgosgarabiarelais.it\/de\/wp-json\/wp\/v2\/users\/1"}],"replies":[{"embeddable":true,"href":"https:\/\/borgosgarabiarelais.it\/de\/wp-json\/wp\/v2\/comments?post=492"}],"version-history":[{"count":6,"href":"https:\/\/borgosgarabiarelais.it\/de\/wp-json\/wp\/v2\/pages\/492\/revisions"}],"predecessor-version":[{"id":929,"href":"https:\/\/borgosgarabiarelais.it\/de\/wp-json\/wp\/v2\/pages\/492\/revisions\/929"}],"wp:attachment":[{"href":"https:\/\/borgosgarabiarelais.it\/de\/wp-json\/wp\/v2\/media?parent=492"}],"curies":[{"name":"wp","href":"https:\/\/api.w.org\/{rel}","templated":true}]}}