{"id":1841,"date":"2026-03-20T10:18:40","date_gmt":"2026-03-20T09:18:40","guid":{"rendered":"https:\/\/borgosgarabiarelais.it\/das-dorf-erleben\/"},"modified":"2026-04-11T21:02:57","modified_gmt":"2026-04-11T19:02:57","slug":"das-dorf-erleben","status":"publish","type":"page","link":"https:\/\/borgosgarabiarelais.it\/de\/das-dorf-erleben\/","title":{"rendered":"DAS DORF ERLEBEN"},"content":{"rendered":"<p>[et_pb_section fb_built=&#8220;1&#8243; admin_label=&#8220;Header&#8220; _builder_version=&#8220;4.27.6&#8243; _module_preset=&#8220;default&#8220; background_image=&#8220;https:\/\/borgosgarabiarelais.it\/wp-content\/uploads\/2026\/03\/flo-p-pUor_oQHEG4-unsplash-scaled.jpg&#8220; background_position=&#8220;bottom_center&#8220; background_vertical_offset=&#8220;24%&#8220; custom_padding=&#8220;14px||116px|||&#8220; locked=&#8220;off&#8220; collapsed=&#8220;on&#8220; global_colors_info=&#8220;{}&#8220;][et_pb_row _builder_version=&#8220;4.27.5&#8243; _module_preset=&#8220;default&#8220; width=&#8220;90%&#8220; max_width=&#8220;2560px&#8220; global_colors_info=&#8220;{}&#8220;][et_pb_column type=&#8220;4_4&#8243; _builder_version=&#8220;4.22.0&#8243; _module_preset=&#8220;default&#8220; custom_padding=&#8220;60px||60px||true|false&#8220; custom_padding_tablet=&#8220;0px||0px||true|false&#8220; custom_padding_phone=&#8220;0px||0px||true|false&#8220; custom_padding_last_edited=&#8220;on|desktop&#8220; global_colors_info=&#8220;{}&#8220;][et_pb_text _builder_version=&#8220;4.27.6&#8243; _module_preset=&#8220;c79a7595-4993-4ea6-9ec4-09e08a53c0be&#8220; header_text_color=&#8220;#FFFFFF&#8220; header_font_size=&#8220;62px&#8220; header_font_size_tablet=&#8220;62px&#8220; header_font_size_phone=&#8220;48px&#8220; header_font_size_last_edited=&#8220;on|phone&#8220; global_colors_info=&#8220;{}&#8220;]<\/p>\n<h1 style=\"text-align: center;\">Das Dorf erleben<\/h1>\n<p>[\/et_pb_text][\/et_pb_column][\/et_pb_row][\/et_pb_section][et_pb_section fb_built=&#8220;1&#8243; admin_label=&#8220;Feature&#8220; _builder_version=&#8220;4.27.6&#8243; _module_preset=&#8220;default&#8220; background_color=&#8220;#f2ede4&#8243; background_enable_pattern_style=&#8220;on&#8220; background_pattern_style=&#8220;pinwheel&#8220; background_pattern_color=&#8220;rgba(0,0,0,0.02)&#8220; custom_margin=&#8220;0px||0px||true|false&#8220; custom_padding=&#8220;0px||24px||false|false&#8220; border_color_all=&#8220;#c5b17a&#8220; border_width_top=&#8220;1px&#8220; border_width_bottom=&#8220;1px&#8220; locked=&#8220;off&#8220; collapsed=&#8220;on&#8220; global_colors_info=&#8220;{}&#8220;][et_pb_row column_structure=&#8220;1_2,1_2&#8243; _builder_version=&#8220;4.27.6&#8243; _module_preset=&#8220;default&#8220; width=&#8220;90%&#8220; max_width=&#8220;2560px&#8220; global_colors_info=&#8220;{}&#8220;][et_pb_column type=&#8220;1_2&#8243; _builder_version=&#8220;4.24.2&#8243; _module_preset=&#8220;default&#8220; global_colors_info=&#8220;{}&#8220;][et_pb_text _builder_version=&#8220;4.27.6&#8243; _module_preset=&#8220;078abda9-5fbf-495a-aa0b-09dd4af1a1ca&#8220; text_font_size=&#8220;35px&#8220; text_line_height=&#8220;45.5px&#8220; header_2_font_size=&#8220;35px&#8220; custom_margin=&#8220;20px||10px||false|false&#8220; header_2_font_size_phone=&#8220;35px&#8220; global_colors_info=&#8220;{}&#8220;]<\/p>\n<h2>Nicht nur \u00fcbernachten, sondern ein Erlebnis bewohnen<\/h2>\n<p>[\/et_pb_text][\/et_pb_column][et_pb_column type=&#8220;1_2&#8243; _builder_version=&#8220;4.27.6&#8243; _module_preset=&#8220;default&#8220; global_colors_info=&#8220;{}&#8220;][et_pb_text _builder_version=&#8220;4.27.6&#8243; _module_preset=&#8220;078abda9-5fbf-495a-aa0b-09dd4af1a1ca&#8220; text_font=&#8220;Noto Serif||||||||&#8220; text_text_color=&#8220;#331d01&#8243; text_font_size=&#8220;15px&#8220; text_line_height=&#8220;27px&#8220; header_2_font_size=&#8220;35px&#8220; custom_margin=&#8220;30px||10px||false|false&#8220; header_2_font_size_phone=&#8220;35px&#8220; inline_fonts=&#8220;Noto Serif&#8220; global_colors_info=&#8220;{}&#8220;]<\/p>\n<p><span style=\"font-size: medium;\"><span style=\"font-family: Noto Serif; color: #c49f38;\">Borgo Sgarab\u00eca ist nicht nur ein Ort zum Schlafen, sondern ein Raum zum Leben. Hier verlangsamt sich die Zeit, die R\u00e4ume laden zum Verweilen ein und jeder Aufenthalt kann sich in eine pers\u00f6nliche Erfahrung verwandeln, die ganz nach den W\u00fcnschen der G\u00e4ste gestaltet ist.<br \/><\/span><span style=\"font-family: Noto Serif; color: #c49f38;\">Von Aktivit\u00e4ten f\u00fcr Unternehmen bis hin zu privaten Veranstaltungen, von Wellness-Momenten bis hin zu kreativen und gastronomischen Erlebnissen \u2013 der Borgo bietet eine Gastfreundschaft, die aus authentischen Gesten, intimer Atmosph\u00e4re und Aktivit\u00e4ten besteht, die jeden Aufenthalt einzigartig machen.<\/span><\/span><\/p>\n<p>[\/et_pb_text][\/et_pb_column][\/et_pb_row][\/et_pb_section][et_pb_section fb_built=&#8220;1&#8243; _builder_version=&#8220;4.27.6&#8243; _module_preset=&#8220;default&#8220; global_colors_info=&#8220;{}&#8220;][et_pb_row column_structure=&#8220;1_2,1_2&#8243; _builder_version=&#8220;4.27.6&#8243; _module_preset=&#8220;default&#8220; width=&#8220;90%&#8220; max_width=&#8220;2560px&#8220; module_alignment=&#8220;center&#8220; custom_margin=&#8220;|-74px||122px||&#8220; custom_padding=&#8220;|0px||0px||&#8220; global_colors_info=&#8220;{}&#8220;][et_pb_column type=&#8220;1_2&#8243; _builder_version=&#8220;4.27.6&#8243; _module_preset=&#8220;default&#8220; global_colors_info=&#8220;{}&#8220;][et_pb_image src=&#8220;https:\/\/borgosgarabiarelais.it\/wp-content\/uploads\/2026\/03\/AdobeStock_261687458-scaled.jpeg&#8220; title_text=&#8220;Weinexperte h\u00e4lt ein Weinglas, betrachtet die Farbe und riecht am Aroma, Verkostung&#8220; _builder_version=&#8220;4.27.6&#8243; _module_preset=&#8220;default&#8220; width=&#8220;100%&#8220; min_height=&#8220;342px&#8220; height=&#8220;450px&#8220; custom_padding=&#8220;||0px|0px||&#8220; hover_enabled=&#8220;0&#8243; global_colors_info=&#8220;{}&#8220; sticky_enabled=&#8220;0&#8243;][\/et_pb_image][et_pb_button button_url=&#8220;https:\/\/borgosgarabiarelais.it\/esperienze\/&#8220; url_new_window=&#8220;on&#8220; button_text=&#8220;Erlebnisse&#8220; _builder_version=&#8220;4.27.6&#8243; _module_preset=&#8220;default&#8220; custom_button=&#8220;on&#8220; button_text_size=&#8220;19px&#8220; button_text_color=&#8220;#000000&#8243; button_bg_color=&#8220;#c5b17a&#8220; button_border_width=&#8220;0px&#8220; button_border_radius=&#8220;0px&#8220; button_font=&#8220;Noto Serif||||||||&#8220; positioning=&#8220;absolute&#8220; position_origin_a=&#8220;center_center&#8220; vertical_offset=&#8220;175px&#8220; custom_margin=&#8220;||30px|||&#8220; locked=&#8220;off&#8220; global_colors_info=&#8220;{}&#8220;][\/et_pb_button][\/et_pb_column][et_pb_column type=&#8220;1_2&#8243; _builder_version=&#8220;4.27.6&#8243; _module_preset=&#8220;default&#8220; global_colors_info=&#8220;{}&#8220;][et_pb_image src=&#8220;https:\/\/borgosgarabiarelais.it\/wp-content\/uploads\/2026\/03\/giftcard1-scaled.jpeg&#8220; title_text=&#8220;Nahaufnahme eines Tisches mit einem alten Papierumschlag. Ein Vintage-Briefumschlag liegt auf einem alten Buch, versiegelt mit einem Wachsstempel, daneben ein Federkiel und ein Tintenfass. &#8220; _builder_version=&#8220;4.27.6&#8243; _module_preset=&#8220;default&#8220; transform_scale_last_edited=&#8220;off|desktop&#8220; transform_translate_last_edited=&#8220;off|desktop&#8220; transform_rotate_last_edited=&#8220;off|desktop&#8220; transform_skew_last_edited=&#8220;off|desktop&#8220; transform_origin_last_edited=&#8220;off|desktop&#8220; transform_styles_last_edited=&#8220;off|desktop&#8220; height=&#8220;450px&#8220; hover_enabled=&#8220;0&#8243; global_colors_info=&#8220;{}&#8220; sticky_enabled=&#8220;0&#8243; min_height=&#8220;342px&#8220;][\/et_pb_image][et_pb_button button_url=&#8220;https:\/\/borgosgarabiarelais.it\/de\/gift-card\/&#8220; url_new_window=&#8220;on&#8220; button_text=&#8220;Gift Card&#8220; _builder_version=&#8220;4.27.6&#8243; _module_preset=&#8220;default&#8220; custom_button=&#8220;on&#8220; button_text_size=&#8220;19px&#8220; button_text_color=&#8220;#000000&#8243; button_bg_color=&#8220;#c5b17a&#8220; button_border_width=&#8220;0px&#8220; button_border_radius=&#8220;0px&#8220; button_font=&#8220;Noto Serif||||||||&#8220; positioning=&#8220;absolute&#8220; position_origin_a=&#8220;center_center&#8220; custom_margin=&#8220;||30px|||&#8220; locked=&#8220;off&#8220; global_colors_info=&#8220;{}&#8220;][\/et_pb_button][\/et_pb_column][\/et_pb_row][\/et_pb_section]<\/p>\n","protected":false},"excerpt":{"rendered":"<p>Das Dorf erlebenNicht nur \u00fcbernachten, sondern ein Erlebnis bewohnenBorgo Sgarab\u00eca ist nicht nur ein Ort zum Schlafen, sondern ein Raum zum Leben. Hier verlangsamt sich die Zeit, die R\u00e4ume laden zum Verweilen ein und jeder Aufenthalt kann sich in eine pers\u00f6nliche Erfahrung verwandeln, die ganz nach den W\u00fcnschen der G\u00e4ste gestaltet ist.Von Aktivit\u00e4ten f\u00fcr Unternehmen [&hellip;]<\/p>\n","protected":false},"author":4,"featured_media":0,"parent":0,"menu_order":0,"comment_status":"closed","ping_status":"closed","template":"","meta":{"_et_pb_use_builder":"on","_et_pb_old_content":"","_et_gb_content_width":"","iawp_total_views":0,"footnotes":""},"class_list":["post-1841","page","type-page","status-publish","hentry"],"_links":{"self":[{"href":"https:\/\/borgosgarabiarelais.it\/de\/wp-json\/wp\/v2\/pages\/1841","targetHints":{"allow":["GET"]}}],"collection":[{"href":"https:\/\/borgosgarabiarelais.it\/de\/wp-json\/wp\/v2\/pages"}],"about":[{"href":"https:\/\/borgosgarabiarelais.it\/de\/wp-json\/wp\/v2\/types\/page"}],"author":[{"embeddable":true,"href":"https:\/\/borgosgarabiarelais.it\/de\/wp-json\/wp\/v2\/users\/4"}],"replies":[{"embeddable":true,"href":"https:\/\/borgosgarabiarelais.it\/de\/wp-json\/wp\/v2\/comments?post=1841"}],"version-history":[{"count":2,"href":"https:\/\/borgosgarabiarelais.it\/de\/wp-json\/wp\/v2\/pages\/1841\/revisions"}],"predecessor-version":[{"id":1844,"href":"https:\/\/borgosgarabiarelais.it\/de\/wp-json\/wp\/v2\/pages\/1841\/revisions\/1844"}],"wp:attachment":[{"href":"https:\/\/borgosgarabiarelais.it\/de\/wp-json\/wp\/v2\/media?parent=1841"}],"curies":[{"name":"wp","href":"https:\/\/api.w.org\/{rel}","templated":true}]}}