{"id":1803,"date":"2026-03-22T15:06:57","date_gmt":"2026-03-22T14:06:57","guid":{"rendered":"https:\/\/borgosgarabiarelais.it\/gift-card\/"},"modified":"2026-04-11T20:56:16","modified_gmt":"2026-04-11T18:56:16","slug":"gift-card","status":"publish","type":"page","link":"https:\/\/borgosgarabiarelais.it\/de\/gift-card\/","title":{"rendered":"GIFT CARD"},"content":{"rendered":"<p>[et_pb_section fb_built=&#8220;1&#8243; admin_label=&#8220;Header&#8220; _builder_version=&#8220;4.27.6&#8243; _module_preset=&#8220;default&#8220; use_background_color_gradient=&#8220;on&#8220; background_color_gradient_direction=&#8220;133deg&#8220; background_color_gradient_stops=&#8220;rgba(0,0,0,0.43) 0%|rgba(0,0,0,0.25) 100%&#8220; background_color_gradient_overlays_image=&#8220;on&#8220; background_image=&#8220;https:\/\/borgosgarabiarelais.it\/wp-content\/uploads\/2026\/03\/giftcard1-scaled.jpeg&#8220; custom_padding=&#8220;14px||116px|||&#8220; locked=&#8220;off&#8220; collapsed=&#8220;on&#8220; global_colors_info=&#8220;{}&#8220;][et_pb_row _builder_version=&#8220;4.27.5&#8243; _module_preset=&#8220;default&#8220; width=&#8220;90%&#8220; max_width=&#8220;2560px&#8220; global_colors_info=&#8220;{}&#8220;][et_pb_column type=&#8220;4_4&#8243; _builder_version=&#8220;4.22.0&#8243; _module_preset=&#8220;default&#8220; custom_padding=&#8220;60px||60px||true|false&#8220; custom_padding_tablet=&#8220;0px||0px||true|false&#8220; custom_padding_phone=&#8220;0px||0px||true|false&#8220; custom_padding_last_edited=&#8220;on|desktop&#8220; global_colors_info=&#8220;{}&#8220;][et_pb_text _builder_version=&#8220;4.27.6&#8243; _module_preset=&#8220;c79a7595-4993-4ea6-9ec4-09e08a53c0be&#8220; header_text_color=&#8220;#FFFFFF&#8220; header_font_size=&#8220;62px&#8220; header_font_size_tablet=&#8220;62px&#8220; header_font_size_phone=&#8220;48px&#8220; header_font_size_last_edited=&#8220;on|phone&#8220; global_colors_info=&#8220;{}&#8220;]<\/p>\n<h1 style=\"text-align: center;\">Gift Card<\/h1>\n<p>[\/et_pb_text][\/et_pb_column][\/et_pb_row][\/et_pb_section][et_pb_section fb_built=&#8220;1&#8243; disabled_on=&#8220;off|off|off&#8220; admin_label=&#8220;Services&#8220; _builder_version=&#8220;4.24.2&#8243; _module_preset=&#8220;default&#8220; background_color=&#8220;rgba(51,23,16,0.44)&#8220; custom_padding=&#8220;2px||9px|||&#8220; locked=&#8220;off&#8220; collapsed=&#8220;on&#8220; global_colors_info=&#8220;{}&#8220;][et_pb_row column_structure=&#8220;1_2,1_2&#8243; _builder_version=&#8220;4.27.4&#8243; _module_preset=&#8220;default&#8220; background_enable_color=&#8220;off&#8220; width=&#8220;90%&#8220; max_width=&#8220;2560px&#8220; custom_margin=&#8220;0px||0px||false|false&#8220; custom_padding=&#8220;40px||40px||true|false&#8220; locked=&#8220;off&#8220; global_colors_info=&#8220;{}&#8220;][et_pb_column type=&#8220;1_2&#8243; _builder_version=&#8220;4.17.6&#8243; _module_preset=&#8220;default&#8220; global_colors_info=&#8220;{}&#8220;][et_pb_text content_tablet=&#8220;Die Seele der H\u00e4user<br \/>\nvon Borgo Sgarab\u00eca&#8220; content_phone=&#8220;Die Seele der H\u00e4user<br \/>\nvon Borgo Sgarab\u00eca&#8220; content_last_edited=&#8220;on|phone&#8220; _builder_version=&#8220;4.27.6&#8243; _module_preset=&#8220;default&#8220; text_text_color=&#8220;#fffaf0&#8243; text_font_size=&#8220;35px&#8220; text_line_height=&#8220;1.5em&#8220; width=&#8220;100%&#8220; custom_margin=&#8220;||21px|||&#8220; text_font_size_tablet=&#8220;35px&#8220; text_font_size_phone=&#8220;30px&#8220; text_font_size_last_edited=&#8220;on|phone&#8220; locked=&#8220;off&#8220; global_colors_info=&#8220;{}&#8220;]<\/p>\n<p>Ein Geschenk, das zur Erinnerung wird<\/p>\n<p>[\/et_pb_text][\/et_pb_column][et_pb_column type=&#8220;1_2&#8243; _builder_version=&#8220;4.17.6&#8243; _module_preset=&#8220;default&#8220; global_colors_info=&#8220;{}&#8220;][et_pb_text _builder_version=&#8220;4.27.6&#8243; _module_preset=&#8220;default&#8220; text_text_color=&#8220;#fffaf0&#8243; text_line_height=&#8220;1.8em&#8220; width=&#8220;100%&#8220; inline_fonts=&#8220;Noto Sans,Noto Serif&#8220; global_colors_info=&#8220;{}&#8220;]<\/p>\n<p align=\"justify\" style=\"line-height: 116%; margin-bottom: 0.11in;\"><span style=\"font-family: Noto Serif;\">Es gibt Geschenke, die man in einem Augenblick auspackt, und andere, die man \u00fcber die Zeit hinweg erlebt.<br \/>Die Gift Cards des Borgo sind dazu da, ein Erlebnis zu verschenken: eine Pause, eine Begegnung, eine Emotion zum Ausw\u00e4hlen und Bewahren.<br \/>Perfekt f\u00fcr jeden besonderen Anlass erm\u00f6glichen sie es den Beschenkten, das Borgo nach ihren eigenen W\u00fcnschen zu erleben \u2013 zwischen Aufenthalten, Erlebnissen und gemeinsamen Momenten.<\/span><\/p>\n<p>[\/et_pb_text][\/et_pb_column][\/et_pb_row][\/et_pb_section][et_pb_section fb_built=&#8220;1&#8243; _builder_version=&#8220;4.27.6&#8243; _module_preset=&#8220;default&#8220; global_colors_info=&#8220;{}&#8220;][et_pb_row column_structure=&#8220;1_2,1_2&#8243; _builder_version=&#8220;4.27.6&#8243; _module_preset=&#8220;default&#8220; custom_padding=&#8220;||27px|||&#8220; global_colors_info=&#8220;{}&#8220;][et_pb_column type=&#8220;1_2&#8243; _builder_version=&#8220;4.27.6&#8243; _module_preset=&#8220;default&#8220; custom_padding=&#8220;30px|30px|30px|30px|false|false&#8220; border_width_all=&#8220;2px&#8220; border_color_all=&#8220;#c5b17a&#8220; global_colors_info=&#8220;{}&#8220;][et_pb_text _builder_version=&#8220;4.27.6&#8243; _module_preset=&#8220;default&#8220; text_text_color=&#8220;#c5b17a&#8220; hover_enabled=&#8220;0&#8243; global_colors_info=&#8220;{}&#8220; sticky_enabled=&#8220;0&#8243;]<\/p>\n<h2>Verschenke einen Aufenthalt<\/h2>\n<p><span style=\"color: #aa8f59; font-family: Noto Serif; font-size: 19px\">Die wertvollste Zeit ist die, die man sich selbst widmet<\/span><\/p>\n<p><span style=\"color: #ffcc99;\"><\/span><\/p>\n<p><span style=\"color: #000000;\">Eine Gift Card f\u00fcr einen Aufenthalt ist eine Einladung, innehzuhalten, durchzuatmen und sich von der Atmosph\u00e4re des Borgo willkommen hei\u00dfen zu lassen.<br \/>Es ist das ideale Geschenk, um einen Jahrestag zu feiern, einen geliebten Menschen zu \u00fcberraschen oder eine Auszeit voller Sch\u00f6nheit und Ruhe zu schenken.<br \/>Wer sie erh\u00e4lt, kann den Zeitpunkt des Erlebnisses selbst w\u00e4hlen und seinen Aufenthalt zwischen Natur, Komfort und Region gestalten.<br \/>Ein Geschenk, das zu Zeit, Licht, Stille und Erinnerungen wird.<\/span><span style=\"color: #000000;\"><\/span><\/p>\n<p>[\/et_pb_text][et_pb_button button_url=&#8220;https:\/\/borgosgarabiarelais.it\/de\/die-zimmer\/&#8220; button_text=&#8220;Entdecke die Zimmer&#8220; _builder_version=&#8220;4.27.6&#8243; _module_preset=&#8220;default&#8220; custom_button=&#8220;on&#8220; button_text_size=&#8220;19px&#8220; button_text_color=&#8220;#000000&#8243; button_bg_color=&#8220;#c5b17a&#8220; button_border_width=&#8220;0px&#8220; button_border_radius=&#8220;0px&#8220; button_font=&#8220;Noto Serif||||||||&#8220; global_colors_info=&#8220;{}&#8220;][\/et_pb_button][\/et_pb_column][et_pb_column type=&#8220;1_2&#8243; _builder_version=&#8220;4.27.6&#8243; _module_preset=&#8220;default&#8220; custom_padding=&#8220;30px|30px|30px|30px|false|false&#8220; border_width_all=&#8220;2px&#8220; border_color_all=&#8220;#c5b17a&#8220; global_colors_info=&#8220;{}&#8220;][et_pb_text _builder_version=&#8220;4.27.6&#8243; _module_preset=&#8220;default&#8220; text_text_color=&#8220;#c5b17a&#8220; min_height=&#8220;284.4px&#8220; custom_margin=&#8220;||70px|||&#8220; hover_enabled=&#8220;0&#8243; global_colors_info=&#8220;{}&#8220; sticky_enabled=&#8220;0&#8243;]<\/p>\n<h2>Verschenke ein Erlebnis<\/h2>\n<p><span style=\"color: #aa8f59; font-family: Noto Serif; font-size: 19px\">Emotionen zum Erleben, nicht zum Aufbewahren<\/span><\/p>\n<p><span style=\"color: #000000;\"><\/span><\/p>\n<p><span style=\"color: #000000;\">Die Gift Cards k\u00f6nnen auch f\u00fcr spezifische Erlebnisse genutzt werden: Verkostungen, Kurse, private Momente, Aktivit\u00e4ten in der Natur oder vom Borgo organisierte Events.<br \/>Eine perfekte Idee f\u00fcr alle, die es lieben, die Region auf authentische Weise zu entdecken, zu lernen, zu teilen und zu erleben.<br \/>Jedes Erlebnis wird zu einer Geschichte, die man mit nach Hause nimmt.<\/p>\n<p><\/span><\/p>\n<p>[\/et_pb_text][et_pb_button button_url=&#8220;https:\/\/borgosgarabiarelais.it\/de\/die-zimmer\/&#8220; button_text=&#8220;Entdecke die Zimmer&#8220; _builder_version=&#8220;4.27.6&#8243; _module_preset=&#8220;default&#8220; custom_button=&#8220;on&#8220; button_text_size=&#8220;19px&#8220; button_text_color=&#8220;#000000&#8243; button_bg_color=&#8220;#c5b17a&#8220; button_border_width=&#8220;0px&#8220; button_border_radius=&#8220;0px&#8220; button_font=&#8220;Noto Serif||||||||&#8220; custom_margin=&#8220;-19px|||||&#8220; global_colors_info=&#8220;{}&#8220;][\/et_pb_button][\/et_pb_column][\/et_pb_row][\/et_pb_section][et_pb_section fb_built=&#8220;1&#8243; admin_label=&#8220;Header&#8220; _builder_version=&#8220;4.27.6&#8243; _module_preset=&#8220;default&#8220; use_background_color_gradient=&#8220;on&#8220; background_color_gradient_direction=&#8220;133deg&#8220; background_color_gradient_stops=&#8220;rgba(0,0,0,0.43) 0%|rgba(0,0,0,0.25) 100%&#8220; background_color_gradient_overlays_image=&#8220;on&#8220; background_image=&#8220;https:\/\/borgosgarabiarelais.it\/wp-content\/uploads\/2026\/03\/6_Attivita-su-richiesta-per-ospiti-scaled.jpeg&#8220; custom_padding=&#8220;14px||116px|||&#8220; locked=&#8220;off&#8220; collapsed=&#8220;on&#8220; global_colors_info=&#8220;{}&#8220;][et_pb_row _builder_version=&#8220;4.27.5&#8243; _module_preset=&#8220;default&#8220; width=&#8220;90%&#8220; max_width=&#8220;2560px&#8220; global_colors_info=&#8220;{}&#8220;][et_pb_column type=&#8220;4_4&#8243; _builder_version=&#8220;4.22.0&#8243; _module_preset=&#8220;default&#8220; custom_padding=&#8220;60px||60px||true|false&#8220; custom_padding_tablet=&#8220;0px||0px||true|false&#8220; custom_padding_phone=&#8220;0px||0px||true|false&#8220; custom_padding_last_edited=&#8220;on|desktop&#8220; global_colors_info=&#8220;{}&#8220;][et_pb_text _builder_version=&#8220;4.27.6&#8243; _module_preset=&#8220;c79a7595-4993-4ea6-9ec4-09e08a53c0be&#8220; header_text_color=&#8220;#FFFFFF&#8220; header_font_size=&#8220;62px&#8220; header_font_size_tablet=&#8220;62px&#8220; header_font_size_phone=&#8220;48px&#8220; header_font_size_last_edited=&#8220;on|phone&#8220; global_colors_info=&#8220;{}&#8220;]<\/p>\n<h1 style=\"text-align: center;\">Verschenke ein Erlebnis, personalisiere dein Geschenk<\/h1>\n<p style=\"text-align: center;\"><span style=\"color: #ffffff;\">Es gibt Geschenke, die man in einem Augenblick auspackt, und andere, die man \u00fcber die Zeit hinweg erlebt.<\/span><br \/><span style=\"color: #ffffff;\">Schreib uns, um die perfekte Gift Card zu erstellen: einen Aufenthalt, ein Erlebnis oder einen besonderen Moment im Borgo.<\/span><\/p>\n<p>[\/et_pb_text][et_pb_button button_url=&#8220;https:\/\/borgosgarabiarelais.it\/de\/kontakt\/&#8220; button_text=&#8220;Schreib uns&#8220; button_alignment=&#8220;center&#8220; _builder_version=&#8220;4.27.6&#8243; _module_preset=&#8220;default&#8220; custom_button=&#8220;on&#8220; button_text_size=&#8220;19px&#8220; button_text_color=&#8220;#000000&#8243; button_bg_color=&#8220;#c5b17a&#8220; button_border_width=&#8220;0px&#8220; button_border_radius=&#8220;0px&#8220; button_font=&#8220;Noto Serif||||||||&#8220; locked=&#8220;off&#8220; global_colors_info=&#8220;{}&#8220;][\/et_pb_button][\/et_pb_column][\/et_pb_row][\/et_pb_section]<\/p>\n","protected":false},"excerpt":{"rendered":"<p>Gift CardEin Geschenk, das zur Erinnerung wirdEs gibt Geschenke, die man in einem Augenblick auspackt, und andere, die man \u00fcber die Zeit hinweg erlebt.Die Gift Cards des Borgo sind dazu da, ein Erlebnis zu verschenken: eine Pause, eine Begegnung, eine Emotion zum Ausw\u00e4hlen und Bewahren.Perfekt f\u00fcr jeden besonderen Anlass erm\u00f6glichen sie es den Beschenkten, das [&hellip;]<\/p>\n","protected":false},"author":4,"featured_media":0,"parent":0,"menu_order":0,"comment_status":"closed","ping_status":"closed","template":"","meta":{"_et_pb_use_builder":"on","_et_pb_old_content":"","_et_gb_content_width":"","iawp_total_views":0,"footnotes":""},"class_list":["post-1803","page","type-page","status-publish","hentry"],"_links":{"self":[{"href":"https:\/\/borgosgarabiarelais.it\/de\/wp-json\/wp\/v2\/pages\/1803","targetHints":{"allow":["GET"]}}],"collection":[{"href":"https:\/\/borgosgarabiarelais.it\/de\/wp-json\/wp\/v2\/pages"}],"about":[{"href":"https:\/\/borgosgarabiarelais.it\/de\/wp-json\/wp\/v2\/types\/page"}],"author":[{"embeddable":true,"href":"https:\/\/borgosgarabiarelais.it\/de\/wp-json\/wp\/v2\/users\/4"}],"replies":[{"embeddable":true,"href":"https:\/\/borgosgarabiarelais.it\/de\/wp-json\/wp\/v2\/comments?post=1803"}],"version-history":[{"count":2,"href":"https:\/\/borgosgarabiarelais.it\/de\/wp-json\/wp\/v2\/pages\/1803\/revisions"}],"predecessor-version":[{"id":1807,"href":"https:\/\/borgosgarabiarelais.it\/de\/wp-json\/wp\/v2\/pages\/1803\/revisions\/1807"}],"wp:attachment":[{"href":"https:\/\/borgosgarabiarelais.it\/de\/wp-json\/wp\/v2\/media?parent=1803"}],"curies":[{"name":"wp","href":"https:\/\/api.w.org\/{rel}","templated":true}]}}