{"id":1746,"date":"2026-03-20T10:21:40","date_gmt":"2026-03-20T09:21:40","guid":{"rendered":"https:\/\/borgosgarabiarelais.it\/natur\/"},"modified":"2026-04-11T20:47:44","modified_gmt":"2026-04-11T18:47:44","slug":"natur","status":"publish","type":"page","link":"https:\/\/borgosgarabiarelais.it\/de\/natur\/","title":{"rendered":"NATUR"},"content":{"rendered":"<p>[et_pb_section fb_built=&#8220;1&#8243; admin_label=&#8220;Header&#8220; _builder_version=&#8220;4.27.6&#8243; _module_preset=&#8220;default&#8220; use_background_color_gradient=&#8220;on&#8220; background_color_gradient_direction=&#8220;133deg&#8220; background_color_gradient_stops=&#8220;rgba(0,0,0,0.43) 0%|rgba(0,0,0,0.25) 100%&#8220; background_color_gradient_overlays_image=&#8220;on&#8220; background_image=&#8220;https:\/\/borgosgarabiarelais.it\/wp-content\/uploads\/2026\/03\/natura1-scaled.jpeg&#8220; custom_padding=&#8220;14px||116px|||&#8220; locked=&#8220;off&#8220; collapsed=&#8220;on&#8220; global_colors_info=&#8220;{}&#8220;][et_pb_row _builder_version=&#8220;4.27.5&#8243; _module_preset=&#8220;default&#8220; width=&#8220;90%&#8220; max_width=&#8220;2560px&#8220; global_colors_info=&#8220;{}&#8220;][et_pb_column type=&#8220;4_4&#8243; _builder_version=&#8220;4.22.0&#8243; _module_preset=&#8220;default&#8220; custom_padding=&#8220;60px||60px||true|false&#8220; custom_padding_tablet=&#8220;0px||0px||true|false&#8220; custom_padding_phone=&#8220;0px||0px||true|false&#8220; custom_padding_last_edited=&#8220;on|desktop&#8220; global_colors_info=&#8220;{}&#8220;][et_pb_text _builder_version=&#8220;4.27.6&#8243; _module_preset=&#8220;c79a7595-4993-4ea6-9ec4-09e08a53c0be&#8220; header_text_color=&#8220;#FFFFFF&#8220; header_font_size=&#8220;62px&#8220; header_font_size_tablet=&#8220;62px&#8220; header_font_size_phone=&#8220;48px&#8220; header_font_size_last_edited=&#8220;on|phone&#8220; global_colors_info=&#8220;{}&#8220;]<\/p>\n<h1 style=\"text-align: center;\">Natur<\/h1>\n<p>[\/et_pb_text][\/et_pb_column][\/et_pb_row][\/et_pb_section][et_pb_section fb_built=&#8220;1&#8243; disabled_on=&#8220;off|off|off&#8220; admin_label=&#8220;Services&#8220; _builder_version=&#8220;4.24.2&#8243; _module_preset=&#8220;default&#8220; background_color=&#8220;rgba(51,23,16,0.44)&#8220; custom_padding=&#8220;2px||9px|||&#8220; locked=&#8220;off&#8220; collapsed=&#8220;on&#8220; global_colors_info=&#8220;{}&#8220;][et_pb_row column_structure=&#8220;1_2,1_2&#8243; _builder_version=&#8220;4.27.4&#8243; _module_preset=&#8220;default&#8220; background_enable_color=&#8220;off&#8220; width=&#8220;74.2%&#8220; max_width=&#8220;2560px&#8220; custom_margin=&#8220;0px|auto|-33px|auto|false|false&#8220; custom_padding=&#8220;41px||41px||true|false&#8220; locked=&#8220;off&#8220; global_colors_info=&#8220;{}&#8220;][et_pb_column type=&#8220;1_2&#8243; _builder_version=&#8220;4.17.6&#8243; _module_preset=&#8220;default&#8220; global_colors_info=&#8220;{}&#8220;][et_pb_text content_tablet=&#8220;Die Seele der H\u00e4user<br \/>\nvon Borgo Sgarab\u00eca&#8220; content_phone=&#8220;Die Seele der H\u00e4user<br \/>\nvon Borgo Sgarab\u00eca&#8220; content_last_edited=&#8220;on|phone&#8220; _builder_version=&#8220;4.27.6&#8243; _module_preset=&#8220;default&#8220; text_text_color=&#8220;#fffaf0&#8243; text_font_size=&#8220;35px&#8220; text_line_height=&#8220;1.5em&#8220; width=&#8220;100%&#8220; custom_margin=&#8220;||21px|||&#8220; text_font_size_tablet=&#8220;35px&#8220; text_font_size_phone=&#8220;30px&#8220; text_font_size_last_edited=&#8220;on|phone&#8220; locked=&#8220;off&#8220; global_colors_info=&#8220;{}&#8220;]<\/p>\n<p>Landschaften zum Durchqueren, Stille zum Lauschen<\/p>\n<p>[\/et_pb_text][\/et_pb_column][et_pb_column type=&#8220;1_2&#8243; _builder_version=&#8220;4.17.6&#8243; _module_preset=&#8220;default&#8220; global_colors_info=&#8220;{}&#8220;][et_pb_text _builder_version=&#8220;4.27.6&#8243; _module_preset=&#8220;default&#8220; text_text_color=&#8220;#fffaf0&#8243; text_line_height=&#8220;1.8em&#8220; width=&#8220;100%&#8220; inline_fonts=&#8220;Noto Sans,Noto Serif&#8220; global_colors_info=&#8220;{}&#8220;]<\/p>\n<p align=\"justify\" style=\"line-height: 116%; margin-bottom: 0.11in;\"><span style=\"font-family: Noto Serif;\">Rund um das Borgo \u00f6ffnet sich ein \u00fcberraschend vielf\u00e4ltiges Gebiet: sanfte H\u00fcgel voller Weinberge, Kastanienw\u00e4lder, Panoramawege, Erosionsschluchten, Apennin-K\u00e4mme und D\u00f6rfer im Gr\u00fcnen.<br \/>Es ist eine andere Emilia, intimer und authentischer, ideal f\u00fcr alle, die Kultur und Entspannung mit aktiven Momenten in der Natur verbinden m\u00f6chten.<br \/>Das Borgo schl\u00e4gt personalisierte Routen vor und organisiert gef\u00fchrte Ausfl\u00fcge und Outdoor-Aktivit\u00e4ten, um die Landschaft zu jeder Jahreszeit zu erleben.<\/span><\/p>\n<p>[\/et_pb_text][\/et_pb_column][\/et_pb_row][\/et_pb_section][et_pb_section fb_built=&#8220;1&#8243; _builder_version=&#8220;4.27.6&#8243; _module_preset=&#8220;default&#8220; custom_padding=&#8220;||56px|||&#8220; border_width_top=&#8220;1px&#8220; border_color_top=&#8220;#c5b17a&#8220; border_width_bottom=&#8220;1px&#8220; border_color_bottom=&#8220;#c5b17a&#8220; locked=&#8220;off&#8220; global_colors_info=&#8220;{}&#8220;][et_pb_row column_structure=&#8220;1_2,1_2&#8243; use_custom_gutter=&#8220;on&#8220; make_equal=&#8220;on&#8220; _builder_version=&#8220;4.27.5&#8243; _module_preset=&#8220;default&#8220; max_width=&#8220;2503px&#8220; custom_padding=&#8220;||46px|||&#8220; global_colors_info=&#8220;{}&#8220;][et_pb_column type=&#8220;1_2&#8243; _builder_version=&#8220;4.24.2&#8243; _module_preset=&#8220;default&#8220; global_colors_info=&#8220;{}&#8220;][et_pb_image src=&#8220;https:\/\/borgosgarabiarelais.it\/wp-content\/uploads\/2026\/03\/2_Passeggiate-e-Trekking-scaled.jpeg&#8220; title_text=&#8220;Aktives Paar mittleren Alters beim Wandern&#8220; align=&#8220;center&#8220; _builder_version=&#8220;4.27.6&#8243; _module_preset=&#8220;default&#8220; width=&#8220;69%&#8220; custom_margin=&#8220;||10px|||&#8220; global_colors_info=&#8220;{}&#8220;][\/et_pb_image][\/et_pb_column][et_pb_column type=&#8220;1_2&#8243; _builder_version=&#8220;4.24.2&#8243; _module_preset=&#8220;default&#8220; global_colors_info=&#8220;{}&#8220;][et_pb_text _builder_version=&#8220;4.27.6&#8243; _module_preset=&#8220;078abda9-5fbf-495a-aa0b-09dd4af1a1ca&#8220; header_2_font=&#8220;Noto Serif|700|||||||&#8220; header_2_text_color=&#8220;#E09900&#8243; header_2_font_size=&#8220;15px&#8220; custom_margin=&#8220;0px||0px||true|false&#8220; custom_padding=&#8220;0px||0px||true|false&#8220; locked=&#8220;off&#8220; global_colors_info=&#8220;{}&#8220;]<\/p>\n<h2><span style=\"color: #aa8f59; font-family: Noto Serif; font-size: 19px\">Spazierg\u00e4nge und Trekking<\/span><\/h2>\n<p>[\/et_pb_text][et_pb_text _builder_version=&#8220;4.27.6&#8243; _module_preset=&#8220;default&#8220; text_text_color=&#8220;#000000&#8243; text_font_size=&#8220;35px&#8220; text_line_height=&#8220;45.5px&#8220; custom_margin=&#8220;|1px|29px||false|false&#8220; global_colors_info=&#8220;{}&#8220;]<\/p>\n<h1>Zwischen W\u00e4ldern, K\u00e4mmen und Panoramen auf den Apennin<\/h1>\n<p>[\/et_pb_text][et_pb_text _builder_version=&#8220;4.27.6&#8243; _module_preset=&#8220;default&#8220; width=&#8220;96%&#8220; hover_enabled=&#8220;0&#8243; inline_fonts=&#8220;Noto Serif&#8220; global_colors_info=&#8220;{}&#8220; sticky_enabled=&#8220;0&#8243;]<\/p>\n<p align=\"justify\" style=\"line-height: 116%; margin-bottom: 0.11in;\"><span style=\"font-family: Arial, sans-serif; font-size: 14px; text-align: left;\">Wanderfreunde k\u00f6nnen zwischen zahlreichen markierten Wegen w\u00e4hlen, die sowohl f\u00fcr<br \/>entspannte Spazierg\u00e4nge als auch f\u00fcr anspruchsvollere Trekkingtouren geeignet sind.<br \/>Zu den beliebtesten Routen geh\u00f6ren:<\/span><\/p>\n<ul>\n<li align=\"justify\" style=\"line-height: 116%;\"><span style=\"font-family: Arial, sans-serif; font-size: 14px; text-align: left;\">Die Wege des Regionalparks Sassi di Roccamalatina mit seinen spektakul\u00e4ren Felsspitzen und den weiten Ausblicken auf die H\u00fcgel<\/span><\/li>\n<li align=\"justify\" style=\"line-height: 116%;\"><span style=\"font-family: Arial, sans-serif; font-size: 14px; text-align: left;\">Die Routen auf dem Monte Cimone, dem ikonischen Ziel des Apennins von Modena, perfekt f\u00fcr Sommerausfl\u00fcge<\/span><\/li>\n<li align=\"justify\" style=\"line-height: 116%;\"><span style=\"font-family: Arial, sans-serif; font-size: 14px; text-align: left;\">Die Wege durch die Kastanienw\u00e4lder von Zocca und Monteombraro, ideal im Herbst<\/span><\/li>\n<li align=\"justify\" style=\"line-height: 116%;\"><span style=\"font-family: Arial, sans-serif; font-size: 14px; text-align: left;\">Die Abschnitte des Cammino di San Geminiano, eines historisch-religi\u00f6sen Weges, der durch<br \/>l\u00e4ndliche Landschaften und D\u00f6rfer f\u00fchrt<\/span><span style=\"font-family: Arial, sans-serif; font-size: 14px; text-align: left;\"><\/span><\/li>\n<\/ul>\n<p><span style=\"font-family: Arial, sans-serif; font-size: 14px; text-align: left;\">Es sind Erlebnisse, die Natur, Geschichte und Stille verbinden, perfekt zum Regenerieren und Entschleunigen.<\/span><\/p>\n<p align=\"justify\" style=\"line-height: 116%; margin-bottom: 0.11in;\"><span style=\"font-family: Noto Serif;\"> <\/span><\/p>\n<p>[\/et_pb_text][\/et_pb_column][\/et_pb_row][\/et_pb_section][et_pb_section fb_built=&#8220;1&#8243; _builder_version=&#8220;4.27.6&#8243; _module_preset=&#8220;default&#8220; custom_padding=&#8220;||56px|||&#8220; border_width_top=&#8220;1px&#8220; border_color_top=&#8220;#c5b17a&#8220; border_width_bottom=&#8220;1px&#8220; border_color_bottom=&#8220;#c5b17a&#8220; locked=&#8220;off&#8220; global_colors_info=&#8220;{}&#8220;][et_pb_row column_structure=&#8220;1_2,1_2&#8243; use_custom_gutter=&#8220;on&#8220; make_equal=&#8220;on&#8220; _builder_version=&#8220;4.27.5&#8243; _module_preset=&#8220;default&#8220; max_width=&#8220;2503px&#8220; custom_padding=&#8220;||46px|||&#8220; global_colors_info=&#8220;{}&#8220;][et_pb_column type=&#8220;1_2&#8243; _builder_version=&#8220;4.24.2&#8243; _module_preset=&#8220;default&#8220; global_colors_info=&#8220;{}&#8220;][et_pb_text _builder_version=&#8220;4.27.6&#8243; _module_preset=&#8220;078abda9-5fbf-495a-aa0b-09dd4af1a1ca&#8220; header_2_font=&#8220;Noto Serif|700|||||||&#8220; header_2_text_color=&#8220;#E09900&#8243; header_2_font_size=&#8220;15px&#8220; custom_margin=&#8220;0px||0px||true|false&#8220; custom_padding=&#8220;0px||0px||true|false&#8220; locked=&#8220;off&#8220; global_colors_info=&#8220;{}&#8220;]<\/p>\n<h2><span style=\"color: #aa8f59; font-family: Noto Serif; font-size: 19px\">H\u00fcgelrouten<\/span><\/h2>\n<p>[\/et_pb_text][et_pb_text _builder_version=&#8220;4.27.6&#8243; _module_preset=&#8220;default&#8220; text_text_color=&#8220;#000000&#8243; text_font_size=&#8220;35px&#8220; text_line_height=&#8220;45.5px&#8220; custom_margin=&#8220;|1px|29px||false|false&#8220; global_colors_info=&#8220;{}&#8220;]<\/p>\n<h1>Weinberge, Panoramastra\u00dfen und zeitlose Ausblicke<\/h1>\n<p>[\/et_pb_text][et_pb_text _builder_version=&#8220;4.27.6&#8243; _module_preset=&#8220;default&#8220; width=&#8220;96%&#8220; hover_enabled=&#8220;0&#8243; inline_fonts=&#8220;Noto Serif&#8220; global_colors_info=&#8220;{}&#8220; sticky_enabled=&#8220;0&#8243;]<\/p>\n<p><span style=\"font-family: Arial, sans-serif;\">Die H\u00fcgel rund um das Borgo bieten ideale Routen f\u00fcr leichte Spazierg\u00e4nge, E-Bike-Ausfl\u00fcge oder Panoramatouren mit dem Auto.<br \/>Zu den eindrucksvollsten Gegenden geh\u00f6ren:<\/span><\/p>\n<ul>\n<li align=\"justify\" style=\"line-height: 116%;\"><span style=\"font-family: Arial, sans-serif;\">die Lambrusco-Stra\u00dfen zwischen Castelvetro di Modena und Levizzano Rangone<\/span><\/li>\n<li align=\"justify\" style=\"line-height: 116%;\"><span style=\"font-family: Arial, sans-serif;\">die weiten Ausblicke auf das Panaro-Tal<\/span><\/li>\n<li align=\"justify\" style=\"line-height: 116%;\"><span style=\"font-family: Arial, sans-serif;\">die H\u00fcgel zwischen Savignano sul Panaro und Vignola<\/span><\/li>\n<\/ul>\n<p><span style=\"font-family: Arial, sans-serif;\">Es handelt sich um Routen, die von Reiseveranstaltern sehr gefragt sind, die Slow-Tourismus, Radtourismus und Wine-Experiences anbieten, dank der perfekten Kombination aus Natur, D\u00f6rfern und besuchbaren landwirtschaftlichen Betrieben.<br \/>Das Borgo kann E-Bike-Verleih und gef\u00fchrte Touren organisieren oder personalisierte Routen f\u00fcr jedes Fitnesslevel vorschlagen.<\/span><\/p>\n<p align=\"justify\" style=\"line-height: 116%; margin-bottom: 0.11in;\"><span style=\"font-family: Noto Serif;\"> <\/span><\/p>\n<p>[\/et_pb_text][\/et_pb_column][et_pb_column type=&#8220;1_2&#8243; _builder_version=&#8220;4.24.2&#8243; _module_preset=&#8220;default&#8220; global_colors_info=&#8220;{}&#8220;][et_pb_image src=&#8220;https:\/\/borgosgarabiarelais.it\/wp-content\/uploads\/2026\/03\/3_Percorsi-collinari.jpg&#8220; title_text=&#8220;3_H\u00fcgelrouten&#8220; align=&#8220;center&#8220; _builder_version=&#8220;4.27.6&#8243; _module_preset=&#8220;default&#8220; width=&#8220;69%&#8220; custom_margin=&#8220;||10px|||&#8220; global_colors_info=&#8220;{}&#8220;][\/et_pb_image][\/et_pb_column][\/et_pb_row][\/et_pb_section][et_pb_section fb_built=&#8220;1&#8243; _builder_version=&#8220;4.27.6&#8243; _module_preset=&#8220;default&#8220; background_color=&#8220;#331710&#8243; custom_padding=&#8220;||56px|||&#8220; border_width_top=&#8220;1px&#8220; border_color_top=&#8220;#c5b17a&#8220; border_width_bottom=&#8220;1px&#8220; border_color_bottom=&#8220;#c5b17a&#8220; locked=&#8220;off&#8220; global_colors_info=&#8220;{}&#8220;][et_pb_row column_structure=&#8220;1_2,1_2&#8243; use_custom_gutter=&#8220;on&#8220; make_equal=&#8220;on&#8220; _builder_version=&#8220;4.27.5&#8243; _module_preset=&#8220;default&#8220; max_width=&#8220;2503px&#8220; custom_padding=&#8220;||46px|||&#8220; global_colors_info=&#8220;{}&#8220;][et_pb_column type=&#8220;1_2&#8243; _builder_version=&#8220;4.24.2&#8243; _module_preset=&#8220;default&#8220; global_colors_info=&#8220;{}&#8220;][et_pb_image src=&#8220;https:\/\/borgosgarabiarelais.it\/wp-content\/uploads\/2026\/03\/4_Attivita-outdoor-stagionali-scaled.jpeg&#8220; title_text=&#8220;Eine Gruppe von Touristen zu Pferd mit einem Instruktor f\u00fcr einen Ausritt.&#8220; align=&#8220;center&#8220; _builder_version=&#8220;4.27.6&#8243; _module_preset=&#8220;default&#8220; width=&#8220;91.1%&#8220; custom_margin=&#8220;||10px|||&#8220; global_colors_info=&#8220;{}&#8220;][\/et_pb_image][\/et_pb_column][et_pb_column type=&#8220;1_2&#8243; _builder_version=&#8220;4.24.2&#8243; _module_preset=&#8220;default&#8220; global_colors_info=&#8220;{}&#8220;][et_pb_text _builder_version=&#8220;4.27.6&#8243; _module_preset=&#8220;078abda9-5fbf-495a-aa0b-09dd4af1a1ca&#8220; header_2_font=&#8220;Noto Serif|700|||||||&#8220; header_2_text_color=&#8220;#E09900&#8243; header_2_font_size=&#8220;15px&#8220; custom_margin=&#8220;0px||0px||true|false&#8220; custom_padding=&#8220;0px||0px||true|false&#8220; locked=&#8220;off&#8220; global_colors_info=&#8220;{}&#8220;]<\/p>\n<h2><span style=\" font-family: Noto Serif; font-size: 19px\">Saisonale Outdoor-Aktivit\u00e4ten<\/h2>\n<p>[\/et_pb_text][et_pb_text _builder_version=&#8220;4.27.6&#8243; _module_preset=&#8220;default&#8220; text_text_color=&#8220;#FFFFFF&#8220; text_font_size=&#8220;35px&#8220; text_line_height=&#8220;45.5px&#8220; custom_margin=&#8220;|1px|29px||false|false&#8220; global_colors_info=&#8220;{}&#8220;]<\/p>\n<p>Jede Jahreszeit hat ihr eigenes Erlebnis<\/p>\n<p>[\/et_pb_text][et_pb_text _builder_version=&#8220;4.27.6&#8243; _module_preset=&#8220;default&#8220; text_text_color=&#8220;#FFFFFF&#8220; width=&#8220;96%&#8220; hover_enabled=&#8220;0&#8243; inline_fonts=&#8220;Noto Serif&#8220; global_colors_info=&#8220;{}&#8220; sticky_enabled=&#8220;0&#8243;]<\/p>\n<p align=\"justify\" style=\"line-height: 116%; margin-bottom: 0.11in;\"><span style=\"font-family: Arial, sans-serif;\">Das Gebiet ver\u00e4ndert im Laufe des Jahres sein Gesicht und bietet je nach Jahreszeit unterschiedliche Aktivit\u00e4ten.<\/span><\/p>\n<h3 align=\"justify\" style=\"line-height: 116%; margin-bottom: 0.11in;\"><span style=\"font-family: Arial, sans-serif;\"><br \/><span style=\"color: #ff9900;\">Fr\u00fchling und Sommer<\/span><\/span><\/h3>\n<ul>\n<li align=\"justify\" style=\"line-height: 116%;\"><span style=\"font-family: Arial, sans-serif;\">Panorama-Trekking<\/span><\/li>\n<li align=\"justify\" style=\"line-height: 116%;\"><span style=\"font-family: Arial, sans-serif;\">Ausritte zu Pferd<\/span><\/li>\n<li align=\"justify\" style=\"line-height: 116%;\"><span style=\"font-family: Arial, sans-serif;\">E-Bike-Touren durch Weinberge<\/span><\/li>\n<li align=\"justify\" style=\"line-height: 116%;\"><span style=\"font-family: Arial, sans-serif;\">Gourmet-Picknicks im Gr\u00fcnen<\/span><\/li>\n<li align=\"justify\" style=\"line-height: 116%;\"><span style=\"font-family: Arial, sans-serif;\">Tage am Lago della Ninfa auf dem Monte Cimone<\/span><span style=\"font-family: Arial, sans-serif;\"><\/span><\/li>\n<\/ul>\n<h3><span style=\"font-family: Arial, sans-serif; color: #ff9900;\">Herbst<\/span><\/h3>\n<ul>\n<li><span style=\"font-family: Arial, sans-serif;\">Spazierg\u00e4nge durch Kastanienw\u00e4lder<\/span><\/li>\n<li><span style=\"font-family: Arial, sans-serif;\">Kastaniensammeln<\/span><\/li>\n<li><span style=\"font-family: Arial, sans-serif;\">Laubf\u00e4rbung in den W\u00e4ldern des Apennins<\/span><\/li>\n<li><span style=\"font-family: Arial, sans-serif;\">Erlebnisse rund um die Weinlese<\/span><span style=\"font-family: Arial, sans-serif;\"><\/span><\/li>\n<\/ul>\n<h3><span style=\"font-family: Arial, sans-serif; color: #ff9900;\">Winter<\/span><\/h3>\n<ul>\n<li><span style=\"font-family: Arial, sans-serif;\">Schneeschuhwanderungen und Skifahren auf dem Monte Cimone<\/span><\/li>\n<li><span style=\"font-family: Arial, sans-serif;\">Ausfl\u00fcge in verschneite W\u00e4lder<\/span><\/li>\n<li><span style=\"font-family: Arial, sans-serif;\">Wellness-Tage kombiniert mit Bergen<br \/><\/span><\/li>\n<\/ul>\n<p><span style=\"font-family: Arial, sans-serif;\">Das Borgo kann ma\u00dfgeschneiderte Programme f\u00fcr Paare, Familien oder kleine Gruppen erstellen, die Natur, Gastronomie und Entspannung verbinden.<\/span><\/p>\n<p>[\/et_pb_text][\/et_pb_column][\/et_pb_row][\/et_pb_section]<\/p>\n","protected":false},"excerpt":{"rendered":"<p>NaturLandschaften zum Durchqueren, Stille zum LauschenRund um das Borgo \u00f6ffnet sich ein \u00fcberraschend vielf\u00e4ltiges Gebiet: sanfte H\u00fcgel voller Weinberge, Kastanienw\u00e4lder, Panoramawege, Erosionsschluchten, Apennin-K\u00e4mme und D\u00f6rfer im Gr\u00fcnen.Es ist eine andere Emilia, intimer und authentischer, ideal f\u00fcr alle, die Kultur und Entspannung mit aktiven Momenten in der Natur verbinden m\u00f6chten.Das Borgo schl\u00e4gt personalisierte Routen vor und [&hellip;]<\/p>\n","protected":false},"author":4,"featured_media":0,"parent":0,"menu_order":0,"comment_status":"closed","ping_status":"closed","template":"","meta":{"_et_pb_use_builder":"on","_et_pb_old_content":"","_et_gb_content_width":"","iawp_total_views":0,"footnotes":""},"class_list":["post-1746","page","type-page","status-publish","hentry"],"_links":{"self":[{"href":"https:\/\/borgosgarabiarelais.it\/de\/wp-json\/wp\/v2\/pages\/1746","targetHints":{"allow":["GET"]}}],"collection":[{"href":"https:\/\/borgosgarabiarelais.it\/de\/wp-json\/wp\/v2\/pages"}],"about":[{"href":"https:\/\/borgosgarabiarelais.it\/de\/wp-json\/wp\/v2\/types\/page"}],"author":[{"embeddable":true,"href":"https:\/\/borgosgarabiarelais.it\/de\/wp-json\/wp\/v2\/users\/4"}],"replies":[{"embeddable":true,"href":"https:\/\/borgosgarabiarelais.it\/de\/wp-json\/wp\/v2\/comments?post=1746"}],"version-history":[{"count":4,"href":"https:\/\/borgosgarabiarelais.it\/de\/wp-json\/wp\/v2\/pages\/1746\/revisions"}],"predecessor-version":[{"id":1754,"href":"https:\/\/borgosgarabiarelais.it\/de\/wp-json\/wp\/v2\/pages\/1746\/revisions\/1754"}],"wp:attachment":[{"href":"https:\/\/borgosgarabiarelais.it\/de\/wp-json\/wp\/v2\/media?parent=1746"}],"curies":[{"name":"wp","href":"https:\/\/api.w.org\/{rel}","templated":true}]}}