{"id":1741,"date":"2026-03-20T00:02:52","date_gmt":"2026-03-19T23:02:52","guid":{"rendered":"https:\/\/borgosgarabiarelais.it\/oenogastronomie\/"},"modified":"2026-04-11T20:47:13","modified_gmt":"2026-04-11T18:47:13","slug":"oenogastronomie","status":"publish","type":"page","link":"https:\/\/borgosgarabiarelais.it\/de\/oenogastronomie\/","title":{"rendered":"\u00d6NOGASTRONOMIE"},"content":{"rendered":"<p>[et_pb_section fb_built=&#8220;1&#8243; admin_label=&#8220;Header&#8220; _builder_version=&#8220;4.27.6&#8243; _module_preset=&#8220;default&#8220; use_background_color_gradient=&#8220;on&#8220; background_color_gradient_direction=&#8220;133deg&#8220; background_color_gradient_stops=&#8220;rgba(0,0,0,0.43) 0%|rgba(0,0,0,0.25) 100%&#8220; background_color_gradient_overlays_image=&#8220;on&#8220; background_image=&#8220;https:\/\/borgosgarabiarelais.it\/wp-content\/uploads\/2026\/03\/1_Prima-foto-intro-scaled.jpeg&#8220; background_position=&#8220;top_center&#8220; background_vertical_offset=&#8220;27%&#8220; custom_padding=&#8220;14px||116px|||&#8220; locked=&#8220;off&#8220; collapsed=&#8220;on&#8220; global_colors_info=&#8220;{}&#8220;][et_pb_row _builder_version=&#8220;4.27.5&#8243; _module_preset=&#8220;default&#8220; width=&#8220;90%&#8220; max_width=&#8220;2560px&#8220; global_colors_info=&#8220;{}&#8220;][et_pb_column type=&#8220;4_4&#8243; _builder_version=&#8220;4.22.0&#8243; _module_preset=&#8220;default&#8220; custom_padding=&#8220;60px||60px||true|false&#8220; custom_padding_tablet=&#8220;0px||0px||true|false&#8220; custom_padding_phone=&#8220;0px||0px||true|false&#8220; custom_padding_last_edited=&#8220;on|desktop&#8220; global_colors_info=&#8220;{}&#8220;][et_pb_text _builder_version=&#8220;4.27.6&#8243; _module_preset=&#8220;c79a7595-4993-4ea6-9ec4-09e08a53c0be&#8220; header_text_color=&#8220;#FFFFFF&#8220; header_font_size=&#8220;62px&#8220; header_font_size_tablet=&#8220;62px&#8220; header_font_size_phone=&#8220;48px&#8220; header_font_size_last_edited=&#8220;on|phone&#8220; global_colors_info=&#8220;{}&#8220;]<\/p>\n<h1 style=\"text-align: center;\">\u00d6nogastronomie<\/h1>\n<p>[\/et_pb_text][\/et_pb_column][\/et_pb_row][\/et_pb_section][et_pb_section fb_built=&#8220;1&#8243; disabled_on=&#8220;off|off|off&#8220; admin_label=&#8220;Services&#8220; _builder_version=&#8220;4.24.2&#8243; _module_preset=&#8220;default&#8220; background_color=&#8220;rgba(51,23,16,0.44)&#8220; custom_padding=&#8220;2px||9px|||&#8220; locked=&#8220;off&#8220; collapsed=&#8220;on&#8220; global_colors_info=&#8220;{}&#8220;][et_pb_row column_structure=&#8220;1_2,1_2&#8243; _builder_version=&#8220;4.27.4&#8243; _module_preset=&#8220;default&#8220; background_enable_color=&#8220;off&#8220; width=&#8220;90%&#8220; max_width=&#8220;2560px&#8220; custom_margin=&#8220;0px||0px||false|false&#8220; custom_padding=&#8220;40px||40px||true|false&#8220; locked=&#8220;off&#8220; global_colors_info=&#8220;{}&#8220;][et_pb_column type=&#8220;1_2&#8243; _builder_version=&#8220;4.17.6&#8243; _module_preset=&#8220;default&#8220; global_colors_info=&#8220;{}&#8220;][et_pb_text content_tablet=&#8220;Die Seele der H\u00e4user<br \/>\nvon Borgo Sgarab\u00eca&#8220; content_phone=&#8220;Die Seele der H\u00e4user<br \/>\nvon Borgo Sgarab\u00eca&#8220; content_last_edited=&#8220;on|phone&#8220; _builder_version=&#8220;4.27.6&#8243; _module_preset=&#8220;default&#8220; text_text_color=&#8220;#fffaf0&#8243; text_font_size=&#8220;35px&#8220; text_line_height=&#8220;1.5em&#8220; width=&#8220;100%&#8220; custom_margin=&#8220;||21px|||&#8220; text_font_size_tablet=&#8220;35px&#8220; text_font_size_phone=&#8220;30px&#8220; text_font_size_last_edited=&#8220;on|phone&#8220; locked=&#8220;off&#8220; inline_fonts=&#8220;Noto Serif&#8220; global_colors_info=&#8220;{}&#8220;]<\/p>\n<p align=\"justify\" style=\"line-height: 116%; margin-bottom: 0.11in;\"><span style=\"font-family: Noto Serif;\"><b>Der authentische Geschmack einer Region zum Erleben<\/b><\/span><\/p>\n<p>[\/et_pb_text][et_pb_text _builder_version=&#8220;4.27.6&#8243; _module_preset=&#8220;default&#8220; inline_fonts=&#8220;Noto Serif&#8220; global_colors_info=&#8220;{}&#8220;]<\/p>\n<p align=\"justify\" style=\"line-height: 116%; margin-bottom: 0.11in;\"><span style=\"font-family: Noto Serif; color: #ffffff;\">Im Borgo zu \u00fcbernachten bedeutet, ins authentischste Herz der Emilia einzutauchen: eine Region, in der die Landschaft nicht nur Sch\u00f6nheit ist, sondern produktive Kultur, handwerkliche Tradition und Wissen, das seit Generationen weitergegeben wird.<\/span><\/p>\n<p>[\/et_pb_text][\/et_pb_column][et_pb_column type=&#8220;1_2&#8243; _builder_version=&#8220;4.17.6&#8243; _module_preset=&#8220;default&#8220; global_colors_info=&#8220;{}&#8220;][et_pb_text _builder_version=&#8220;4.24.2&#8243; _module_preset=&#8220;default&#8220; text_text_color=&#8220;#fffaf0&#8243; text_line_height=&#8220;1.8em&#8220; width=&#8220;100%&#8220; inline_fonts=&#8220;Noto Sans,Noto Serif&#8220; global_colors_info=&#8220;{}&#8220;]<\/p>\n<p align=\"justify\" style=\"line-height: 116%; margin-bottom: 0.11in;\"><span style=\"font-family: Noto Serif;\">Hier ist Essen nicht einfach nur Verkostung: Es ist Erz\u00e4hlung, Begegnung, lebendige Erfahrung. Von den Essigkellereien in den Dachb\u00f6den historischer H\u00e4user bis zu den K\u00e4sereien, wo jeden Morgen Parmigiano Reggiano entsteht, von den Schinkenfabriken inmitten der H\u00fcgel bis zu den Weinkellern, die Wein als Ausdruck des Territoriums erz\u00e4hlen \u2013 jeder Besuch wird zu einer Reise durch die Gesten, D\u00fcfte und Geschichten derer, die Exzellenz produzieren. <\/span><\/p>\n<p align=\"justify\" style=\"line-height: 116%; margin-bottom: 0.11in;\"><span style=\"font-family: Noto Serif;\">Das Borgo w\u00e4hlt f\u00fcr seine G\u00e4ste authentische Erlebnisse, gef\u00fchrte Besichtigungen, private Verkostungen und personalisierte Touren aus, um die gastronomische Seele der Region mit Mu\u00dfe, Neugier und Genuss zu entdecken.<\/span><\/p>\n<p>[\/et_pb_text][\/et_pb_column][\/et_pb_row][\/et_pb_section][et_pb_section fb_built=&#8220;1&#8243; _builder_version=&#8220;4.27.6&#8243; _module_preset=&#8220;default&#8220; custom_padding=&#8220;||56px|||&#8220; border_width_top=&#8220;1px&#8220; border_color_top=&#8220;#c5b17a&#8220; border_width_bottom=&#8220;1px&#8220; border_color_bottom=&#8220;#c5b17a&#8220; locked=&#8220;off&#8220; global_colors_info=&#8220;{}&#8220;][et_pb_row column_structure=&#8220;1_2,1_2&#8243; use_custom_gutter=&#8220;on&#8220; make_equal=&#8220;on&#8220; _builder_version=&#8220;4.27.5&#8243; _module_preset=&#8220;default&#8220; width=&#8220;90%&#8220; max_width=&#8220;2560px&#8220; custom_padding=&#8220;||46px|||&#8220; global_colors_info=&#8220;{}&#8220;][et_pb_column type=&#8220;1_2&#8243; _builder_version=&#8220;4.24.2&#8243; _module_preset=&#8220;default&#8220; global_colors_info=&#8220;{}&#8220;][et_pb_image src=&#8220;https:\/\/borgosgarabiarelais.it\/wp-content\/uploads\/2026\/03\/2_Acetaie-tradizionali-scaled.jpeg&#8220; title_text=&#8220;Balsamico-Essig-Fabrik in Modena&#8220; _builder_version=&#8220;4.27.6&#8243; _module_preset=&#8220;default&#8220; custom_margin=&#8220;||10px|||&#8220; global_colors_info=&#8220;{}&#8220;][\/et_pb_image][\/et_pb_column][et_pb_column type=&#8220;1_2&#8243; _builder_version=&#8220;4.24.2&#8243; _module_preset=&#8220;default&#8220; global_colors_info=&#8220;{}&#8220;][et_pb_text _builder_version=&#8220;4.27.6&#8243; _module_preset=&#8220;078abda9-5fbf-495a-aa0b-09dd4af1a1ca&#8220; header_2_font=&#8220;Noto Serif|700|||||||&#8220; header_2_text_color=&#8220;#E09900&#8243; header_2_font_size=&#8220;15px&#8220; custom_margin=&#8220;0px||0px||true|false&#8220; custom_padding=&#8220;0px||0px||true|false&#8220; locked=&#8220;off&#8220; global_colors_info=&#8220;{}&#8220;]<\/p>\n<h2><span style=\"color: #aa8f59; font-family: Noto Serif; font-size: 19px\">Traditionelle Essigkellereien<\/span><\/h2>\n<p>[\/et_pb_text][et_pb_text _builder_version=&#8220;4.27.6&#8243; _module_preset=&#8220;default&#8220; text_text_color=&#8220;#000000&#8243; text_font_size=&#8220;35px&#8220; text_line_height=&#8220;45.5px&#8220; custom_margin=&#8220;||29px||false|false&#8220; inline_fonts=&#8220;Noto Serif&#8220; global_colors_info=&#8220;{}&#8220;]<\/p>\n<h1 align=\"justify\" style=\"line-height: 116%; margin-bottom: 0.11in;\"><span style=\"font-family: Noto Serif;\">Die langsame Zeit des Aceto Balsamico<\/span><\/h1>\n<p>[\/et_pb_text][et_pb_text _builder_version=&#8220;4.27.6&#8243; _module_preset=&#8220;default&#8220; width=&#8220;100%&#8220; hover_enabled=&#8220;0&#8243; inline_fonts=&#8220;Noto Serif&#8220; global_colors_info=&#8220;{}&#8220; sticky_enabled=&#8220;0&#8243;]<\/p>\n<p align=\"justify\" style=\"line-height: 116%; margin-bottom: 0.11in;\"><span style=\"font-family: Noto Serif;\">Eine traditionelle Essigkellerei zu besuchen bedeutet, einen Ort zu betreten, an dem die Zeit stillsteht \u2013 wo sie nicht in Monaten, sondern in Generationen gemessen wird.<\/span><\/p>\n<p align=\"justify\" style=\"line-height: 116%; margin-bottom: 0.11in;\"><span style=\"font-family: Noto Serif;\">In den stillen Dachb\u00f6den historischer H\u00e4user bewahren Reihen von F\u00e4ssern aus verschiedenen H\u00f6lzern Most, der langsam reift und dabei Jahreszeiten, Temperaturschwankungen und rituelle Umf\u00fcllungen durchl\u00e4uft. W\u00e4hrend des Besuchs k\u00f6nnen die G\u00e4ste den Produktionsprozess entdecken, die Unterschiede zwischen Verfeinerung und Alterung verstehen und der Erz\u00e4hlung derer lauschen, die diese Familientradition seit Jahren bewahren. <\/span><\/p>\n<p align=\"justify\" style=\"line-height: 116%; margin-bottom: 0.11in;\"><span style=\"font-family: Noto Serif;\">Das Erlebnis endet mit gef\u00fchrten Verkostungen von Aceto Balsamico Tradizionale und Balsamico-W\u00fcrzmitteln unterschiedlichen Alters, um D\u00fcfte, Dichte, Ausgewogenheit und aromatische Komplexit\u00e4t zu sch\u00e4tzen. Die Kostproben k\u00f6nnen von kleinen gastronomischen Kombinationen begleitet werden, die darauf ausgelegt sind, die Nuancen des Produkts hervorzuheben und ein authentisches sensorisches Erlebnis der Region zu bieten. <\/span><\/p>\n<p align=\"justify\" style=\"line-height: 116%; margin-bottom: 0.11in;\"><span style=\"font-family: Noto Serif;\">Ein intimer, eleganter und zutiefst identit\u00e4tsstiftender Moment, der es erm\u00f6glicht, ins authentischste Herz der emilianischen Kultur einzutauchen.<\/span><\/p>\n<p>[\/et_pb_text][\/et_pb_column][\/et_pb_row][\/et_pb_section][et_pb_section fb_built=&#8220;1&#8243; disabled_on=&#8220;off|off|off&#8220; _builder_version=&#8220;4.27.6&#8243; _module_preset=&#8220;default&#8220; background_color=&#8220;#fffaf0&#8243; custom_padding=&#8220;||56px|||&#8220; border_color_all=&#8220;#E09900&#8243; border_width_bottom=&#8220;1px&#8220; locked=&#8220;off&#8220; global_colors_info=&#8220;{}&#8220;][et_pb_row column_structure=&#8220;1_2,1_2&#8243; use_custom_gutter=&#8220;on&#8220; make_equal=&#8220;on&#8220; _builder_version=&#8220;4.27.5&#8243; _module_preset=&#8220;default&#8220; width=&#8220;90%&#8220; max_width=&#8220;2560px&#8220; custom_padding=&#8220;||8px|||&#8220; global_colors_info=&#8220;{}&#8220;][et_pb_column type=&#8220;1_2&#8243; _builder_version=&#8220;4.24.2&#8243; _module_preset=&#8220;default&#8220; global_colors_info=&#8220;{}&#8220;][et_pb_text _builder_version=&#8220;4.27.6&#8243; _module_preset=&#8220;078abda9-5fbf-495a-aa0b-09dd4af1a1ca&#8220; header_2_font=&#8220;Noto Serif|700|||||||&#8220; header_2_text_color=&#8220;#E09900&#8243; header_2_font_size=&#8220;15px&#8220; custom_margin=&#8220;0px||0px||true|false&#8220; custom_padding=&#8220;0px||0px||true|false&#8220; locked=&#8220;off&#8220; global_colors_info=&#8220;{}&#8220;]<\/p>\n<h2><span style=\"color: #aa8f59; font-family: Noto Serif; font-size: 19px\">Parmigiano-Reggiano-K\u00e4sereien<\/span><\/h2>\n<p>[\/et_pb_text][et_pb_text _builder_version=&#8220;4.27.6&#8243; _module_preset=&#8220;default&#8220; text_text_color=&#8220;#000000&#8243; text_font_size=&#8220;35px&#8220; text_line_height=&#8220;45.5px&#8220; custom_margin=&#8220;||29px||false|false&#8220; inline_fonts=&#8220;Noto Serif&#8220; global_colors_info=&#8220;{}&#8220;]<\/p>\n<h1 align=\"justify\" style=\"line-height: 116%; margin-bottom: 0.11in;\"><span style=\"font-family: Noto Serif;\">Wo der K\u00f6nig der K\u00e4se entsteht<\/span><\/h1>\n<p>[\/et_pb_text][et_pb_text _builder_version=&#8220;4.27.6&#8243; _module_preset=&#8220;default&#8220; width=&#8220;100%&#8220; custom_padding=&#8220;||9px|||&#8220; hover_enabled=&#8220;0&#8243; inline_fonts=&#8220;Noto Serif&#8220; global_colors_info=&#8220;{}&#8220; sticky_enabled=&#8220;0&#8243;]<\/p>\n<p align=\"justify\" style=\"line-height: 116%; margin-bottom: 0.11in;\"><span style=\"font-family: Noto Serif;\">Eine K\u00e4serei zu betreten bedeutet, einem alten Ritual beizuwohnen, das sich jeden Tag wiederholt \u2013 seit Jahrhunderten unver\u00e4ndert.<\/span><\/p>\n<p align=\"justify\" style=\"line-height: 116%; margin-bottom: 0.11in;\"><span style=\"font-family: Noto Serif;\">Das Borgo organisiert Besuche bei der <a href=\"https:\/\/www.caseificiorosola.it\" target=\"_blank\" rel=\"noopener\">lokalen Spitzeneinrichtung<\/a><span style=\"color: #467886;\"><u><a href=\"https:\/\/www.caseificiorosola.it\/\" target=\"_new\" rel=\"noopener\"><\/a><\/u><\/span>, wo du die Verarbeitung von Parmigiano Reggiano in den fr\u00fchen Morgenstunden beobachten, die Reifungslager besichtigen und mit gef\u00fchrten Verkostungen verschiedener Reifegrade abschlie\u00dfen kannst.<\/span><\/p>\n<p align=\"justify\" style=\"line-height: 116%; margin-bottom: 0.11in;\"><span style=\"font-family: Noto Serif;\">Die G\u00e4ste k\u00f6nnen die Produktionstechniken, die Verbindung zum Territorium und die Bedeutung der F\u00fctterung der K\u00fche entdecken und verstehen, wie jede Form die Arbeit einer au\u00dfergew\u00f6hnlichen handwerklichen Lieferkette in sich birgt.<\/span><\/p>\n<p align=\"justify\" style=\"line-height: 116%; margin-bottom: 0.11in;\"><span style=\"font-family: Noto Serif;\">Ein authentisches, lehrreiches und tief mit der emilianischen Kultur verbundenes Erlebnis.<\/span><\/p>\n<p>[\/et_pb_text][\/et_pb_column][et_pb_column type=&#8220;1_2&#8243; _builder_version=&#8220;4.24.2&#8243; _module_preset=&#8220;default&#8220; global_colors_info=&#8220;{}&#8220;][et_pb_image src=&#8220;https:\/\/borgosgarabiarelais.it\/wp-content\/uploads\/2026\/03\/3_Caseifici-scaled-e1774088366400.jpg&#8220; title_text=&#8220;3_K\u00e4sereien&#8220; _builder_version=&#8220;4.27.6&#8243; _module_preset=&#8220;default&#8220; custom_margin=&#8220;||10px|||&#8220; global_colors_info=&#8220;{}&#8220;][\/et_pb_image][\/et_pb_column][\/et_pb_row][\/et_pb_section][et_pb_section fb_built=&#8220;1&#8243; _builder_version=&#8220;4.27.6&#8243; _module_preset=&#8220;default&#8220; custom_padding=&#8220;||56px|||&#8220; border_width_top=&#8220;1px&#8220; border_color_top=&#8220;#c5b17a&#8220; border_width_bottom=&#8220;1px&#8220; border_color_bottom=&#8220;#c5b17a&#8220; locked=&#8220;off&#8220; global_colors_info=&#8220;{}&#8220;][et_pb_row column_structure=&#8220;1_2,1_2&#8243; use_custom_gutter=&#8220;on&#8220; make_equal=&#8220;on&#8220; _builder_version=&#8220;4.27.5&#8243; _module_preset=&#8220;default&#8220; width=&#8220;90%&#8220; max_width=&#8220;2560px&#8220; custom_padding=&#8220;||46px|||&#8220; global_colors_info=&#8220;{}&#8220;][et_pb_column type=&#8220;1_2&#8243; _builder_version=&#8220;4.24.2&#8243; _module_preset=&#8220;default&#8220; global_colors_info=&#8220;{}&#8220;][et_pb_image src=&#8220;https:\/\/borgosgarabiarelais.it\/wp-content\/uploads\/2026\/03\/4_Prosciuttifici-scaled-e1774088405799.jpeg&#8220; title_text=&#8220;EMILIA ROMAGNA FANANO&#8220; _builder_version=&#8220;4.27.6&#8243; _module_preset=&#8220;default&#8220; custom_margin=&#8220;||10px|||&#8220; global_colors_info=&#8220;{}&#8220;][\/et_pb_image][\/et_pb_column][et_pb_column type=&#8220;1_2&#8243; _builder_version=&#8220;4.24.2&#8243; _module_preset=&#8220;default&#8220; global_colors_info=&#8220;{}&#8220;][et_pb_text _builder_version=&#8220;4.27.6&#8243; _module_preset=&#8220;078abda9-5fbf-495a-aa0b-09dd4af1a1ca&#8220; header_2_font=&#8220;Noto Serif|700|||||||&#8220; header_2_text_color=&#8220;#E09900&#8243; header_2_font_size=&#8220;15px&#8220; custom_margin=&#8220;0px||0px||true|false&#8220; custom_padding=&#8220;0px||0px||true|false&#8220; locked=&#8220;off&#8220; global_colors_info=&#8220;{}&#8220;]<\/p>\n<h2><span style=\"color: #aa8f59; font-family: Noto Serif; font-size: 19px\">Schinkenfabriken<\/span><\/h2>\n<p>[\/et_pb_text][et_pb_text _builder_version=&#8220;4.27.6&#8243; _module_preset=&#8220;default&#8220; text_text_color=&#8220;#000000&#8243; text_font_size=&#8220;35px&#8220; text_line_height=&#8220;45.5px&#8220; custom_margin=&#8220;||29px||false|false&#8220; inline_fonts=&#8220;Noto Serif&#8220; global_colors_info=&#8220;{}&#8220;]<\/p>\n<h1 align=\"justify\" style=\"line-height: 116%; margin-bottom: 0.11in;\"><span style=\"font-family: Noto Serif;\">Die Kunst der Reifung zwischen Luft und H\u00fcgeln<\/span><\/h1>\n<p>[\/et_pb_text][et_pb_text _builder_version=&#8220;4.27.6&#8243; _module_preset=&#8220;default&#8220; width=&#8220;100%&#8220; hover_enabled=&#8220;0&#8243; inline_fonts=&#8220;Noto Serif&#8220; global_colors_info=&#8220;{}&#8220; sticky_enabled=&#8220;0&#8243;]<\/p>\n<p><span style=\"font-family: Noto Serif;\">Die H\u00fcgel und Luftstr\u00f6mungen des Apennin schaffen ideale nat\u00fcrliche Bedingungen f\u00fcr die Reifung von Schinken und machen diese Gegend zu einer der berufensten Italiens.<\/span><br \/><span style=\"font-family: Noto Serif;\">Das Borgo bietet Besuche in der Schinkenfabrik https:\/\/prosciuttiverucchia.it an, wo die G\u00e4ste die Verarbeitungsphasen entdecken, die Reifungsr\u00e4ume besichtigen und nach handwerklichen Methoden verfeinerte Schinken verkosten k\u00f6nnen.<\/span><br \/><span style=\"font-family: Noto Serif;\">W\u00e4hrend des Erlebnisses erf\u00e4hrst du die Geheimnisse des Salzens, der langsamen Reifung und der nat\u00fcrlichen Feuchtigkeitskontrolle und verstehst, wie das Territorium Duft, Konsistenz und Geschmack des Endprodukts beeinflusst.<\/span><br \/><span style=\"font-family: Noto Serif;\">Ein sensorischer Rundgang, der Tradition, Landschaft und gastronomische Kultur vereint.<\/span><\/p>\n<p>[\/et_pb_text][\/et_pb_column][\/et_pb_row][\/et_pb_section][et_pb_section fb_built=&#8220;1&#8243; disabled_on=&#8220;off|off|off&#8220; _builder_version=&#8220;4.27.6&#8243; _module_preset=&#8220;default&#8220; background_color=&#8220;#fffaf0&#8243; custom_padding=&#8220;||56px|||&#8220; border_color_all=&#8220;#E09900&#8243; border_width_bottom=&#8220;1px&#8220; locked=&#8220;off&#8220; global_colors_info=&#8220;{}&#8220;][et_pb_row column_structure=&#8220;1_2,1_2&#8243; use_custom_gutter=&#8220;on&#8220; make_equal=&#8220;on&#8220; _builder_version=&#8220;4.27.5&#8243; _module_preset=&#8220;default&#8220; width=&#8220;90%&#8220; max_width=&#8220;2560px&#8220; custom_padding=&#8220;112px||8px|||&#8220; global_colors_info=&#8220;{}&#8220;][et_pb_column type=&#8220;1_2&#8243; _builder_version=&#8220;4.24.2&#8243; _module_preset=&#8220;default&#8220; global_colors_info=&#8220;{}&#8220;][et_pb_text _builder_version=&#8220;4.27.6&#8243; _module_preset=&#8220;078abda9-5fbf-495a-aa0b-09dd4af1a1ca&#8220; header_2_font=&#8220;Noto Serif|700|||||||&#8220; header_2_text_color=&#8220;#E09900&#8243; header_2_font_size=&#8220;15px&#8220; custom_margin=&#8220;0px||0px||true|false&#8220; custom_padding=&#8220;0px||0px||true|false&#8220; locked=&#8220;off&#8220; global_colors_info=&#8220;{}&#8220;]<\/p>\n<h2><span style=\"color: #aa8f59; font-family: Noto Serif; font-size: 19px\">Weinkeller und Verkostungen<\/h2>\n<p>[\/et_pb_text][et_pb_text _builder_version=&#8220;4.27.6&#8243; _module_preset=&#8220;default&#8220; text_text_color=&#8220;#000000&#8243; text_font_size=&#8220;35px&#8220; text_line_height=&#8220;45.5px&#8220; custom_margin=&#8220;||29px||false|false&#8220; global_colors_info=&#8220;{}&#8220;]<\/p>\n<h1>Wein als Erz\u00e4hlung der Landschaft<\/h1>\n<p>[\/et_pb_text][et_pb_text _builder_version=&#8220;4.27.6&#8243; _module_preset=&#8220;default&#8220; width=&#8220;100%&#8220; custom_padding=&#8220;||9px|||&#8220; hover_enabled=&#8220;0&#8243; inline_fonts=&#8220;Noto Serif&#8220; global_colors_info=&#8220;{}&#8220; sticky_enabled=&#8220;0&#8243;]<\/p>\n<p>Die umliegenden H\u00fcgel bewahren eine Weinbautradition aus kleinen Produzenten, sorgf\u00e4ltig gepflegten Weinbergen und Kellereien, in denen Innovation und Respekt f\u00fcr die Erde zusammenleben.<br \/>Das Borgo organisiert Besuche in lokalen Betrieben mit Spazierg\u00e4ngen durch die Weinreihen, Begegnungen mit den Produzenten, gef\u00fchrten Verkostungen und der M\u00f6glichkeit privater Erlebnisse in Kombination mit typischen Produkten der Region.<br \/>Die G\u00e4ste k\u00f6nnen autochthone Rebsorten, Vinifikationstechniken und gastronomische Kombinationen entdecken und Wein nicht nur als Verkostung, sondern als Ausdruck der lokalen Kultur erleben.<br \/>Ein perfektes Erlebnis f\u00fcr alle, die die Region durch ihre identit\u00e4tsstiftendsten Aromen kennenlernen m\u00f6chten.<\/p>\n<p>[\/et_pb_text][\/et_pb_column][et_pb_column type=&#8220;1_2&#8243; _builder_version=&#8220;4.24.2&#8243; _module_preset=&#8220;default&#8220; global_colors_info=&#8220;{}&#8220;][et_pb_image src=&#8220;https:\/\/borgosgarabiarelais.it\/wp-content\/uploads\/2026\/03\/5_Cantine-e-degustazioni2-scaled.jpg&#8220; title_text=&#8220;5_Weinkeller und Verkostungen2&#8243; _builder_version=&#8220;4.27.6&#8243; _module_preset=&#8220;default&#8220; custom_margin=&#8220;||10px|||&#8220; global_colors_info=&#8220;{}&#8220;][\/et_pb_image][et_pb_image src=&#8220;https:\/\/borgosgarabiarelais.it\/wp-content\/uploads\/2026\/03\/5_Cantine-e-degustazioni-scaled.jpg&#8220; title_text=&#8220;5_Weinkeller und Verkostungen&#8220; disabled_on=&#8220;on|on|off&#8220; _builder_version=&#8220;4.27.6&#8243; _module_preset=&#8220;default&#8220; transform_scale=&#8220;88%|88%&#8220; transform_translate=&#8220;-109px|267px&#8220; transform_origin=&#8220;87%|63%&#8220; positioning=&#8220;absolute&#8220; width=&#8220;52%&#8220; global_colors_info=&#8220;{}&#8220;][\/et_pb_image][\/et_pb_column][\/et_pb_row][\/et_pb_section]<\/p>\n","protected":false},"excerpt":{"rendered":"<p>\u00d6nogastronomieDer authentische Geschmack einer Region zum ErlebenIm Borgo zu \u00fcbernachten bedeutet, ins authentischste Herz der Emilia einzutauchen: eine Region, in der die Landschaft nicht nur Sch\u00f6nheit ist, sondern produktive Kultur, handwerkliche Tradition und Wissen, das seit Generationen weitergegeben wird.Hier ist Essen nicht einfach nur Verkostung: Es ist Erz\u00e4hlung, Begegnung, lebendige Erfahrung. Von den Essigkellereien in [&hellip;]<\/p>\n","protected":false},"author":4,"featured_media":0,"parent":0,"menu_order":0,"comment_status":"closed","ping_status":"closed","template":"","meta":{"_et_pb_use_builder":"on","_et_pb_old_content":"","_et_gb_content_width":"","iawp_total_views":0,"footnotes":""},"class_list":["post-1741","page","type-page","status-publish","hentry"],"_links":{"self":[{"href":"https:\/\/borgosgarabiarelais.it\/de\/wp-json\/wp\/v2\/pages\/1741","targetHints":{"allow":["GET"]}}],"collection":[{"href":"https:\/\/borgosgarabiarelais.it\/de\/wp-json\/wp\/v2\/pages"}],"about":[{"href":"https:\/\/borgosgarabiarelais.it\/de\/wp-json\/wp\/v2\/types\/page"}],"author":[{"embeddable":true,"href":"https:\/\/borgosgarabiarelais.it\/de\/wp-json\/wp\/v2\/users\/4"}],"replies":[{"embeddable":true,"href":"https:\/\/borgosgarabiarelais.it\/de\/wp-json\/wp\/v2\/comments?post=1741"}],"version-history":[{"count":1,"href":"https:\/\/borgosgarabiarelais.it\/de\/wp-json\/wp\/v2\/pages\/1741\/revisions"}],"predecessor-version":[{"id":1745,"href":"https:\/\/borgosgarabiarelais.it\/de\/wp-json\/wp\/v2\/pages\/1741\/revisions\/1745"}],"wp:attachment":[{"href":"https:\/\/borgosgarabiarelais.it\/de\/wp-json\/wp\/v2\/media?parent=1741"}],"curies":[{"name":"wp","href":"https:\/\/api.w.org\/{rel}","templated":true}]}}