{"id":1737,"date":"2026-03-20T10:21:54","date_gmt":"2026-03-20T09:21:54","guid":{"rendered":"https:\/\/borgosgarabiarelais.it\/kunst-und-kultur\/"},"modified":"2026-04-11T20:47:13","modified_gmt":"2026-04-11T18:47:13","slug":"kunst-und-kultur","status":"publish","type":"page","link":"https:\/\/borgosgarabiarelais.it\/de\/kunst-und-kultur\/","title":{"rendered":"KUNST UND KULTUR"},"content":{"rendered":"<p>[et_pb_section fb_built=&#8220;1&#8243; admin_label=&#8220;Header&#8220; _builder_version=&#8220;4.27.6&#8243; _module_preset=&#8220;default&#8220; use_background_color_gradient=&#8220;on&#8220; background_color_gradient_direction=&#8220;133deg&#8220; background_color_gradient_stops=&#8220;rgba(0,0,0,0.43) 0%|rgba(0,0,0,0.25) 100%&#8220; background_color_gradient_overlays_image=&#8220;on&#8220; background_image=&#8220;https:\/\/borgosgarabiarelais.it\/wp-content\/uploads\/2026\/03\/artecultura_1-scaled.jpeg&#8220; custom_padding=&#8220;14px||116px|||&#8220; locked=&#8220;off&#8220; collapsed=&#8220;on&#8220; global_colors_info=&#8220;{}&#8220;][et_pb_row _builder_version=&#8220;4.27.5&#8243; _module_preset=&#8220;default&#8220; width=&#8220;90%&#8220; max_width=&#8220;2560px&#8220; global_colors_info=&#8220;{}&#8220;][et_pb_column type=&#8220;4_4&#8243; _builder_version=&#8220;4.22.0&#8243; _module_preset=&#8220;default&#8220; custom_padding=&#8220;60px||60px||true|false&#8220; custom_padding_tablet=&#8220;0px||0px||true|false&#8220; custom_padding_phone=&#8220;0px||0px||true|false&#8220; custom_padding_last_edited=&#8220;on|desktop&#8220; global_colors_info=&#8220;{}&#8220;][et_pb_text _builder_version=&#8220;4.27.6&#8243; _module_preset=&#8220;c79a7595-4993-4ea6-9ec4-09e08a53c0be&#8220; header_text_color=&#8220;#FFFFFF&#8220; header_font_size=&#8220;62px&#8220; header_font_size_tablet=&#8220;62px&#8220; header_font_size_phone=&#8220;48px&#8220; header_font_size_last_edited=&#8220;on|phone&#8220; global_colors_info=&#8220;{}&#8220;]<\/p>\n<h1 style=\"text-align: center;\">Kunst und Kultur<\/h1>\n<p>[\/et_pb_text][\/et_pb_column][\/et_pb_row][\/et_pb_section][et_pb_section fb_built=&#8220;1&#8243; disabled_on=&#8220;off|off|off&#8220; admin_label=&#8220;Services&#8220; _builder_version=&#8220;4.24.2&#8243; _module_preset=&#8220;default&#8220; background_color=&#8220;rgba(51,23,16,0.44)&#8220; custom_padding=&#8220;2px||9px|||&#8220; locked=&#8220;off&#8220; collapsed=&#8220;on&#8220; global_colors_info=&#8220;{}&#8220;][et_pb_row column_structure=&#8220;1_2,1_2&#8243; _builder_version=&#8220;4.27.4&#8243; _module_preset=&#8220;default&#8220; background_enable_color=&#8220;off&#8220; width=&#8220;90%&#8220; max_width=&#8220;2560px&#8220; custom_margin=&#8220;0px||0px||false|false&#8220; custom_padding=&#8220;40px||40px||true|false&#8220; locked=&#8220;off&#8220; global_colors_info=&#8220;{}&#8220;][et_pb_column type=&#8220;1_2&#8243; _builder_version=&#8220;4.17.6&#8243; _module_preset=&#8220;default&#8220; global_colors_info=&#8220;{}&#8220;][et_pb_text content_tablet=&#8220;Die Seele der H\u00e4user<br \/>\nvon Borgo Sgarab\u00eca&#8220; content_phone=&#8220;Die Seele der H\u00e4user<br \/>\nvon Borgo Sgarab\u00eca&#8220; content_last_edited=&#8220;on|phone&#8220; _builder_version=&#8220;4.27.6&#8243; _module_preset=&#8220;default&#8220; text_text_color=&#8220;#fffaf0&#8243; text_font_size=&#8220;35px&#8220; text_line_height=&#8220;1.5em&#8220; width=&#8220;100%&#8220; custom_margin=&#8220;||21px|||&#8220; text_font_size_tablet=&#8220;35px&#8220; text_font_size_phone=&#8220;30px&#8220; text_font_size_last_edited=&#8220;on|phone&#8220; locked=&#8220;off&#8220; global_colors_info=&#8220;{}&#8220;]<\/p>\n<p>Ein Erbe, das es zwischen D\u00f6rfern, Schl\u00f6ssern und Kunstst\u00e4dten zu entdecken gilt<\/p>\n<p>[\/et_pb_text][\/et_pb_column][et_pb_column type=&#8220;1_2&#8243; _builder_version=&#8220;4.17.6&#8243; _module_preset=&#8220;default&#8220; global_colors_info=&#8220;{}&#8220;][et_pb_text _builder_version=&#8220;4.27.6&#8243; _module_preset=&#8220;default&#8220; text_text_color=&#8220;#fffaf0&#8243; text_line_height=&#8220;1.8em&#8220; width=&#8220;100%&#8220; inline_fonts=&#8220;Noto Sans,Noto Serif&#8220; global_colors_info=&#8220;{}&#8220;]<\/p>\n<p align=\"justify\" style=\"line-height: 116%; margin-bottom: 0.11in;\"><span style=\"font-family: Noto Serif;\">Das Gebiet rund um Borgo Sgarab\u00eca bietet eine au\u00dfergew\u00f6hnliche Dichte an historischen und kulturellen Orten, die bei italienischen und internationalen Besuchern gleicherma\u00dfen beliebt sind. In nur wenigen Kilometern gelangst du von perfekt erhaltenen mittelalterlichen D\u00f6rfern zu herzoglichen Residenzen, von Panoramaschl\u00f6ssern zu Museen von nationaler Bedeutung. <\/span><\/p>\n<p align=\"justify\" style=\"line-height: 116%; margin-bottom: 0.11in;\"><span style=\"font-family: Noto Serif;\">Der Borgo organisiert ma\u00dfgeschneiderte Routen und empfiehlt ausgew\u00e4hlte Touren, damit du die symboltr\u00e4chtigen Orte der emilianischen Geschichte und Kunst entdecken kannst.<\/span><\/p>\n<p>[\/et_pb_text][\/et_pb_column][\/et_pb_row][\/et_pb_section][et_pb_section fb_built=&#8220;1&#8243; _builder_version=&#8220;4.27.6&#8243; _module_preset=&#8220;default&#8220; custom_padding=&#8220;||56px|||&#8220; border_width_top=&#8220;1px&#8220; border_color_top=&#8220;#c5b17a&#8220; border_width_bottom=&#8220;1px&#8220; border_color_bottom=&#8220;#c5b17a&#8220; locked=&#8220;off&#8220; global_colors_info=&#8220;{}&#8220;][et_pb_row column_structure=&#8220;1_2,1_2&#8243; use_custom_gutter=&#8220;on&#8220; make_equal=&#8220;on&#8220; _builder_version=&#8220;4.27.5&#8243; _module_preset=&#8220;default&#8220; width=&#8220;90%&#8220; max_width=&#8220;2560px&#8220; custom_padding=&#8220;||46px|||&#8220; global_colors_info=&#8220;{}&#8220;][et_pb_column type=&#8220;1_2&#8243; _builder_version=&#8220;4.24.2&#8243; _module_preset=&#8220;default&#8220; global_colors_info=&#8220;{}&#8220;][et_pb_image src=&#8220;https:\/\/borgosgarabiarelais.it\/wp-content\/uploads\/2026\/03\/2_Borghi-storici.jpg&#8220; title_text=&#8220;2_Historische D\u00f6rfer&#8220; _builder_version=&#8220;4.27.6&#8243; _module_preset=&#8220;default&#8220; custom_margin=&#8220;||10px|||&#8220; global_colors_info=&#8220;{}&#8220;][\/et_pb_image][\/et_pb_column][et_pb_column type=&#8220;1_2&#8243; _builder_version=&#8220;4.24.2&#8243; _module_preset=&#8220;default&#8220; global_colors_info=&#8220;{}&#8220;][et_pb_text _builder_version=&#8220;4.27.6&#8243; _module_preset=&#8220;078abda9-5fbf-495a-aa0b-09dd4af1a1ca&#8220; text_font=&#8220;Noto Serif||||||||&#8220; text_text_color=&#8220;#aa8f59&#8243; text_font_size=&#8220;19px&#8220; header_2_font=&#8220;Noto Serif|700|||||||&#8220; header_2_text_color=&#8220;#E09900&#8243; header_2_font_size=&#8220;15px&#8220; custom_margin=&#8220;0px||0px||true|false&#8220; custom_padding=&#8220;0px||0px||true|false&#8220; locked=&#8220;off&#8220; global_colors_info=&#8220;{}&#8220;]<\/p>\n<h2><span style=\"color: #aa8f59; font-family: Noto Serif; font-size: 19px;\">Historische D\u00f6rfer<\/span><\/h2>\n<p>[\/et_pb_text][et_pb_text _builder_version=&#8220;4.27.6&#8243; _module_preset=&#8220;default&#8220; text_text_color=&#8220;#000000&#8243; text_font_size=&#8220;35px&#8220; text_line_height=&#8220;45.5px&#8220; custom_margin=&#8220;||29px||false|false&#8220; global_colors_info=&#8220;{}&#8220;]<\/p>\n<h1>Spaziergang durch die Geschichte<\/h1>\n<p>[\/et_pb_text][et_pb_text _builder_version=&#8220;4.27.6&#8243; _module_preset=&#8220;default&#8220; width=&#8220;100%&#8220; hover_enabled=&#8220;0&#8243; inline_fonts=&#8220;Noto Serif&#8220; global_colors_info=&#8220;{}&#8220; sticky_enabled=&#8220;0&#8243;]<\/p>\n<p align=\"justify\" style=\"line-height: 116%; margin-bottom: 0.11in;\"><span style=\"font-family: Noto Serif;\">Unter den bei Besuchern beliebtesten D\u00f6rfern sticht <b>Castelvetro di Modena<\/b> hervor, mit seinen mittelalterlichen Mauern, dem schachbrettartigen Platz und dem Blick auf die Lambrusco-H\u00fcgel.<\/span><\/p>\n<p align=\"justify\" style=\"line-height: 116%; margin-bottom: 0.11in;\"><span style=\"font-family: Noto Serif;\">Sehr gesch\u00e4tzt wird auch <b>Dozza<\/b>, ber\u00fchmt f\u00fcr die Wandgem\u00e4lde, die das historische Zentrum in eine Freiluftgalerie verwandeln, sowie f\u00fcr die besichtigbare Rocca Sforzesca.<\/span><\/p>\n<p align=\"justify\" style=\"line-height: 116%; margin-bottom: 0.11in;\"><span style=\"font-family: Noto Serif;\">Zu den reizvollsten Zielen geh\u00f6ren au\u00dferdem <b>Vignola<\/b> mit seinem historischen Zentrum und der Festung sowie <b>Savignano sul Panaro<\/b>, ein idealer Aussichtspunkt, um den modenesischen Apennin zu entdecken.<\/span><\/p>\n<p align=\"justify\" style=\"line-height: 116%; margin-bottom: 0.11in;\"><span style=\"font-family: Noto Serif;\">Authentische Orte, perfekt f\u00fcr entspannte Spazierg\u00e4nge, kulturelle Besichtigungen und kulinarische Pausen.<\/span><\/p>\n<p>[\/et_pb_text][\/et_pb_column][\/et_pb_row][\/et_pb_section][et_pb_section fb_built=&#8220;1&#8243; disabled_on=&#8220;off|off|off&#8220; _builder_version=&#8220;4.27.6&#8243; _module_preset=&#8220;default&#8220; background_color=&#8220;#fffaf0&#8243; custom_padding=&#8220;||56px|||&#8220; border_color_all=&#8220;#E09900&#8243; border_width_bottom=&#8220;1px&#8220; locked=&#8220;off&#8220; global_colors_info=&#8220;{}&#8220;][et_pb_row column_structure=&#8220;1_2,1_2&#8243; use_custom_gutter=&#8220;on&#8220; make_equal=&#8220;on&#8220; _builder_version=&#8220;4.27.5&#8243; _module_preset=&#8220;default&#8220; width=&#8220;90%&#8220; max_width=&#8220;2560px&#8220; custom_padding=&#8220;||8px|||&#8220; global_colors_info=&#8220;{}&#8220;][et_pb_column type=&#8220;1_2&#8243; _builder_version=&#8220;4.24.2&#8243; _module_preset=&#8220;default&#8220; global_colors_info=&#8220;{}&#8220;][et_pb_text _builder_version=&#8220;4.27.6&#8243; _module_preset=&#8220;078abda9-5fbf-495a-aa0b-09dd4af1a1ca&#8220; text_font=&#8220;Noto Serif||||||||&#8220; text_font_size=&#8220;15px&#8220; header_2_font=&#8220;Noto Serif|700|||||||&#8220; header_2_text_color=&#8220;#E09900&#8243; header_2_font_size=&#8220;15px&#8220; custom_margin=&#8220;0px||0px||true|false&#8220; custom_padding=&#8220;0px||0px||true|false&#8220; locked=&#8220;off&#8220; global_colors_info=&#8220;{}&#8220;]<\/p>\n<p><strong><span style=\"color: #aa8f59; font-family: Noto Serif; font-size: 19px;\">Villen und Schl\u00f6sser<\/span><\/strong><\/p>\n<p>[\/et_pb_text][et_pb_text _builder_version=&#8220;4.27.6&#8243; _module_preset=&#8220;default&#8220; text_text_color=&#8220;#000000&#8243; text_font_size=&#8220;35px&#8220; text_line_height=&#8220;45.5px&#8220; custom_margin=&#8220;||29px||false|false&#8220; global_colors_info=&#8220;{}&#8220;]<\/p>\n<h1>Mittelalterliche Festungen und lokale Residenzen<\/h1>\n<p>[\/et_pb_text][et_pb_text _builder_version=&#8220;4.27.6&#8243; _module_preset=&#8220;default&#8220; width=&#8220;100%&#8220; custom_padding=&#8220;||9px|||&#8220; hover_enabled=&#8220;0&#8243; inline_fonts=&#8220;Noto Serif&#8220; global_colors_info=&#8220;{}&#8220; sticky_enabled=&#8220;0&#8243;]<\/p>\n<p align=\"justify\" style=\"line-height: 116%; margin-bottom: 0.11in;\"><span style=\"font-family: Noto Serif;\">Das Gebiet ist reich an Schl\u00f6ssern, die besichtigt werden k\u00f6nnen, und historischen Residenzen, die Teil der wichtigsten regionalen Tourismusrouten sind.<\/span><\/p>\n<p align=\"justify\" style=\"line-height: 116%; margin-bottom: 0.11in;\"><span style=\"font-family: Noto Serif;\">Bei den G\u00e4sten besonders beliebt:<\/span><\/p>\n<ul>\n<li>\n<p align=\"justify\" style=\"line-height: 116%; margin-bottom: 0.11in;\"><span style=\"font-family: Noto Serif;\"><b>Palazzo Ducale di Sassuolo<\/b>, eine pr\u00e4chtige Barockresidenz der Este mit freskierten S\u00e4len und historischen G\u00e4rten<\/span><\/p>\n<\/li>\n<li>\n<p align=\"justify\" style=\"line-height: 116%; margin-bottom: 0.11in;\"><span style=\"font-family: Noto Serif;\"><b>Rocca di Vignola<\/b>, eine der am besten erhaltenen mittelalterlichen Festungen Italiens<\/span><\/p>\n<\/li>\n<li>\n<p align=\"justify\" style=\"line-height: 116%; margin-bottom: 0.11in;\"><span style=\"font-family: Noto Serif;\"><b>Castello di Spezzano<\/b> mit Keramikmuseum und Blick auf die H\u00fcgel<\/span><\/p>\n<\/li>\n<li>\n<p align=\"justify\" style=\"line-height: 116%; margin-bottom: 0.11in;\"><span style=\"font-family: Noto Serif;\"><b>Rocca di Formigine<\/b>, heute ein Museumsraum mitten im historischen Zentrum<\/span><\/p>\n<\/li>\n<\/ul>\n<p align=\"justify\" style=\"line-height: 116%; margin-bottom: 0.11in;\"><span style=\"font-family: Noto Serif;\">Diese Orte erm\u00f6glichen eine Reise durch Jahrhunderte der Geschichte, zwischen Milit\u00e4rarchitektur, adligem Glanz und h\u00fcgeligen Panoramen.<\/span><\/p>\n<p>[\/et_pb_text][\/et_pb_column][et_pb_column type=&#8220;1_2&#8243; _builder_version=&#8220;4.24.2&#8243; _module_preset=&#8220;default&#8220; global_colors_info=&#8220;{}&#8220;][et_pb_image src=&#8220;https:\/\/borgosgarabiarelais.it\/wp-content\/uploads\/2026\/03\/3_Ville-e-castelli-scaled.jpeg&#8220; title_text=&#8220;Sassuolo &#8211; Modena &#8211; Palazzo Ducale oder Fassade des Herzogspalastes &#8211; italienische Wahrzeichen und Denkm\u00e4ler&#8220; _builder_version=&#8220;4.27.6&#8243; _module_preset=&#8220;default&#8220; custom_margin=&#8220;||10px|||&#8220; global_colors_info=&#8220;{}&#8220;][\/et_pb_image][et_pb_image src=&#8220;https:\/\/borgosgarabiarelais.it\/wp-content\/uploads\/2026\/03\/3_Ville-e-castelli2-scaled.jpeg&#8220; title_text=&#8220;Schloss von Vignola, Modena Italien&#8220; disabled_on=&#8220;on|on|off&#8220; _builder_version=&#8220;4.27.6&#8243; _module_preset=&#8220;default&#8220; transform_scale=&#8220;88%|88%&#8220; transform_translate=&#8220;-109px|267px&#8220; transform_origin=&#8220;87%|63%&#8220; positioning=&#8220;absolute&#8220; width=&#8220;52%&#8220; global_colors_info=&#8220;{}&#8220;][\/et_pb_image][\/et_pb_column][\/et_pb_row][\/et_pb_section][et_pb_section fb_built=&#8220;1&#8243; _builder_version=&#8220;4.27.6&#8243; _module_preset=&#8220;default&#8220; custom_padding=&#8220;||56px|||&#8220; border_width_top=&#8220;1px&#8220; border_color_top=&#8220;#c5b17a&#8220; border_width_bottom=&#8220;1px&#8220; border_color_bottom=&#8220;#c5b17a&#8220; locked=&#8220;off&#8220; global_colors_info=&#8220;{}&#8220;][et_pb_row column_structure=&#8220;1_2,1_2&#8243; use_custom_gutter=&#8220;on&#8220; make_equal=&#8220;on&#8220; _builder_version=&#8220;4.27.5&#8243; _module_preset=&#8220;default&#8220; width=&#8220;90%&#8220; max_width=&#8220;2560px&#8220; custom_padding=&#8220;||8px|||&#8220; locked=&#8220;off&#8220; global_colors_info=&#8220;{}&#8220;][et_pb_column type=&#8220;1_2&#8243; _builder_version=&#8220;4.24.2&#8243; _module_preset=&#8220;default&#8220; global_colors_info=&#8220;{}&#8220;][et_pb_text _builder_version=&#8220;4.27.6&#8243; _module_preset=&#8220;078abda9-5fbf-495a-aa0b-09dd4af1a1ca&#8220; header_2_font=&#8220;Noto Serif|700|||||||&#8220; header_2_text_color=&#8220;#E09900&#8243; header_2_font_size=&#8220;15px&#8220; custom_margin=&#8220;0px||0px||true|false&#8220; custom_padding=&#8220;0px||0px||true|false&#8220; locked=&#8220;off&#8220; global_colors_info=&#8220;{}&#8220;]<\/p>\n<h2><span style=\"color: #aa8f59; font-family: Noto Serif; font-size: 19px\">Museen und Kulturpfade<\/span><\/h2>\n<p>[\/et_pb_text][et_pb_text _builder_version=&#8220;4.27.6&#8243; _module_preset=&#8220;default&#8220; text_text_color=&#8220;#000000&#8243; text_font_size=&#8220;36px&#8220; text_line_height=&#8220;45.5px&#8220; custom_margin=&#8220;||29px||false|false&#8220; global_colors_info=&#8220;{}&#8220;]<\/p>\n<h1>Dezentrale Museen, lokale Geschichten und authentische Orte zum Entdecken<\/h1>\n<p>[\/et_pb_text][\/et_pb_column][et_pb_column type=&#8220;1_2&#8243; _builder_version=&#8220;4.24.2&#8243; _module_preset=&#8220;default&#8220; global_colors_info=&#8220;{}&#8220;][\/et_pb_column][\/et_pb_row][et_pb_row column_structure=&#8220;1_2,1_2&#8243; use_custom_gutter=&#8220;on&#8220; make_equal=&#8220;on&#8220; _builder_version=&#8220;4.27.6&#8243; _module_preset=&#8220;default&#8220; width=&#8220;90%&#8220; max_width=&#8220;2560px&#8220; custom_padding=&#8220;||46px|||&#8220; global_colors_info=&#8220;{}&#8220;][et_pb_column type=&#8220;1_2&#8243; _builder_version=&#8220;4.27.6&#8243; _module_preset=&#8220;default&#8220; global_colors_info=&#8220;{}&#8220;][et_pb_text _builder_version=&#8220;4.27.6&#8243; _module_preset=&#8220;default&#8220; width=&#8220;100%&#8220; hover_enabled=&#8220;0&#8243; inline_fonts=&#8220;Noto Sans,Noto Serif&#8220; global_colors_info=&#8220;{}&#8220; sticky_enabled=&#8220;0&#8243;]<\/p>\n<p align=\"justify\" style=\"line-height: 116%; margin-bottom: 0.11in;\"><span style=\"font-family: Noto Serif;\">Es sind oft weniger \u00fcberlaufene Orte, die jedoch von all jenen geliebt werden, die intime, echte kulturelle Erfahrungen mit Bezug zur lokalen Geschichte suchen.<\/span><\/p>\n<p align=\"justify\" style=\"line-height: 116%; margin-bottom: 0.11in;\"><span style=\"font-family: Noto Serif;\">Zu den interessantesten Etappen geh\u00f6ren:<\/span><\/p>\n<ul>\n<li>\n<p align=\"justify\" style=\"line-height: 116%; margin-bottom: 0.11in;\"><span style=\"font-family: Noto Serif;\"><b>Museo della Rosa Antica di Montagnana di Serramazzoni<\/b>, einzigartig in Italien, mitten im Gr\u00fcnen gelegen und der botanischen sowie symbolischen Geschichte der Rose gewidmet<\/span><\/p>\n<\/li>\n<li>\n<p align=\"justify\" style=\"line-height: 116%; margin-bottom: 0.11in;\"><span style=\"font-family: Noto Serif;\"><b>Museo Giardino della Rosa Antica<\/b> (derselbe Komplex, der auch wegen des Parks besucht wird), von ausl\u00e4ndischen Besuchern wegen der romantischen Atmosph\u00e4re und der Landschaft sehr gesch\u00e4tzt<\/span><\/p>\n<\/li>\n<li>\n<p align=\"justify\" style=\"line-height: 116%; margin-bottom: 0.11in;\"><span style=\"font-family: Noto Serif;\"><b>Museo della Ceramica di Spezzano<\/b> im Inneren des Schlosses, das die lokale Keramiktradition mit Installationen und historischen Sammlungen erz\u00e4hlt<\/span><\/p>\n<\/li>\n<li>\n<p align=\"justify\" style=\"line-height: 116%; margin-bottom: 0.11in;\"><span style=\"font-family: Noto Serif;\"><b>Museo del Castagno di Zocca<\/b>, das der b\u00e4uerlichen Zivilisation des Apennins und den landwirtschaftlichen Traditionen gewidmet ist \u2013 ein beliebtes Ziel f\u00fcr Slow Tourism<\/span><\/p>\n<\/li>\n<li>\n<p align=\"justify\" style=\"line-height: 116%; margin-bottom: 0.11in;\"><span style=\"font-family: Noto Serif;\"><b>Ecomuseo della Collina e del Vino di Castello di Levizzano Rangone<\/b>, das Geschichte, Landschaft und Weinkultur in einem immersiven Rundgang vereint<\/span><span style=\"font-size: 15px; text-align: left;\"> <\/span><\/p>\n<\/li>\n<\/ul>\n<p>&nbsp;<\/p>\n<p>[\/et_pb_text][et_pb_image src=&#8220;https:\/\/borgosgarabiarelais.it\/wp-content\/uploads\/2026\/03\/2_Borghi-storici.jpg&#8220; title_text=&#8220;2_Historische D\u00f6rfer&#8220; _builder_version=&#8220;4.27.6&#8243; _module_preset=&#8220;default&#8220; custom_margin=&#8220;||10px|||&#8220; global_colors_info=&#8220;{}&#8220;][\/et_pb_image][\/et_pb_column][et_pb_column type=&#8220;1_2&#8243; _builder_version=&#8220;4.27.6&#8243; _module_preset=&#8220;default&#8220; global_colors_info=&#8220;{}&#8220;][et_pb_text _builder_version=&#8220;4.27.6&#8243; _module_preset=&#8220;default&#8220; width=&#8220;100%&#8220; custom_padding=&#8220;||0px|||&#8220; hover_enabled=&#8220;0&#8243; locked=&#8220;off&#8220; inline_fonts=&#8220;Noto Sans,Noto Serif&#8220; global_colors_info=&#8220;{}&#8220; sticky_enabled=&#8220;0&#8243;]<\/p>\n<ul>\n<li>\n<p align=\"justify\" style=\"line-height: 116%; margin-bottom: 0.11in;\"><span style=\"font-family: Noto Serif;\"><b>Casa Museo di Enzo Ferrari in Maranello (kleinere Sammlungen und lokale Routen)<\/b>, oft Teil vertiefender Kulturreisen zur Geschichte der Region<\/span><\/p>\n<\/li>\n<li>\n<p align=\"justify\" style=\"line-height: 116%; margin-bottom: 0.11in;\"><span style=\"font-family: Noto Serif;\"><b>Historische Pfade zwischen romanischen Kirchen und l\u00e4ndlichen Oratorien<\/b>, die in den H\u00fcgeln von Modena verteilt sind und mittelalterliche Architektur inmitten der Landschaft zeigen<\/span><\/p>\n<\/li>\n<\/ul>\n<p align=\"justify\" style=\"line-height: 116%; margin-bottom: 0.11in;\"><span style=\"font-family: Noto Serif;\">Neben den Museen bietet das Gebiet auch thematische Kulturrouten an, die bei Besuchern sehr gefragt sind:<\/span><\/p>\n<ul>\n<li>\n<p align=\"justify\" style=\"line-height: 116%; margin-bottom: 0.11in;\"><span style=\"font-family: Noto Serif;\">Rundwege zwischen romanischen Kirchen und Abteien<\/span><\/p>\n<\/li>\n<li>\n<p align=\"justify\" style=\"line-height: 116%; margin-bottom: 0.11in;\"><span style=\"font-family: Noto Serif;\">Routen zwischen historischen Villen und landwirtschaftlichen Residenzen<\/span><\/p>\n<\/li>\n<li>\n<p align=\"justify\" style=\"line-height: 116%; margin-bottom: 0.11in;\"><span style=\"font-family: Noto Serif;\">Kulturwanderwege zwischen H\u00fcgeld\u00f6rfern und Weinbergen<\/span><\/p>\n<\/li>\n<li>\n<p align=\"justify\" style=\"line-height: 116%; margin-bottom: 0.11in;\"><span style=\"font-family: Noto Serif;\">Saisonale kulturelle Veranstaltungen, lokale Ausstellungen und dezentrale Festivals<\/span><\/p>\n<\/li>\n<\/ul>\n<p align=\"justify\" style=\"line-height: 116%; margin-bottom: 0.11in;\"><span style=\"font-family: Noto Serif;\">Der Borgo kann gef\u00fchrte Besichtigungen und ma\u00dfgeschneiderte Routen organisieren oder personalisierte Wege vorschlagen, damit du dieses Netzwerk aus weniger bekannten, aber au\u00dfergew\u00f6hnlich geschichtstr\u00e4chtigen Orten voller Traditionen und authentischer Atmosph\u00e4re entdecken kannst.<\/span><\/p>\n<p align=\"justify\" style=\"line-height: 116%; margin-bottom: 0.11in;\"><span style=\"font-family: Noto Serif;\">Eine andere Art, Kultur zu erleben: intimer, echter.<\/span><\/p>\n<p>[\/et_pb_text][et_pb_image src=&#8220;https:\/\/borgosgarabiarelais.it\/wp-content\/uploads\/2026\/03\/4_Musei-e-percorsi-cluturali-scaled.jpeg&#8220; title_text=&#8220;Modena, Italien, 25. Mai 2014, MEF Ferrari Hausmuseum Enzo Ferrari Haus und mechanische Werkstatt, Au\u00dfenansicht.&#8220; _builder_version=&#8220;4.27.6&#8243; _module_preset=&#8220;default&#8220; global_colors_info=&#8220;{}&#8220;][\/et_pb_image][\/et_pb_column][\/et_pb_row][\/et_pb_section]<\/p>\n","protected":false},"excerpt":{"rendered":"<p>Kunst und KulturEin Erbe, das es zwischen D\u00f6rfern, Schl\u00f6ssern und Kunstst\u00e4dten zu entdecken giltDas Gebiet rund um Borgo Sgarab\u00eca bietet eine au\u00dfergew\u00f6hnliche Dichte an historischen und kulturellen Orten, die bei italienischen und internationalen Besuchern gleicherma\u00dfen beliebt sind. In nur wenigen Kilometern gelangst du von perfekt erhaltenen mittelalterlichen D\u00f6rfern zu herzoglichen Residenzen, von Panoramaschl\u00f6ssern zu Museen [&hellip;]<\/p>\n","protected":false},"author":4,"featured_media":0,"parent":0,"menu_order":0,"comment_status":"closed","ping_status":"closed","template":"","meta":{"_et_pb_use_builder":"on","_et_pb_old_content":"","_et_gb_content_width":"","iawp_total_views":0,"footnotes":""},"class_list":["post-1737","page","type-page","status-publish","hentry"],"_links":{"self":[{"href":"https:\/\/borgosgarabiarelais.it\/de\/wp-json\/wp\/v2\/pages\/1737","targetHints":{"allow":["GET"]}}],"collection":[{"href":"https:\/\/borgosgarabiarelais.it\/de\/wp-json\/wp\/v2\/pages"}],"about":[{"href":"https:\/\/borgosgarabiarelais.it\/de\/wp-json\/wp\/v2\/types\/page"}],"author":[{"embeddable":true,"href":"https:\/\/borgosgarabiarelais.it\/de\/wp-json\/wp\/v2\/users\/4"}],"replies":[{"embeddable":true,"href":"https:\/\/borgosgarabiarelais.it\/de\/wp-json\/wp\/v2\/comments?post=1737"}],"version-history":[{"count":4,"href":"https:\/\/borgosgarabiarelais.it\/de\/wp-json\/wp\/v2\/pages\/1737\/revisions"}],"predecessor-version":[{"id":1744,"href":"https:\/\/borgosgarabiarelais.it\/de\/wp-json\/wp\/v2\/pages\/1737\/revisions\/1744"}],"wp:attachment":[{"href":"https:\/\/borgosgarabiarelais.it\/de\/wp-json\/wp\/v2\/media?parent=1737"}],"curies":[{"name":"wp","href":"https:\/\/api.w.org\/{rel}","templated":true}]}}