{"id":1709,"date":"2026-03-20T10:20:41","date_gmt":"2026-03-20T09:20:41","guid":{"rendered":"https:\/\/borgosgarabiarelais.it\/motoren\/"},"modified":"2026-04-11T20:46:32","modified_gmt":"2026-04-11T18:46:32","slug":"motoren","status":"publish","type":"page","link":"https:\/\/borgosgarabiarelais.it\/de\/motoren\/","title":{"rendered":"MOTOREN"},"content":{"rendered":"<p>[et_pb_section fb_built=&#8220;1&#8243; admin_label=&#8220;Header&#8220; _builder_version=&#8220;4.27.6&#8243; _module_preset=&#8220;default&#8220; use_background_color_gradient=&#8220;on&#8220; background_color_gradient_direction=&#8220;133deg&#8220; background_color_gradient_stops=&#8220;rgba(0,0,0,0.43) 0%|rgba(0,0,0,0.25) 100%&#8220; background_color_gradient_overlays_image=&#8220;on&#8220; background_image=&#8220;https:\/\/borgosgarabiarelais.it\/wp-content\/uploads\/2026\/03\/motori_1.jpeg&#8220; custom_padding=&#8220;14px||116px|||&#8220; locked=&#8220;off&#8220; collapsed=&#8220;on&#8220; global_colors_info=&#8220;{}&#8220;][et_pb_row _builder_version=&#8220;4.27.5&#8243; _module_preset=&#8220;default&#8220; width=&#8220;90%&#8220; max_width=&#8220;2560px&#8220; global_colors_info=&#8220;{}&#8220;][et_pb_column type=&#8220;4_4&#8243; _builder_version=&#8220;4.22.0&#8243; _module_preset=&#8220;default&#8220; custom_padding=&#8220;60px||60px||true|false&#8220; custom_padding_tablet=&#8220;0px||0px||true|false&#8220; custom_padding_phone=&#8220;0px||0px||true|false&#8220; custom_padding_last_edited=&#8220;on|desktop&#8220; global_colors_info=&#8220;{}&#8220;][et_pb_text _builder_version=&#8220;4.27.6&#8243; _module_preset=&#8220;c79a7595-4993-4ea6-9ec4-09e08a53c0be&#8220; header_text_color=&#8220;#FFFFFF&#8220; header_font_size=&#8220;62px&#8220; header_font_size_tablet=&#8220;62px&#8220; header_font_size_phone=&#8220;48px&#8220; header_font_size_last_edited=&#8220;on|phone&#8220; global_colors_info=&#8220;{}&#8220;]<\/p>\n<h1 style=\"text-align: center;\">Motoren<\/h1>\n<p>[\/et_pb_text][\/et_pb_column][\/et_pb_row][\/et_pb_section][et_pb_section fb_built=&#8220;1&#8243; disabled_on=&#8220;off|off|off&#8220; admin_label=&#8220;Services&#8220; _builder_version=&#8220;4.24.2&#8243; _module_preset=&#8220;default&#8220; background_color=&#8220;rgba(51,23,16,0.44)&#8220; custom_padding=&#8220;2px||9px|||&#8220; locked=&#8220;off&#8220; collapsed=&#8220;on&#8220; global_colors_info=&#8220;{}&#8220;][et_pb_row column_structure=&#8220;1_2,1_2&#8243; _builder_version=&#8220;4.27.4&#8243; _module_preset=&#8220;default&#8220; background_enable_color=&#8220;off&#8220; width=&#8220;74.2%&#8220; max_width=&#8220;2560px&#8220; custom_margin=&#8220;0px|auto|-33px|auto|false|false&#8220; custom_padding=&#8220;40px||40px||true|false&#8220; locked=&#8220;off&#8220; global_colors_info=&#8220;{}&#8220;][et_pb_column type=&#8220;1_2&#8243; _builder_version=&#8220;4.17.6&#8243; _module_preset=&#8220;default&#8220; global_colors_info=&#8220;{}&#8220;][et_pb_text content_tablet=&#8220;Die Seele der H\u00e4user<br \/>\nvon Borgo Sgarab\u00eca&#8220; content_phone=&#8220;Die Seele der H\u00e4user<br \/>\nvon Borgo Sgarab\u00eca&#8220; content_last_edited=&#8220;on|phone&#8220; _builder_version=&#8220;4.27.6&#8243; _module_preset=&#8220;default&#8220; text_text_color=&#8220;#fffaf0&#8243; text_font_size=&#8220;35px&#8220; text_line_height=&#8220;1.5em&#8220; width=&#8220;100%&#8220; custom_margin=&#8220;||21px|||&#8220; text_font_size_tablet=&#8220;35px&#8220; text_font_size_phone=&#8220;30px&#8220; text_font_size_last_edited=&#8220;on|phone&#8220; locked=&#8220;off&#8220; global_colors_info=&#8220;{}&#8220;]<\/p>\n<p>Im Herzen des Motor Valley, wo Leidenschaft zu Hoffnung wird<\/p>\n<p>[\/et_pb_text][\/et_pb_column][et_pb_column type=&#8220;1_2&#8243; _builder_version=&#8220;4.17.6&#8243; _module_preset=&#8220;default&#8220; global_colors_info=&#8220;{}&#8220;][et_pb_text _builder_version=&#8220;4.27.6&#8243; _module_preset=&#8220;default&#8220; text_text_color=&#8220;#fffaf0&#8243; text_line_height=&#8220;1.8em&#8220; width=&#8220;100%&#8220; inline_fonts=&#8220;Noto Sans,Noto Serif&#8220; global_colors_info=&#8220;{}&#8220;]<\/p>\n<p align=\"justify\" style=\"line-height: 116%; margin-bottom: 0.11in;\"><span style=\"font-family: Noto Serif;\">Das Borgo liegt in einer der weltweit ikonischsten Regionen f\u00fcr Automobilkultur: ein Gebiet, in dem Einfallsreichtum, Geschwindigkeit und Design legend\u00e4re Marken und eine einzigartige Motorsporttradition hervorgebracht haben.<br \/>Hier ist der Motor nicht nur Technologie, sondern Identit\u00e4t, Geschichte und lokaler Stolz. Deshalb bietet das Borgo seinen G\u00e4sten ausgew\u00e4hlte und personalisierbare Erlebnisse an, die den Besuch in ein authentisches Eintauchen in das Motor Valley verwandeln. <\/span><\/p>\n<p>[\/et_pb_text][\/et_pb_column][\/et_pb_row][\/et_pb_section][et_pb_section fb_built=&#8220;1&#8243; _builder_version=&#8220;4.27.6&#8243; _module_preset=&#8220;default&#8220; custom_padding=&#8220;||56px|||&#8220; border_width_top=&#8220;1px&#8220; border_color_top=&#8220;#c5b17a&#8220; border_width_bottom=&#8220;1px&#8220; border_color_bottom=&#8220;#c5b17a&#8220; locked=&#8220;off&#8220; global_colors_info=&#8220;{}&#8220;][et_pb_row column_structure=&#8220;1_2,1_2&#8243; use_custom_gutter=&#8220;on&#8220; make_equal=&#8220;on&#8220; _builder_version=&#8220;4.27.5&#8243; _module_preset=&#8220;default&#8220; max_width=&#8220;2503px&#8220; custom_padding=&#8220;||46px|||&#8220; global_colors_info=&#8220;{}&#8220;][et_pb_column type=&#8220;1_2&#8243; _builder_version=&#8220;4.24.2&#8243; _module_preset=&#8220;default&#8220; global_colors_info=&#8220;{}&#8220;][et_pb_image src=&#8220;https:\/\/borgosgarabiarelais.it\/wp-content\/uploads\/2026\/03\/2_Esperienze-su-pista-scaled.jpg&#8220; title_text=&#8220;2_Erlebnisse auf der Rennstrecke&#8220; align=&#8220;center&#8220; _builder_version=&#8220;4.27.6&#8243; _module_preset=&#8220;default&#8220; width=&#8220;69%&#8220; custom_margin=&#8220;||10px|||&#8220; global_colors_info=&#8220;{}&#8220;][\/et_pb_image][\/et_pb_column][et_pb_column type=&#8220;1_2&#8243; _builder_version=&#8220;4.24.2&#8243; _module_preset=&#8220;default&#8220; global_colors_info=&#8220;{}&#8220;][et_pb_text _builder_version=&#8220;4.27.6&#8243; _module_preset=&#8220;078abda9-5fbf-495a-aa0b-09dd4af1a1ca&#8220; header_2_font=&#8220;Noto Serif|700|||||||&#8220; header_2_text_color=&#8220;#E09900&#8243; header_2_font_size=&#8220;15px&#8220; custom_margin=&#8220;0px||0px||true|false&#8220; custom_padding=&#8220;0px||0px||true|false&#8220; locked=&#8220;off&#8220; global_colors_info=&#8220;{}&#8220;]<\/p>\n<h2><span style=\"color: #aa8f59; font-family: Noto Serif; font-size: 19px\">Erlebnisse auf der Rennstrecke \/ Thementouren<\/span><\/h2>\n<p>[\/et_pb_text][et_pb_text _builder_version=&#8220;4.27.6&#8243; _module_preset=&#8220;default&#8220; text_text_color=&#8220;#000000&#8243; text_font_size=&#8220;35px&#8220; text_line_height=&#8220;45.5px&#8220; custom_margin=&#8220;|1px|29px||false|false&#8220; global_colors_info=&#8220;{}&#8220;]<\/p>\n<h1>Von der Rennstrecke auf die Stra\u00dfe: Erlebe die Faszination des Fahrens<\/h1>\n<p>[\/et_pb_text][et_pb_text _builder_version=&#8220;4.27.6&#8243; _module_preset=&#8220;default&#8220; width=&#8220;96%&#8220; hover_enabled=&#8220;0&#8243; inline_fonts=&#8220;Noto Serif&#8220; global_colors_info=&#8220;{}&#8220; sticky_enabled=&#8220;0&#8243;]<\/p>\n<p align=\"justify\" style=\"line-height: 116%; margin-bottom: 0.11in;\"><span style=\"font-family: Noto Serif;\"><br \/>F\u00fcr alle, die das Motor Valley aktiv und hautnah entdecken m\u00f6chten, organisiert das Borgo Fahrerlebnisse und Thementouren, die Adrenalin, Landschaft und Motorsportkultur vereinen.<br \/>G\u00e4ste k\u00f6nnen Driving Experiences auf der Rennstrecke mit Hochleistungssportwagen erleben, begleitet von professionellen Instruktoren, die durch jede Phase des Erlebnisses f\u00fchren: technisches Briefing, Streckenkenntnis, Fahrsessions und abschlie\u00dfende Analyse.<br \/>Neben der Rennstrecke werden Stra\u00dfentouren durch H\u00fcgel, \u00fcber Panoramastra\u00dfen und zu symboltr\u00e4chtigen Orten der lokalen Automobiltradition angeboten. Die gef\u00fchrten Routen lassen dich historische Werkst\u00e4tten, ikonische Landschaften und Etappen der Motorenkultur entdecken.<br \/>Die Erlebnisse k\u00f6nnen Fotoshootings, technische Begleitung, exklusive Transfers und ma\u00dfgeschneiderte Programme f\u00fcr Einzelg\u00e4ste, Paare oder Firmengruppen beinhalten.<br \/>Eine einzigartige Gelegenheit, das Motor Valley nicht nur als Besucher, sondern als Protagonist zu erleben.<br \/><\/span><\/p>\n<p>[\/et_pb_text][\/et_pb_column][\/et_pb_row][\/et_pb_section][et_pb_section fb_built=&#8220;1&#8243; _builder_version=&#8220;4.27.6&#8243; _module_preset=&#8220;default&#8220; background_color=&#8220;#efefd2&#8243; custom_padding=&#8220;||56px|||&#8220; border_width_top=&#8220;1px&#8220; border_color_top=&#8220;#c5b17a&#8220; border_width_bottom=&#8220;1px&#8220; border_color_bottom=&#8220;#c5b17a&#8220; locked=&#8220;off&#8220; global_colors_info=&#8220;{}&#8220;][et_pb_row column_structure=&#8220;1_2,1_2&#8243; use_custom_gutter=&#8220;on&#8220; make_equal=&#8220;on&#8220; _builder_version=&#8220;4.27.5&#8243; _module_preset=&#8220;default&#8220; max_width=&#8220;2503px&#8220; custom_padding=&#8220;||46px|||&#8220; global_colors_info=&#8220;{}&#8220;][et_pb_column type=&#8220;1_2&#8243; _builder_version=&#8220;4.24.2&#8243; _module_preset=&#8220;default&#8220; global_colors_info=&#8220;{}&#8220;][et_pb_text _builder_version=&#8220;4.27.6&#8243; _module_preset=&#8220;078abda9-5fbf-495a-aa0b-09dd4af1a1ca&#8220; header_2_font=&#8220;Noto Serif|700|||||||&#8220; header_2_text_color=&#8220;#E09900&#8243; header_2_font_size=&#8220;15px&#8220; custom_margin=&#8220;0px||0px||true|false&#8220; custom_padding=&#8220;0px||0px||true|false&#8220; locked=&#8220;off&#8220; global_colors_info=&#8220;{}&#8220;]<\/p>\n<h2><span style=\"color: #aa8f59; font-family: Noto Serif; font-size: 19px\">Ferrari-, Lamborghini- und Pagani-Museen<\/span><\/h2>\n<p>[\/et_pb_text][et_pb_text _builder_version=&#8220;4.27.6&#8243; _module_preset=&#8220;default&#8220; text_text_color=&#8220;#000000&#8243; text_font_size=&#8220;35px&#8220; text_line_height=&#8220;45.5px&#8220; custom_margin=&#8220;|1px|29px||false|false&#8220; global_colors_info=&#8220;{}&#8220;]<\/p>\n<h1>Wo der Mythos Form annimmt<\/h1>\n<p>[\/et_pb_text][et_pb_text _builder_version=&#8220;4.27.6&#8243; _module_preset=&#8220;default&#8220; width=&#8220;96%&#8220; hover_enabled=&#8220;0&#8243; inline_fonts=&#8220;Noto Serif&#8220; global_colors_info=&#8220;{}&#8220; sticky_enabled=&#8220;0&#8243;]<\/p>\n<p align=\"justify\" style=\"line-height: 116%; margin-bottom: 0.11in;\"><span style=\"font-family: Noto Serif;\"><span style=\"font-family: Arial, sans-serif;\">Nur eine kurze Fahrt vom Borgo entfernt befinden sich die ber\u00fchmtesten Automobilmuseen der Welt \u2013 H\u00fcter der Geschichte, Innovation und des Designs, die das Motor Valley zu einem internationalen Bezugspunkt gemacht haben.<br \/>Ein Besuch dieser Orte bedeutet, Sammlungen ikonischer Modelle, Prototypen, Rennwagen und Multimedia-Installationen zu durchqueren, welche die Entwicklung der italienischen Automobiltechnik erz\u00e4hlen.<br \/>Das Borgo kann personalisierte Routen zwischen den Museen, F\u00fchrungen, bevorzugten Einlass und kombinierte Touren mit anderen Erlebnissen der Region organisieren, um G\u00e4sten einen intensiven Tag in der Geschichte der gro\u00dfen Marken der italienischen Mechanik zu bieten.<br \/>Eine emotionale Reise zwischen Innovation, \u00c4sthetik und Leidenschaft, die Fans und Besucher jeden Alters fasziniert.<\/span><\/span><\/p>\n<p>[\/et_pb_text][\/et_pb_column][et_pb_column type=&#8220;1_2&#8243; _builder_version=&#8220;4.24.2&#8243; _module_preset=&#8220;default&#8220; global_colors_info=&#8220;{}&#8220;][et_pb_image src=&#8220;https:\/\/borgosgarabiarelais.it\/wp-content\/uploads\/2026\/03\/3_Musei-Ferrari-Lamborghini-Pagani-scaled.jpg&#8220; title_text=&#8220;3_Ferrari-, Lamborghini- und Pagani-Museen&#8220; align=&#8220;center&#8220; _builder_version=&#8220;4.27.6&#8243; _module_preset=&#8220;default&#8220; width=&#8220;69%&#8220; custom_margin=&#8220;||10px|||&#8220; global_colors_info=&#8220;{}&#8220;][\/et_pb_image][\/et_pb_column][\/et_pb_row][\/et_pb_section]<\/p>\n","protected":false},"excerpt":{"rendered":"<p>MotorenIm Herzen des Motor Valley, wo Leidenschaft zu Hoffnung wirdDas Borgo liegt in einer der weltweit ikonischsten Regionen f\u00fcr Automobilkultur: ein Gebiet, in dem Einfallsreichtum, Geschwindigkeit und Design legend\u00e4re Marken und eine einzigartige Motorsporttradition hervorgebracht haben.Hier ist der Motor nicht nur Technologie, sondern Identit\u00e4t, Geschichte und lokaler Stolz. Deshalb bietet das Borgo seinen G\u00e4sten ausgew\u00e4hlte [&hellip;]<\/p>\n","protected":false},"author":4,"featured_media":0,"parent":0,"menu_order":0,"comment_status":"closed","ping_status":"closed","template":"","meta":{"_et_pb_use_builder":"on","_et_pb_old_content":"","_et_gb_content_width":"","iawp_total_views":0,"footnotes":""},"class_list":["post-1709","page","type-page","status-publish","hentry"],"_links":{"self":[{"href":"https:\/\/borgosgarabiarelais.it\/de\/wp-json\/wp\/v2\/pages\/1709","targetHints":{"allow":["GET"]}}],"collection":[{"href":"https:\/\/borgosgarabiarelais.it\/de\/wp-json\/wp\/v2\/pages"}],"about":[{"href":"https:\/\/borgosgarabiarelais.it\/de\/wp-json\/wp\/v2\/types\/page"}],"author":[{"embeddable":true,"href":"https:\/\/borgosgarabiarelais.it\/de\/wp-json\/wp\/v2\/users\/4"}],"replies":[{"embeddable":true,"href":"https:\/\/borgosgarabiarelais.it\/de\/wp-json\/wp\/v2\/comments?post=1709"}],"version-history":[{"count":6,"href":"https:\/\/borgosgarabiarelais.it\/de\/wp-json\/wp\/v2\/pages\/1709\/revisions"}],"predecessor-version":[{"id":1730,"href":"https:\/\/borgosgarabiarelais.it\/de\/wp-json\/wp\/v2\/pages\/1709\/revisions\/1730"}],"wp:attachment":[{"href":"https:\/\/borgosgarabiarelais.it\/de\/wp-json\/wp\/v2\/media?parent=1709"}],"curies":[{"name":"wp","href":"https:\/\/api.w.org\/{rel}","templated":true}]}}